{"id":274502,"date":"2025-06-08T06:06:13","date_gmt":"2025-06-08T06:06:13","guid":{"rendered":"https:\/\/design.crysound.com\/product\/microphone-de-champ-libre-cry3101-1-prepolarise-50-mv-pa\/"},"modified":"2025-06-08T06:06:13","modified_gmt":"2025-06-08T06:06:13","slug":"microphone-de-champ-libre-cry3101-1-prepolarise-50-mv-pa","status":"publish","type":"product","link":"https:\/\/design.crysound.com\/fr\/product\/microphone-de-champ-libre-cry3101-1-prepolarise-50-mv-pa\/","title":{"rendered":"Microphone de champ libre CRY3101, 1&Prime;, pr\u00e9polaris\u00e9, 50 mV\/Pa"},"content":{"rendered":"<p>Le CRY3101 est un microphone de mesure pr\u00e9polaris\u00e9 de 1 pouce pour champ libre, sp\u00e9cialement con\u00e7u pour des essais acoustiques sensibles dans des environnements \u00e0 faible bruit tels que les chambres an\u00e9cho\u00efques et les salles calmes.<\/p>\n<p>Il est \u00e9galement largement applicable dans divers domaines n\u00e9cessitant des essais acoustiques pr\u00e9cis, la recherche en conception acoustique et les essais d\u2019\u00e9talonnage d\u2019\u00e9quipements audio, y compris les haut-parleurs.<\/p>\n","protected":false},"excerpt":{"rendered":"<p>Le CRY3101 est un microphone de mesure pr\u00e9polaris\u00e9 de 1 pouce pour champ libre, sp\u00e9cialement con\u00e7u pour des essais acoustiques sensibles dans des environnements \u00e0 faible bruit tels que les chambres an\u00e9cho\u00efques et les salles calmes.<\/p>\n<p>Il est \u00e9galement largement applicable dans divers domaines n\u00e9cessitant des essais acoustiques pr\u00e9cis, la recherche en conception acoustique et les essais d\u2019\u00e9talonnage d\u2019\u00e9quipements audio, y compris les haut-parleurs.<\/p>\n","protected":false},"featured_media":270434,"template":"","meta":{"_acf_changed":false,"_eb_attr":"","content-type":""},"product_brand":[],"product_cat":[540,536],"product_tag":[],"class_list":{"0":"post-274502","1":"product","2":"type-product","3":"status-publish","4":"has-post-thumbnail","6":"product_cat-capsule-de-microphone","7":"product_cat-capteurs","9":"first","10":"instock","11":"shipping-taxable","12":"product-type-simple"},"acf":[],"_links":{"self":[{"href":"https:\/\/design.crysound.com\/fr\/wp-json\/wp\/v2\/product\/274502","targetHints":{"allow":["GET"]}}],"collection":[{"href":"https:\/\/design.crysound.com\/fr\/wp-json\/wp\/v2\/product"}],"about":[{"href":"https:\/\/design.crysound.com\/fr\/wp-json\/wp\/v2\/types\/product"}],"wp:featuredmedia":[{"embeddable":true,"href":"https:\/\/design.crysound.com\/fr\/wp-json\/wp\/v2\/media\/270434"}],"wp:attachment":[{"href":"https:\/\/design.crysound.com\/fr\/wp-json\/wp\/v2\/media?parent=274502"}],"wp:term":[{"taxonomy":"product_brand","embeddable":true,"href":"https:\/\/design.crysound.com\/fr\/wp-json\/wp\/v2\/product_brand?post=274502"},{"taxonomy":"product_cat","embeddable":true,"href":"https:\/\/design.crysound.com\/fr\/wp-json\/wp\/v2\/product_cat?post=274502"},{"taxonomy":"product_tag","embeddable":true,"href":"https:\/\/design.crysound.com\/fr\/wp-json\/wp\/v2\/product_tag?post=274502"}],"curies":[{"name":"wp","href":"https:\/\/api.w.org\/{rel}","templated":true}]}}