{"id":274501,"date":"2025-06-06T03:54:00","date_gmt":"2025-06-06T03:54:00","guid":{"rendered":"https:\/\/design.crysound.com\/product\/ensemble-de-microphone-en-champ-de-pression-cry3404-s01-1-4-056-mv-pa\/"},"modified":"2025-06-06T03:54:00","modified_gmt":"2025-06-06T03:54:00","slug":"ensemble-de-microphone-en-champ-de-pression-cry3404-s01-1-4-056-mv-pa","status":"publish","type":"product","link":"https:\/\/design.crysound.com\/fr\/product\/ensemble-de-microphone-en-champ-de-pression-cry3404-s01-1-4-056-mv-pa\/","title":{"rendered":"Ensemble de microphone en champ de pression CRY3404-S01, 1\/4&Prime;, 0,56 mV\/Pa"},"content":{"rendered":"<p>Le CRY3404-S01 est un ensemble de microphone de mesure pr\u00e9polaris\u00e9 en champ de pression de 1\/4 de pouce avec pr\u00e9amplificateur, con\u00e7u sp\u00e9cialement pour les mesures acoustiques \u00e0 tr\u00e8s haut niveau de pression sonore.<\/p>\n<p>La conception unique du CRY3404-S01 lui permet d\u2019effectuer des tests acoustiques dans des environnements \u00e0 niveau de pression sonore extr\u00eamement \u00e9lev\u00e9, avec une capacit\u00e9 de supporter des niveaux atteignant jusqu\u2019\u00e0 175 dB. Il est particuli\u00e8rement adapt\u00e9 \u00e0 la mesure des caract\u00e9ristiques sonores dans des environnements tr\u00e8s bruyants, ainsi qu\u2019\u00e0 l\u2019\u00e9valuation et \u00e0 l\u2019optimisation des environnements acoustiques.<\/p>\n","protected":false},"excerpt":{"rendered":"<p>Ensemble de microphone en champ de pression CRY3404-S01, 1\/4&Prime;, 0,56 mV\/Pa<\/p>\n","protected":false},"featured_media":270274,"template":"","meta":{"_acf_changed":false,"_eb_attr":"","content-type":""},"product_brand":[],"product_cat":[536,537],"product_tag":[],"class_list":{"0":"post-274501","1":"product","2":"type-product","3":"status-publish","4":"has-post-thumbnail","6":"product_cat-capteurs","7":"product_cat-ensemble-de-microphone","9":"first","10":"instock","11":"shipping-taxable","12":"product-type-simple"},"acf":[],"_links":{"self":[{"href":"https:\/\/design.crysound.com\/fr\/wp-json\/wp\/v2\/product\/274501","targetHints":{"allow":["GET"]}}],"collection":[{"href":"https:\/\/design.crysound.com\/fr\/wp-json\/wp\/v2\/product"}],"about":[{"href":"https:\/\/design.crysound.com\/fr\/wp-json\/wp\/v2\/types\/product"}],"wp:featuredmedia":[{"embeddable":true,"href":"https:\/\/design.crysound.com\/fr\/wp-json\/wp\/v2\/media\/270274"}],"wp:attachment":[{"href":"https:\/\/design.crysound.com\/fr\/wp-json\/wp\/v2\/media?parent=274501"}],"wp:term":[{"taxonomy":"product_brand","embeddable":true,"href":"https:\/\/design.crysound.com\/fr\/wp-json\/wp\/v2\/product_brand?post=274501"},{"taxonomy":"product_cat","embeddable":true,"href":"https:\/\/design.crysound.com\/fr\/wp-json\/wp\/v2\/product_cat?post=274501"},{"taxonomy":"product_tag","embeddable":true,"href":"https:\/\/design.crysound.com\/fr\/wp-json\/wp\/v2\/product_tag?post=274501"}],"curies":[{"name":"wp","href":"https:\/\/api.w.org\/{rel}","templated":true}]}}