{"id":274495,"date":"2025-06-08T06:14:33","date_gmt":"2025-06-08T06:14:33","guid":{"rendered":"https:\/\/design.crysound.com\/product\/accelerometre-cry446-triaxial-10-mv-g-c2-b1500-g-crete-1-hz-a-5-khz\/"},"modified":"2025-06-08T06:14:33","modified_gmt":"2025-06-08T06:14:33","slug":"accelerometre-cry446-triaxial-10-mv-g-c2-b1500-g-crete-1-hz-a-5-khz","status":"publish","type":"product","link":"https:\/\/design.crysound.com\/fr\/product\/accelerometre-cry446-triaxial-10-mv-g-c2-b1500-g-crete-1-hz-a-5-khz\/","title":{"rendered":"Acc\u00e9l\u00e9rom\u00e8tre CRY446, triaxial, 10 mV\/g, \u00b1500 g cr\u00eate, 1 Hz \u00e0 5 kHz"},"content":{"rendered":"<p>Le CRY446 est un capteur d\u2019acc\u00e9l\u00e9ration triaxial miniature avec une sortie lat\u00e9rale 1\/4-28 (4 broches). Il peut \u00eatre utilis\u00e9 pour mesurer de petits mouvements dans la recherche de laboratoire et scientifique, et peut \u00e9galement \u00eatre utilis\u00e9 pour surveiller en continu l\u2019\u00e9tat vibratoire des \u00e9quipements industriels.<\/p>\n<p>Le CRY446 peut \u00eatre \u00e9quip\u00e9 de c\u00e2bles blind\u00e9s arm\u00e9s pour mesurer des param\u00e8tres de vibration tels que l\u2019acc\u00e9l\u00e9ration, la vitesse et le d\u00e9placement dans des conditions de fortes interf\u00e9rences, par exemple dans les environnements industriels et de production d\u2019\u00e9nergie \u00e9lectrique.<\/p>\n","protected":false},"excerpt":{"rendered":"<p>Le CRY446 est un capteur d\u2019acc\u00e9l\u00e9ration triaxial miniature avec une sortie lat\u00e9rale 1\/4-28 (4 broches). Il peut \u00eatre utilis\u00e9 pour mesurer de petits mouvements dans la recherche de laboratoire et scientifique, et peut \u00e9galement \u00eatre utilis\u00e9 pour surveiller en continu l\u2019\u00e9tat vibratoire des \u00e9quipements industriels.<\/p>\n<p>\u200d<\/p>\n<p>Le CRY446 peut \u00eatre \u00e9quip\u00e9 de c\u00e2bles blind\u00e9s arm\u00e9s pour mesurer des param\u00e8tres de vibration tels que l\u2019acc\u00e9l\u00e9ration, la vitesse et le d\u00e9placement dans des conditions de fortes interf\u00e9rences, par exemple dans les environnements industriels et de production d\u2019\u00e9nergie \u00e9lectrique.<\/p>\n","protected":false},"featured_media":270432,"template":"","meta":{"_acf_changed":false,"_eb_attr":"","content-type":""},"product_brand":[],"product_cat":[572,536],"product_tag":[],"class_list":{"0":"post-274495","1":"product","2":"type-product","3":"status-publish","4":"has-post-thumbnail","6":"product_cat-accelerometre","7":"product_cat-capteurs","9":"first","10":"instock","11":"shipping-taxable","12":"product-type-simple"},"acf":[],"_links":{"self":[{"href":"https:\/\/design.crysound.com\/fr\/wp-json\/wp\/v2\/product\/274495","targetHints":{"allow":["GET"]}}],"collection":[{"href":"https:\/\/design.crysound.com\/fr\/wp-json\/wp\/v2\/product"}],"about":[{"href":"https:\/\/design.crysound.com\/fr\/wp-json\/wp\/v2\/types\/product"}],"wp:featuredmedia":[{"embeddable":true,"href":"https:\/\/design.crysound.com\/fr\/wp-json\/wp\/v2\/media\/270432"}],"wp:attachment":[{"href":"https:\/\/design.crysound.com\/fr\/wp-json\/wp\/v2\/media?parent=274495"}],"wp:term":[{"taxonomy":"product_brand","embeddable":true,"href":"https:\/\/design.crysound.com\/fr\/wp-json\/wp\/v2\/product_brand?post=274495"},{"taxonomy":"product_cat","embeddable":true,"href":"https:\/\/design.crysound.com\/fr\/wp-json\/wp\/v2\/product_cat?post=274495"},{"taxonomy":"product_tag","embeddable":true,"href":"https:\/\/design.crysound.com\/fr\/wp-json\/wp\/v2\/product_tag?post=274495"}],"curies":[{"name":"wp","href":"https:\/\/api.w.org\/{rel}","templated":true}]}}