{"id":274494,"date":"2025-06-06T04:18:53","date_gmt":"2025-06-06T04:18:53","guid":{"rendered":"https:\/\/design.crysound.com\/product\/ensemble-de-microphone-en-champ-de-pression-cry3406-s01-1-4-158-mv-pa\/"},"modified":"2025-06-06T04:18:53","modified_gmt":"2025-06-06T04:18:53","slug":"ensemble-de-microphone-en-champ-de-pression-cry3406-s01-1-4-158-mv-pa","status":"publish","type":"product","link":"https:\/\/design.crysound.com\/fr\/product\/ensemble-de-microphone-en-champ-de-pression-cry3406-s01-1-4-158-mv-pa\/","title":{"rendered":"Ensemble de microphone en champ de pression CRY3406-S01, 1\/4&Prime;, 15,8 mV\/Pa"},"content":{"rendered":"<p>Le CRY3406-S01 est un ensemble pr\u00e9polaris\u00e9 de microphone de mesure en champ de pression de 1\/4 de pouce avec pr\u00e9amplificateur, sp\u00e9cialement con\u00e7u pour les essais acoustiques sensibles dans des environnements \u00e0 faible bruit.<\/p>\n<p>Le CRY3406-S01 se caract\u00e9rise par une conception unique qui r\u00e9duit au minimum le bruit propre, garantissant des mesures claires et pr\u00e9cises. Gr\u00e2ce \u00e0 sa capacit\u00e9 \u00e0 supporter des niveaux de pression acoustique allant jusqu\u2019\u00e0 148 dB, c\u2019est un ensemble de microphone de mesure polyvalent exceptionnel, id\u00e9al pour l\u2019analyse audio haute d\u00e9finition et diverses applications acoustiques.<\/p>\n","protected":false},"excerpt":{"rendered":"<p>Le CRY3406-S01 est un ensemble pr\u00e9polaris\u00e9 de microphone de mesure en champ de pression de 1\/4 de pouce avec pr\u00e9amplificateur, sp\u00e9cialement con\u00e7u pour les essais acoustiques sensibles dans des environnements \u00e0 faible bruit.<\/p>\n<p>Le CRY3406-S01 se caract\u00e9rise par une conception unique qui r\u00e9duit au minimum le bruit propre, garantissant des mesures claires et pr\u00e9cises. Gr\u00e2ce \u00e0 sa capacit\u00e9 \u00e0 supporter des niveaux de pression acoustique allant jusqu\u2019\u00e0 148 dB, c\u2019est un ensemble de microphone de mesure polyvalent exceptionnel, id\u00e9al pour l\u2019analyse audio haute d\u00e9finition et diverses applications acoustiques.<\/p>\n","protected":false},"featured_media":270271,"template":"","meta":{"_acf_changed":false,"_eb_attr":"","content-type":""},"product_brand":[],"product_cat":[536,537],"product_tag":[],"class_list":{"0":"post-274494","1":"product","2":"type-product","3":"status-publish","4":"has-post-thumbnail","6":"product_cat-capteurs","7":"product_cat-ensemble-de-microphone","9":"first","10":"instock","11":"shipping-taxable","12":"product-type-simple"},"acf":[],"_links":{"self":[{"href":"https:\/\/design.crysound.com\/fr\/wp-json\/wp\/v2\/product\/274494","targetHints":{"allow":["GET"]}}],"collection":[{"href":"https:\/\/design.crysound.com\/fr\/wp-json\/wp\/v2\/product"}],"about":[{"href":"https:\/\/design.crysound.com\/fr\/wp-json\/wp\/v2\/types\/product"}],"wp:featuredmedia":[{"embeddable":true,"href":"https:\/\/design.crysound.com\/fr\/wp-json\/wp\/v2\/media\/270271"}],"wp:attachment":[{"href":"https:\/\/design.crysound.com\/fr\/wp-json\/wp\/v2\/media?parent=274494"}],"wp:term":[{"taxonomy":"product_brand","embeddable":true,"href":"https:\/\/design.crysound.com\/fr\/wp-json\/wp\/v2\/product_brand?post=274494"},{"taxonomy":"product_cat","embeddable":true,"href":"https:\/\/design.crysound.com\/fr\/wp-json\/wp\/v2\/product_cat?post=274494"},{"taxonomy":"product_tag","embeddable":true,"href":"https:\/\/design.crysound.com\/fr\/wp-json\/wp\/v2\/product_tag?post=274494"}],"curies":[{"name":"wp","href":"https:\/\/api.w.org\/{rel}","templated":true}]}}