{"id":274493,"date":"2025-06-08T06:44:15","date_gmt":"2025-06-08T06:44:15","guid":{"rendered":"https:\/\/design.crysound.com\/product\/filtre-audio-cry592\/"},"modified":"2025-06-08T06:44:15","modified_gmt":"2025-06-08T06:44:15","slug":"filtre-audio-cry592","status":"publish","type":"product","link":"https:\/\/design.crysound.com\/fr\/product\/filtre-audio-cry592\/","title":{"rendered":"Filtre audio CRY592"},"content":{"rendered":"<p>Le CRY592 est notre tout dernier amplificateur de commutation \u00e0 quatre canaux, con\u00e7u pour connecter les dispositifs en test (DUT) et les analyseurs, en r\u00e9duisant les signaux de commutation hors bande avant la mesure. Ce filtre passif est dot\u00e9 dinductances personnalis\u00e9es, con\u00e7ues pour g\u00e9rer une puissance \u00e9lev\u00e9e avec une distorsion minimale aux basses fr\u00e9quences. De plus, il offre une solution rentable et plus efficace que les amplificateurs traditionnels.<\/p>\n","protected":false},"excerpt":{"rendered":"<p>Le CRY592 est notre tout dernier amplificateur de commutation \u00e0 quatre canaux, con\u00e7u pour connecter les dispositifs en test (DUT) et les analyseurs, en r\u00e9duisant les signaux de commutation hors bande avant la mesure. Ce filtre passif est dot\u00e9 dinductances personnalis\u00e9es, con\u00e7ues pour g\u00e9rer une puissance \u00e9lev\u00e9e avec une distorsion minimale aux basses fr\u00e9quences. De plus, il offre une solution rentable et plus efficace que les amplificateurs traditionnels.<\/p>\n","protected":false},"featured_media":270419,"template":"","meta":{"_acf_changed":false,"_eb_attr":"","content-type":""},"product_brand":[],"product_cat":[529,528],"product_tag":[],"class_list":{"0":"post-274493","1":"product","2":"type-product","3":"status-publish","4":"has-post-thumbnail","6":"product_cat-interface-de-test-audio","7":"product_cat-test-electroacoustique","9":"first","10":"instock","11":"shipping-taxable","12":"product-type-simple"},"acf":[],"_links":{"self":[{"href":"https:\/\/design.crysound.com\/fr\/wp-json\/wp\/v2\/product\/274493","targetHints":{"allow":["GET"]}}],"collection":[{"href":"https:\/\/design.crysound.com\/fr\/wp-json\/wp\/v2\/product"}],"about":[{"href":"https:\/\/design.crysound.com\/fr\/wp-json\/wp\/v2\/types\/product"}],"wp:featuredmedia":[{"embeddable":true,"href":"https:\/\/design.crysound.com\/fr\/wp-json\/wp\/v2\/media\/270419"}],"wp:attachment":[{"href":"https:\/\/design.crysound.com\/fr\/wp-json\/wp\/v2\/media?parent=274493"}],"wp:term":[{"taxonomy":"product_brand","embeddable":true,"href":"https:\/\/design.crysound.com\/fr\/wp-json\/wp\/v2\/product_brand?post=274493"},{"taxonomy":"product_cat","embeddable":true,"href":"https:\/\/design.crysound.com\/fr\/wp-json\/wp\/v2\/product_cat?post=274493"},{"taxonomy":"product_tag","embeddable":true,"href":"https:\/\/design.crysound.com\/fr\/wp-json\/wp\/v2\/product_tag?post=274493"}],"curies":[{"name":"wp","href":"https:\/\/api.w.org\/{rel}","templated":true}]}}