{"id":274489,"date":"2025-06-08T07:28:17","date_gmt":"2025-06-08T07:28:17","guid":{"rendered":"https:\/\/design.crysound.com\/product\/chambre-acoustique-pneumatique-cry723\/"},"modified":"2025-06-08T07:28:17","modified_gmt":"2025-06-08T07:28:17","slug":"chambre-acoustique-pneumatique-cry723","status":"publish","type":"product","link":"https:\/\/design.crysound.com\/fr\/product\/chambre-acoustique-pneumatique-cry723\/","title":{"rendered":"Chambre acoustique pneumatique CRY723"},"content":{"rendered":"<p>La CRY723 est un caisson d\u2019essai de type coque, insonoris\u00e9 et blind\u00e9, qui offre un excellent rapport co\u00fbt\u2011performance et des performances remarquables, ce qui le rend id\u00e9al pour le test des smartphones et des produits portables sans fil.<\/p>\n<p>En combinant deux caissons CRY723 avec un CRY6151B, vous pouvez effectuer des mesures compl\u00e8tes audio, ENC et ANC pour les \u00e9couteurs TWS. Cette configuration permet \u00e0 un seul op\u00e9rateur de g\u00e9rer simultan\u00e9ment deux stations de test, r\u00e9duisant ainsi les co\u00fbts de main\u2011d\u2019\u0153uvre.<\/p>\n","protected":false},"excerpt":{"rendered":"<p>La CRY723 est un caisson d\u2019essai de type coque, insonoris\u00e9 et blind\u00e9, qui offre un excellent rapport co\u00fbt\u2011performance et des performances remarquables, ce qui le rend id\u00e9al pour le test des smartphones et des produits portables sans fil.<\/p>\n","protected":false},"featured_media":270405,"template":"","meta":{"_acf_changed":false,"_eb_attr":"","content-type":""},"product_brand":[],"product_cat":[564,528],"product_tag":[],"class_list":{"0":"post-274489","1":"product","2":"type-product","3":"status-publish","4":"has-post-thumbnail","6":"product_cat-boite-dessai-acoustique","7":"product_cat-test-electroacoustique","9":"first","10":"instock","11":"shipping-taxable","12":"product-type-simple"},"acf":[],"_links":{"self":[{"href":"https:\/\/design.crysound.com\/fr\/wp-json\/wp\/v2\/product\/274489","targetHints":{"allow":["GET"]}}],"collection":[{"href":"https:\/\/design.crysound.com\/fr\/wp-json\/wp\/v2\/product"}],"about":[{"href":"https:\/\/design.crysound.com\/fr\/wp-json\/wp\/v2\/types\/product"}],"wp:featuredmedia":[{"embeddable":true,"href":"https:\/\/design.crysound.com\/fr\/wp-json\/wp\/v2\/media\/270405"}],"wp:attachment":[{"href":"https:\/\/design.crysound.com\/fr\/wp-json\/wp\/v2\/media?parent=274489"}],"wp:term":[{"taxonomy":"product_brand","embeddable":true,"href":"https:\/\/design.crysound.com\/fr\/wp-json\/wp\/v2\/product_brand?post=274489"},{"taxonomy":"product_cat","embeddable":true,"href":"https:\/\/design.crysound.com\/fr\/wp-json\/wp\/v2\/product_cat?post=274489"},{"taxonomy":"product_tag","embeddable":true,"href":"https:\/\/design.crysound.com\/fr\/wp-json\/wp\/v2\/product_tag?post=274489"}],"curies":[{"name":"wp","href":"https:\/\/api.w.org\/{rel}","templated":true}]}}