{"id":274484,"date":"2025-06-08T06:26:06","date_gmt":"2025-06-08T06:26:06","guid":{"rendered":"https:\/\/design.crysound.com\/product\/accelerometre-iepe-cry438-1-axe-10-mv-g-c2-b1500-g-crete-1-hz-a-10-khz\/"},"modified":"2025-06-08T06:26:06","modified_gmt":"2025-06-08T06:26:06","slug":"accelerometre-iepe-cry438-1-axe-10-mv-g-c2-b1500-g-crete-1-hz-a-10-khz","status":"publish","type":"product","link":"https:\/\/design.crysound.com\/fr\/product\/accelerometre-iepe-cry438-1-axe-10-mv-g-c2-b1500-g-crete-1-hz-a-10-khz\/","title":{"rendered":"Acc\u00e9l\u00e9rom\u00e8tre IEPE CRY438, 1 axe, 10 mV\/g, \u00b1500 g cr\u00eate, 1 Hz \u00e0 10 kHz"},"content":{"rendered":"<p>Le CRY438 est un capteur d\u2019acc\u00e9l\u00e9ration mono-axe avec une sortie 10-32 UNF sur le dessus, qui est fix\u00e9 \u00e0 un objet au moyen d\u2019un boulon 10-32 UNF. Il peut \u00eatre utilis\u00e9 pour mesurer de petits mouvements en laboratoire et en recherche scientifique, et peut \u00e9galement \u00eatre utilis\u00e9 pour surveiller en ligne l\u2019\u00e9tat vibratoire des \u00e9quipements industriels.<\/p>\n<p>Le CRY438 peut \u00eatre \u00e9quip\u00e9 de c\u00e2bles blind\u00e9s arm\u00e9s pour mesurer des param\u00e8tres vibratoires tels que l\u2019acc\u00e9l\u00e9ration, la vitesse et le d\u00e9placement dans des conditions de fortes interf\u00e9rences industrielles et \u00e9lectriques.<\/p>\n","protected":false},"excerpt":{"rendered":"<p>Le CRY438 est un capteur d\u2019acc\u00e9l\u00e9ration mono-axe avec une sortie 10-32 UNF sur le dessus, qui est fix\u00e9 \u00e0 un objet au moyen d\u2019un boulon 10-32 UNF. Il peut \u00eatre utilis\u00e9 pour mesurer de petits mouvements en laboratoire et en recherche scientifique, et peut \u00e9galement \u00eatre utilis\u00e9 pour surveiller en ligne l\u2019\u00e9tat vibratoire des \u00e9quipements industriels.<\/p>\n<p>Le CRY438 peut \u00eatre \u00e9quip\u00e9 de c\u00e2bles blind\u00e9s arm\u00e9s pour mesurer des param\u00e8tres vibratoires tels que l\u2019acc\u00e9l\u00e9ration, la vitesse et le d\u00e9placement dans des conditions de fortes interf\u00e9rences industrielles et \u00e9lectriques.<\/p>\n","protected":false},"featured_media":270430,"template":"","meta":{"_acf_changed":false,"_eb_attr":"","content-type":""},"product_brand":[],"product_cat":[572,536],"product_tag":[],"class_list":{"0":"post-274484","1":"product","2":"type-product","3":"status-publish","4":"has-post-thumbnail","6":"product_cat-accelerometre","7":"product_cat-capteurs","9":"first","10":"instock","11":"shipping-taxable","12":"product-type-simple"},"acf":[],"_links":{"self":[{"href":"https:\/\/design.crysound.com\/fr\/wp-json\/wp\/v2\/product\/274484","targetHints":{"allow":["GET"]}}],"collection":[{"href":"https:\/\/design.crysound.com\/fr\/wp-json\/wp\/v2\/product"}],"about":[{"href":"https:\/\/design.crysound.com\/fr\/wp-json\/wp\/v2\/types\/product"}],"wp:featuredmedia":[{"embeddable":true,"href":"https:\/\/design.crysound.com\/fr\/wp-json\/wp\/v2\/media\/270430"}],"wp:attachment":[{"href":"https:\/\/design.crysound.com\/fr\/wp-json\/wp\/v2\/media?parent=274484"}],"wp:term":[{"taxonomy":"product_brand","embeddable":true,"href":"https:\/\/design.crysound.com\/fr\/wp-json\/wp\/v2\/product_brand?post=274484"},{"taxonomy":"product_cat","embeddable":true,"href":"https:\/\/design.crysound.com\/fr\/wp-json\/wp\/v2\/product_cat?post=274484"},{"taxonomy":"product_tag","embeddable":true,"href":"https:\/\/design.crysound.com\/fr\/wp-json\/wp\/v2\/product_tag?post=274484"}],"curies":[{"name":"wp","href":"https:\/\/api.w.org\/{rel}","templated":true}]}}