{"id":274480,"date":"2025-06-08T05:40:37","date_gmt":"2025-06-08T05:40:37","guid":{"rendered":"https:\/\/design.crysound.com\/product\/logiciel-danalyse-acoustique-sonolab\/"},"modified":"2025-06-08T05:40:37","modified_gmt":"2025-06-08T05:40:37","slug":"logiciel-danalyse-acoustique-sonolab","status":"publish","type":"product","link":"https:\/\/design.crysound.com\/fr\/product\/logiciel-danalyse-acoustique-sonolab\/","title":{"rendered":"Logiciel d\u2019analyse acoustique SonoLab"},"content":{"rendered":"<p>SonoLab est un logiciel de test audio puissant, pr\u00e9cis et flexible. Associ\u00e9 au CRY6151B, il peut mesurer pratiquement tout type de dispositif audio, des microphones et haut\u2011parleurs simples aux casques Bluetooth complexes, appareils intelligents et autres composants \u00e9lectroacoustiques.<\/p>\n<p>Depuis le lancement de SonoLab, nos solutions de test audio sont tr\u00e8s appr\u00e9ci\u00e9es des utilisateurs pour leurs algorithmes de test audio rapides et pr\u00e9cis, leurs op\u00e9rations de test simples et faciles \u00e0 utiliser, ainsi que leur large flexibilit\u00e9 d\u2019application, qui leur ont valu la confiance des utilisateurs. Notre mat\u00e9riel est con\u00e7u pour les applications de mesure audio, avec une fonctionnalit\u00e9 puissante et une grande stabilit\u00e9, et s\u2019int\u00e8gre parfaitement \u00e0 SonoLab.<\/p>\n<p>\u200d<\/p>\n<p>Le logiciel utilise enti\u00e8rement un algorithme de test d\u00e9velopp\u00e9 en interne. Plus de 70 modules fonctionnels sont propos\u00e9s et l\u2019interface est conviviale, r\u00e9pondant ainsi \u00e0 diff\u00e9rents besoins de test pour la production et les mesures en laboratoire. Le CRY6151B prend en charge 8 canaux d\u2019entr\u00e9e et 4 canaux de sortie, et permet un fonctionnement simultan\u00e9 avec le logiciel.0<\/p>\n","protected":false},"excerpt":{"rendered":"<p>SonoLab est un logiciel de test audio puissant, pr\u00e9cis et flexible. Associ\u00e9 au CRY6151B, il peut mesurer pratiquement tout type de dispositif audio, des microphones et haut\u2011parleurs simples aux casques Bluetooth complexes, appareils intelligents et autres composants \u00e9lectroacoustiques.<\/p>\n","protected":false},"featured_media":270441,"template":"","meta":{"_acf_changed":false,"_eb_attr":"","content-type":""},"product_brand":[],"product_cat":[384,528],"product_tag":[],"class_list":{"0":"post-274480","1":"product","2":"type-product","3":"status-publish","4":"has-post-thumbnail","6":"product_cat-other-electroacoustic-adaptors","7":"product_cat-test-electroacoustique","9":"first","10":"instock","11":"shipping-taxable","12":"product-type-simple"},"acf":[],"_links":{"self":[{"href":"https:\/\/design.crysound.com\/fr\/wp-json\/wp\/v2\/product\/274480","targetHints":{"allow":["GET"]}}],"collection":[{"href":"https:\/\/design.crysound.com\/fr\/wp-json\/wp\/v2\/product"}],"about":[{"href":"https:\/\/design.crysound.com\/fr\/wp-json\/wp\/v2\/types\/product"}],"wp:featuredmedia":[{"embeddable":true,"href":"https:\/\/design.crysound.com\/fr\/wp-json\/wp\/v2\/media\/270441"}],"wp:attachment":[{"href":"https:\/\/design.crysound.com\/fr\/wp-json\/wp\/v2\/media?parent=274480"}],"wp:term":[{"taxonomy":"product_brand","embeddable":true,"href":"https:\/\/design.crysound.com\/fr\/wp-json\/wp\/v2\/product_brand?post=274480"},{"taxonomy":"product_cat","embeddable":true,"href":"https:\/\/design.crysound.com\/fr\/wp-json\/wp\/v2\/product_cat?post=274480"},{"taxonomy":"product_tag","embeddable":true,"href":"https:\/\/design.crysound.com\/fr\/wp-json\/wp\/v2\/product_tag?post=274480"}],"curies":[{"name":"wp","href":"https:\/\/api.w.org\/{rel}","templated":true}]}}