{"id":274476,"date":"2025-06-08T07:39:47","date_gmt":"2025-06-08T07:39:47","guid":{"rendered":"https:\/\/design.crysound.com\/product\/microphone-a-champ-de-pression-cry3202-1-2-prepolarise-125-mv-pa\/"},"modified":"2025-06-08T07:39:47","modified_gmt":"2025-06-08T07:39:47","slug":"microphone-a-champ-de-pression-cry3202-1-2-prepolarise-125-mv-pa","status":"publish","type":"product","link":"https:\/\/design.crysound.com\/fr\/product\/microphone-a-champ-de-pression-cry3202-1-2-prepolarise-125-mv-pa\/","title":{"rendered":"Microphone \u00e0 champ de pression CRY3202, 1\/2&Prime;, pr\u00e9polaris\u00e9, 12,5 mV\/Pa"},"content":{"rendered":"<p>Le CRY3202 est un microphone de mesure pr\u00e9polaris\u00e9 \u00e0 champ de pression de 1\/2 pouce, con\u00e7u pour \u00eatre utilis\u00e9 avec une chambre de couplage pour r\u00e9aliser des essais \u00e9lectroacoustiques pertinents.<\/p>\n<p>La conception unique du CRY3202 permet des essais large bande de haute qualit\u00e9 sur des \u00e9couteurs intra-auriculaires et des oreillettes. Sa plage de fr\u00e9quences s\u2019\u00e9tend jusqu\u2019\u00e0 20 kHz, d\u00e9passant les capacit\u00e9s de test de la plupart des oreilles simul\u00e9es.<\/p>\n<p>\u200d<\/p>\n","protected":false},"excerpt":{"rendered":"<p>Le CRY3202 est un microphone de mesure pr\u00e9polaris\u00e9 \u00e0 champ de pression de 1\/2 pouce, con\u00e7u pour \u00eatre utilis\u00e9 avec une chambre de couplage pour r\u00e9aliser des essais \u00e9lectroacoustiques pertinents.<\/p>\n<p>La conception unique du CRY3202 permet des essais large bande de haute qualit\u00e9 sur des \u00e9couteurs intra-auriculaires et des oreillettes. Sa plage de fr\u00e9quences s\u2019\u00e9tend jusqu\u2019\u00e0 20 kHz, d\u00e9passant les capacit\u00e9s de test de la plupart des oreilles simul\u00e9es.<\/p>\n<p>\u200d<\/p>\n","protected":false},"featured_media":270402,"template":"","meta":{"_acf_changed":false,"_eb_attr":"","content-type":""},"product_brand":[],"product_cat":[540,536],"product_tag":[],"class_list":{"0":"post-274476","1":"product","2":"type-product","3":"status-publish","4":"has-post-thumbnail","6":"product_cat-capsule-de-microphone","7":"product_cat-capteurs","9":"first","10":"instock","11":"shipping-taxable","12":"product-type-simple"},"acf":[],"_links":{"self":[{"href":"https:\/\/design.crysound.com\/fr\/wp-json\/wp\/v2\/product\/274476","targetHints":{"allow":["GET"]}}],"collection":[{"href":"https:\/\/design.crysound.com\/fr\/wp-json\/wp\/v2\/product"}],"about":[{"href":"https:\/\/design.crysound.com\/fr\/wp-json\/wp\/v2\/types\/product"}],"wp:featuredmedia":[{"embeddable":true,"href":"https:\/\/design.crysound.com\/fr\/wp-json\/wp\/v2\/media\/270402"}],"wp:attachment":[{"href":"https:\/\/design.crysound.com\/fr\/wp-json\/wp\/v2\/media?parent=274476"}],"wp:term":[{"taxonomy":"product_brand","embeddable":true,"href":"https:\/\/design.crysound.com\/fr\/wp-json\/wp\/v2\/product_brand?post=274476"},{"taxonomy":"product_cat","embeddable":true,"href":"https:\/\/design.crysound.com\/fr\/wp-json\/wp\/v2\/product_cat?post=274476"},{"taxonomy":"product_tag","embeddable":true,"href":"https:\/\/design.crysound.com\/fr\/wp-json\/wp\/v2\/product_tag?post=274476"}],"curies":[{"name":"wp","href":"https:\/\/api.w.org\/{rel}","templated":true}]}}