{"id":274463,"date":"2025-06-08T05:58:55","date_gmt":"2025-06-08T05:58:55","guid":{"rendered":"https:\/\/design.crysound.com\/product\/quickradio-logiciel-danalyse-de-radiofrequences-rf\/"},"modified":"2025-06-08T05:58:55","modified_gmt":"2025-06-08T05:58:55","slug":"quickradio-logiciel-danalyse-de-radiofrequences-rf","status":"publish","type":"product","link":"https:\/\/design.crysound.com\/fr\/product\/quickradio-logiciel-danalyse-de-radiofrequences-rf\/","title":{"rendered":"QuickRadio, logiciel d\u2019analyse de radiofr\u00e9quences (RF)"},"content":{"rendered":"<p>QuickRadio offre une plateforme robuste pour le test simultan\u00e9 des interactions de l\u2019interface RF (RF front-end) et la validation sur des instruments CC, num\u00e9riques, analogiques et RF.<\/p>\n<p>Gr\u00e2ce \u00e0 ses algorithmes propri\u00e9taires, QuickRadio prend en charge une gamme de mod\u00e8les de s\u00e9quences pr\u00e9configur\u00e9s qui facilitent la cr\u00e9ation de flux de travail personnalis\u00e9s pour les tests RF (radiofr\u00e9quence), les bo\u00eetiers de charge et le contr\u00f4le des montages de test. Son interface utilisateur innovante est hautement adaptable, permettant une personnalisation fluide afin de r\u00e9pondre aux besoins des diff\u00e9rents utilisateurs au sein de votre organisation. Cela garantit que les utilisateurs experts comme les techniciens op\u00e9rateurs peuvent collaborer efficacement, am\u00e9liorant ainsi l\u2019efficacit\u00e9 et la productivit\u00e9.<\/p>\n","protected":false},"excerpt":{"rendered":"<p>QuickRadio offre une plateforme robuste pour le test simultan\u00e9 des interactions de l\u2019interface RF (RF front-end) et la validation sur des instruments CC, num\u00e9riques, analogiques et RF.<\/p>\n","protected":false},"featured_media":270437,"template":"","meta":{"_acf_changed":false,"_eb_attr":"","content-type":""},"product_brand":[],"product_cat":[384,528],"product_tag":[],"class_list":{"0":"post-274463","1":"product","2":"type-product","3":"status-publish","4":"has-post-thumbnail","6":"product_cat-other-electroacoustic-adaptors","7":"product_cat-test-electroacoustique","9":"first","10":"instock","11":"shipping-taxable","12":"product-type-simple"},"acf":[],"_links":{"self":[{"href":"https:\/\/design.crysound.com\/fr\/wp-json\/wp\/v2\/product\/274463","targetHints":{"allow":["GET"]}}],"collection":[{"href":"https:\/\/design.crysound.com\/fr\/wp-json\/wp\/v2\/product"}],"about":[{"href":"https:\/\/design.crysound.com\/fr\/wp-json\/wp\/v2\/types\/product"}],"wp:featuredmedia":[{"embeddable":true,"href":"https:\/\/design.crysound.com\/fr\/wp-json\/wp\/v2\/media\/270437"}],"wp:attachment":[{"href":"https:\/\/design.crysound.com\/fr\/wp-json\/wp\/v2\/media?parent=274463"}],"wp:term":[{"taxonomy":"product_brand","embeddable":true,"href":"https:\/\/design.crysound.com\/fr\/wp-json\/wp\/v2\/product_brand?post=274463"},{"taxonomy":"product_cat","embeddable":true,"href":"https:\/\/design.crysound.com\/fr\/wp-json\/wp\/v2\/product_cat?post=274463"},{"taxonomy":"product_tag","embeddable":true,"href":"https:\/\/design.crysound.com\/fr\/wp-json\/wp\/v2\/product_tag?post=274463"}],"curies":[{"name":"wp","href":"https:\/\/api.w.org\/{rel}","templated":true}]}}