{"id":274461,"date":"2025-06-08T06:26:08","date_gmt":"2025-06-08T06:26:08","guid":{"rendered":"https:\/\/design.crysound.com\/product\/convertisseur-de-microphone-numerique-cry573\/"},"modified":"2025-06-08T06:26:08","modified_gmt":"2025-06-08T06:26:08","slug":"convertisseur-de-microphone-numerique-cry573","status":"publish","type":"product","link":"https:\/\/design.crysound.com\/fr\/product\/convertisseur-de-microphone-numerique-cry573\/","title":{"rendered":"Convertisseur de microphone num\u00e9rique CRY573"},"content":{"rendered":"<p>Le CRY573 facilite la conversion des signaux PDM et I2S en sortie analogique avec commutation command\u00e9e par logiciel. Il offre des fr\u00e9quences d\u2019\u00e9chantillonnage r\u00e9glables de 8 kHz \u00e0 48 kHz (disponibles uniquement en mode PDM) et permet un r\u00e9glage pr\u00e9cis des gains des canaux gauche et droit.<\/p>\n<p>Connect\u00e9 via USB, le CRY573 appara\u00eet comme un port s\u00e9rie virtuel sur votre PC, ce qui permet d\u2019ajuster facilement la configuration via cette interface.<\/p>\n","protected":false},"excerpt":{"rendered":"<p>Le CRY573 prend en charge la conversion de signaux PDM et I2S en sortie de signal analogique (mode de commutation par logiciel). Il prend en charge une fr\u00e9quence d\u2019\u00e9chantillonnage r\u00e9glable de 8 kHz \u00e0 48 kHz (prise en charge uniquement en mode PDM) et une sortie analogique avec gain des canaux gauche et droit r\u00e9glable. CRYSOUND.<\/p>\n","protected":false},"featured_media":270425,"template":"","meta":{"_acf_changed":false,"_eb_attr":"","content-type":""},"product_brand":[],"product_cat":[529,528],"product_tag":[],"class_list":{"0":"post-274461","1":"product","2":"type-product","3":"status-publish","4":"has-post-thumbnail","6":"product_cat-interface-de-test-audio","7":"product_cat-test-electroacoustique","9":"first","10":"instock","11":"shipping-taxable","12":"product-type-simple"},"acf":[],"_links":{"self":[{"href":"https:\/\/design.crysound.com\/fr\/wp-json\/wp\/v2\/product\/274461","targetHints":{"allow":["GET"]}}],"collection":[{"href":"https:\/\/design.crysound.com\/fr\/wp-json\/wp\/v2\/product"}],"about":[{"href":"https:\/\/design.crysound.com\/fr\/wp-json\/wp\/v2\/types\/product"}],"wp:featuredmedia":[{"embeddable":true,"href":"https:\/\/design.crysound.com\/fr\/wp-json\/wp\/v2\/media\/270425"}],"wp:attachment":[{"href":"https:\/\/design.crysound.com\/fr\/wp-json\/wp\/v2\/media?parent=274461"}],"wp:term":[{"taxonomy":"product_brand","embeddable":true,"href":"https:\/\/design.crysound.com\/fr\/wp-json\/wp\/v2\/product_brand?post=274461"},{"taxonomy":"product_cat","embeddable":true,"href":"https:\/\/design.crysound.com\/fr\/wp-json\/wp\/v2\/product_cat?post=274461"},{"taxonomy":"product_tag","embeddable":true,"href":"https:\/\/design.crysound.com\/fr\/wp-json\/wp\/v2\/product_tag?post=274461"}],"curies":[{"name":"wp","href":"https:\/\/api.w.org\/{rel}","templated":true}]}}