{"id":274460,"date":"2025-06-08T06:56:23","date_gmt":"2025-06-08T06:56:23","guid":{"rendered":"https:\/\/design.crysound.com\/product\/chambre-dessai-acoustique-pneumatique-cry710\/"},"modified":"2025-06-08T06:56:23","modified_gmt":"2025-06-08T06:56:23","slug":"chambre-dessai-acoustique-pneumatique-cry710","status":"publish","type":"product","link":"https:\/\/design.crysound.com\/fr\/product\/chambre-dessai-acoustique-pneumatique-cry710\/","title":{"rendered":"Chambre d\u2019essai acoustique pneumatique CRY710"},"content":{"rendered":"<p>Le caisson de blindage pneumatique CRY710, construit \u00e0 partir de plaques d\u2019acier soud\u00e9es, offre un blindage RF robuste pour les tests de dispositifs Bluetooth, Wi\u2011Fi et autres, \u00e9vitant efficacement les interf\u00e9rences entre lignes de production. Il offre \u00e9galement un environnement insonoris\u00e9 pour l\u2019\u00e9valuation des performances acoustiques. La porte pneumatique peut \u00eatre command\u00e9e via le port s\u00e9rie.<\/p>\n<p>Pour les essais audio quadruplex de casques TWS, la combinaison de deux caissons CRY710 avec un CRY6151B permet \u00e0 un seul op\u00e9rateur de g\u00e9rer deux postes de test simultan\u00e9ment, r\u00e9duisant significativement les co\u00fbts de main\u2011d\u2019\u0153uvre.<\/p>\n","protected":false},"excerpt":{"rendered":"<p>Le caisson de blindage pneumatique CRY710, construit \u00e0 partir de plaques d\u2019acier soud\u00e9es, offre un blindage RF robuste pour les tests de dispositifs Bluetooth, Wi\u2011Fi et autres, \u00e9vitant efficacement les interf\u00e9rences entre lignes de production. Il offre \u00e9galement un environnement insonoris\u00e9 pour l\u2019\u00e9valuation des performances acoustiques. La porte pneumatique peut \u00eatre command\u00e9e via le port s\u00e9rie.<\/p>\n","protected":false},"featured_media":270414,"template":"","meta":{"_acf_changed":false,"_eb_attr":"","content-type":""},"product_brand":[],"product_cat":[564,528],"product_tag":[],"class_list":{"0":"post-274460","1":"product","2":"type-product","3":"status-publish","4":"has-post-thumbnail","6":"product_cat-boite-dessai-acoustique","7":"product_cat-test-electroacoustique","9":"first","10":"instock","11":"shipping-taxable","12":"product-type-simple"},"acf":[],"_links":{"self":[{"href":"https:\/\/design.crysound.com\/fr\/wp-json\/wp\/v2\/product\/274460","targetHints":{"allow":["GET"]}}],"collection":[{"href":"https:\/\/design.crysound.com\/fr\/wp-json\/wp\/v2\/product"}],"about":[{"href":"https:\/\/design.crysound.com\/fr\/wp-json\/wp\/v2\/types\/product"}],"wp:featuredmedia":[{"embeddable":true,"href":"https:\/\/design.crysound.com\/fr\/wp-json\/wp\/v2\/media\/270414"}],"wp:attachment":[{"href":"https:\/\/design.crysound.com\/fr\/wp-json\/wp\/v2\/media?parent=274460"}],"wp:term":[{"taxonomy":"product_brand","embeddable":true,"href":"https:\/\/design.crysound.com\/fr\/wp-json\/wp\/v2\/product_brand?post=274460"},{"taxonomy":"product_cat","embeddable":true,"href":"https:\/\/design.crysound.com\/fr\/wp-json\/wp\/v2\/product_cat?post=274460"},{"taxonomy":"product_tag","embeddable":true,"href":"https:\/\/design.crysound.com\/fr\/wp-json\/wp\/v2\/product_tag?post=274460"}],"curies":[{"name":"wp","href":"https:\/\/api.w.org\/{rel}","templated":true}]}}