{"id":274459,"date":"2025-06-08T07:58:59","date_gmt":"2025-06-08T07:58:59","guid":{"rendered":"https:\/\/design.crysound.com\/product\/accelerometre-cry443-triaxial-50-mv-g-c2-b1100-g-crete-1-hz-a-4-khz\/"},"modified":"2025-06-08T07:58:59","modified_gmt":"2025-06-08T07:58:59","slug":"accelerometre-cry443-triaxial-50-mv-g-c2-b1100-g-crete-1-hz-a-4-khz","status":"publish","type":"product","link":"https:\/\/design.crysound.com\/fr\/product\/accelerometre-cry443-triaxial-50-mv-g-c2-b1100-g-crete-1-hz-a-4-khz\/","title":{"rendered":"Acc\u00e9l\u00e9rom\u00e8tre CRY443, triaxial, 50 mV\/g, \u00b1100 g cr\u00eate, 1 Hz \u00e0 4 kHz"},"content":{"rendered":"<p>Le CRY443 est un capteur d\u2019acc\u00e9l\u00e9ration triaxial avec une sortie lat\u00e9rale M12\u00d71 (4 broches), qui se fixe sur un objet au moyen d\u2019une vis 10\u201132 UNF. Il est souvent utilis\u00e9 pour la surveillance en ligne de l\u2019\u00e9tat vibratoire des \u00e9quipements industriels.<\/p>\n<p>Le CRY443 peut \u00eatre utilis\u00e9 avec des c\u00e2bles blind\u00e9s arm\u00e9s pour mesurer des param\u00e8tres vibratoires tels que l\u2019acc\u00e9l\u00e9ration, la vitesse et le d\u00e9placement dans des conditions de fortes interf\u00e9rences, par exemple dans les environnements industriels et de production d\u2019\u00e9nergie \u00e9lectrique.<\/p>\n","protected":false},"excerpt":{"rendered":"<p>Le CRY443 est un capteur d\u2019acc\u00e9l\u00e9ration triaxial avec une sortie lat\u00e9rale M12\u00d71 (4 broches), qui se fixe sur un objet au moyen d\u2019une vis 10\u201132 UNF. Il est souvent utilis\u00e9 pour la surveillance en ligne de l\u2019\u00e9tat vibratoire des \u00e9quipements industriels.<\/p>\n<p>\u200d<\/p>\n<p>Le CRY443 peut \u00eatre utilis\u00e9 avec des c\u00e2bles blind\u00e9s arm\u00e9s pour mesurer des param\u00e8tres vibratoires tels que l\u2019acc\u00e9l\u00e9ration, la vitesse et le d\u00e9placement dans des conditions de fortes interf\u00e9rences, par exemple dans les environnements industriels et de production d\u2019\u00e9nergie \u00e9lectrique.<\/p>\n","protected":false},"featured_media":270400,"template":"","meta":{"_acf_changed":false,"_eb_attr":"","content-type":""},"product_brand":[],"product_cat":[572,536],"product_tag":[],"class_list":{"0":"post-274459","1":"product","2":"type-product","3":"status-publish","4":"has-post-thumbnail","6":"product_cat-accelerometre","7":"product_cat-capteurs","9":"first","10":"instock","11":"shipping-taxable","12":"product-type-simple"},"acf":[],"_links":{"self":[{"href":"https:\/\/design.crysound.com\/fr\/wp-json\/wp\/v2\/product\/274459","targetHints":{"allow":["GET"]}}],"collection":[{"href":"https:\/\/design.crysound.com\/fr\/wp-json\/wp\/v2\/product"}],"about":[{"href":"https:\/\/design.crysound.com\/fr\/wp-json\/wp\/v2\/types\/product"}],"wp:featuredmedia":[{"embeddable":true,"href":"https:\/\/design.crysound.com\/fr\/wp-json\/wp\/v2\/media\/270400"}],"wp:attachment":[{"href":"https:\/\/design.crysound.com\/fr\/wp-json\/wp\/v2\/media?parent=274459"}],"wp:term":[{"taxonomy":"product_brand","embeddable":true,"href":"https:\/\/design.crysound.com\/fr\/wp-json\/wp\/v2\/product_brand?post=274459"},{"taxonomy":"product_cat","embeddable":true,"href":"https:\/\/design.crysound.com\/fr\/wp-json\/wp\/v2\/product_cat?post=274459"},{"taxonomy":"product_tag","embeddable":true,"href":"https:\/\/design.crysound.com\/fr\/wp-json\/wp\/v2\/product_tag?post=274459"}],"curies":[{"name":"wp","href":"https:\/\/api.w.org\/{rel}","templated":true}]}}