{"id":274457,"date":"2025-06-08T09:12:50","date_gmt":"2025-06-08T09:12:50","guid":{"rendered":"https:\/\/design.crysound.com\/product\/accelerometre-cry434-1-axe-100-mv-g-c2-b150-g-crete-05-hz-a-8-khz\/"},"modified":"2025-06-08T09:12:50","modified_gmt":"2025-06-08T09:12:50","slug":"accelerometre-cry434-1-axe-100-mv-g-c2-b150-g-crete-05-hz-a-8-khz","status":"publish","type":"product","link":"https:\/\/design.crysound.com\/fr\/product\/accelerometre-cry434-1-axe-100-mv-g-c2-b150-g-crete-05-hz-a-8-khz\/","title":{"rendered":"Acc\u00e9l\u00e9rom\u00e8tre CRY434, 1 axe, 100 mV\/g, \u00b150 g cr\u00eate, 0,5 Hz \u00e0 8 kHz"},"content":{"rendered":"<p>Le CRY434 est un capteur d\u2019acc\u00e9l\u00e9ration mono-axe dot\u00e9 d\u2019une sortie lat\u00e9rale 10-32 UNF pour un montage facile avec une vis 10-32 UNF. Il est particuli\u00e8rement adapt\u00e9 \u00e0 la d\u00e9tection de petits mouvements dans les laboratoires et la recherche scientifique, ainsi qu\u2019\u00e0 la surveillance en temps r\u00e9el de l\u2019\u00e9tat vibratoire des \u00e9quipements industriels.<\/p>\n<p>Le CRY434 peut \u00eatre associ\u00e9 \u00e0 des c\u00e2bles blind\u00e9s arm\u00e9s pour mesurer avec pr\u00e9cision les param\u00e8tres de vibration tels que l\u2019acc\u00e9l\u00e9ration, la vitesse et le d\u00e9placement, m\u00eame dans des environnements pr\u00e9sentant de forts niveaux de perturbations industrielles ou \u00e9lectriques.<\/p>\n","protected":false},"excerpt":{"rendered":"<p>Le CRY434 est un capteur d\u2019acc\u00e9l\u00e9ration mono-axe dot\u00e9 d\u2019une sortie lat\u00e9rale 10-32 UNF pour un montage facile avec une vis 10-32 UNF. Il est particuli\u00e8rement adapt\u00e9 \u00e0 la d\u00e9tection de petits mouvements dans les laboratoires et la recherche scientifique, ainsi qu\u2019\u00e0 la surveillance en temps r\u00e9el de l\u2019\u00e9tat vibratoire des \u00e9quipements industriels.<\/p>\n<p>\u200d<\/p>\n<p>Le CRY434 peut \u00eatre associ\u00e9 \u00e0 des c\u00e2bles blind\u00e9s arm\u00e9s pour mesurer avec pr\u00e9cision les param\u00e8tres de vibration tels que l\u2019acc\u00e9l\u00e9ration, la vitesse et le d\u00e9placement, m\u00eame dans des environnements pr\u00e9sentant de forts niveaux de perturbations industrielles ou \u00e9lectriques.<\/p>\n","protected":false},"featured_media":270228,"template":"","meta":{"_acf_changed":false,"_eb_attr":"","content-type":""},"product_brand":[],"product_cat":[572,536],"product_tag":[],"class_list":{"0":"post-274457","1":"product","2":"type-product","3":"status-publish","4":"has-post-thumbnail","6":"product_cat-accelerometre","7":"product_cat-capteurs","9":"first","10":"instock","11":"shipping-taxable","12":"product-type-simple"},"acf":[],"_links":{"self":[{"href":"https:\/\/design.crysound.com\/fr\/wp-json\/wp\/v2\/product\/274457","targetHints":{"allow":["GET"]}}],"collection":[{"href":"https:\/\/design.crysound.com\/fr\/wp-json\/wp\/v2\/product"}],"about":[{"href":"https:\/\/design.crysound.com\/fr\/wp-json\/wp\/v2\/types\/product"}],"wp:featuredmedia":[{"embeddable":true,"href":"https:\/\/design.crysound.com\/fr\/wp-json\/wp\/v2\/media\/270228"}],"wp:attachment":[{"href":"https:\/\/design.crysound.com\/fr\/wp-json\/wp\/v2\/media?parent=274457"}],"wp:term":[{"taxonomy":"product_brand","embeddable":true,"href":"https:\/\/design.crysound.com\/fr\/wp-json\/wp\/v2\/product_brand?post=274457"},{"taxonomy":"product_cat","embeddable":true,"href":"https:\/\/design.crysound.com\/fr\/wp-json\/wp\/v2\/product_cat?post=274457"},{"taxonomy":"product_tag","embeddable":true,"href":"https:\/\/design.crysound.com\/fr\/wp-json\/wp\/v2\/product_tag?post=274457"}],"curies":[{"name":"wp","href":"https:\/\/api.w.org\/{rel}","templated":true}]}}