{"id":274449,"date":"2025-06-08T06:34:41","date_gmt":"2025-06-08T06:34:41","guid":{"rendered":"https:\/\/design.crysound.com\/product\/matrice-de-commutation-bluetooth-cry591l\/"},"modified":"2025-06-08T06:34:41","modified_gmt":"2025-06-08T06:34:41","slug":"matrice-de-commutation-bluetooth-cry591l","status":"publish","type":"product","link":"https:\/\/design.crysound.com\/fr\/product\/matrice-de-commutation-bluetooth-cry591l\/","title":{"rendered":"Matrice de commutation Bluetooth CRY591L"},"content":{"rendered":"<p>La CRY591L est notre derni\u00e8re matrice de commutation RF, con\u00e7ue sp\u00e9cifiquement pour les tests de caract\u00e9risation RF des PCB de casques Bluetoothe284a2. Elle offre des performances RF exceptionnelles et une grande stabilite9, ce qui la rend ide9ale aussi bien pour la recherche et de9veloppement que pour les environnements de production. Cette matrice de commutation polyvalente agit comme un hub db4interconnexion dynamique entre les e9quipements de testa0e28094 tels que les analyseurs de re9seau, les analyseurs de spectre, les testeurs Bluetooth, les ge9ne9rateurs de signaux, les re9cepteurs et les dispositifs sous test (DUT)a0e28094 permettant db4acheminer les signaux RF via de multiples trajets configurables.<\/p>\n","protected":false},"excerpt":{"rendered":"<p>La CRY591L est notre derni\u00e8re matrice de commutation RF, con\u00e7ue sp\u00e9cifiquement pour les tests de caract\u00e9risation RF des PCB de casques Bluetoothe284a2. Elle offre des performances RF exceptionnelles et une grande stabilite9, ce qui la rend ide9ale aussi bien pour la recherche et de9veloppement que pour les environnements de production. Cette matrice de commutation polyvalente agit comme un hub db4interconnexion dynamique entre les e9quipements de testa0e28094 tels que les analyseurs de re9seau, les analyseurs de spectre, les testeurs Bluetooth, les ge9ne9rateurs de signaux, les re9cepteurs et les dispositifs sous test (DUT)a0e28094 permettant db4acheminer les signaux RF via de multiples trajets configurables.<\/p>\n","protected":false},"featured_media":270422,"template":"","meta":{"_acf_changed":false,"_eb_attr":"","content-type":""},"product_brand":[],"product_cat":[529,528],"product_tag":[],"class_list":{"0":"post-274449","1":"product","2":"type-product","3":"status-publish","4":"has-post-thumbnail","6":"product_cat-interface-de-test-audio","7":"product_cat-test-electroacoustique","9":"first","10":"instock","11":"shipping-taxable","12":"product-type-simple"},"acf":[],"_links":{"self":[{"href":"https:\/\/design.crysound.com\/fr\/wp-json\/wp\/v2\/product\/274449","targetHints":{"allow":["GET"]}}],"collection":[{"href":"https:\/\/design.crysound.com\/fr\/wp-json\/wp\/v2\/product"}],"about":[{"href":"https:\/\/design.crysound.com\/fr\/wp-json\/wp\/v2\/types\/product"}],"wp:featuredmedia":[{"embeddable":true,"href":"https:\/\/design.crysound.com\/fr\/wp-json\/wp\/v2\/media\/270422"}],"wp:attachment":[{"href":"https:\/\/design.crysound.com\/fr\/wp-json\/wp\/v2\/media?parent=274449"}],"wp:term":[{"taxonomy":"product_brand","embeddable":true,"href":"https:\/\/design.crysound.com\/fr\/wp-json\/wp\/v2\/product_brand?post=274449"},{"taxonomy":"product_cat","embeddable":true,"href":"https:\/\/design.crysound.com\/fr\/wp-json\/wp\/v2\/product_cat?post=274449"},{"taxonomy":"product_tag","embeddable":true,"href":"https:\/\/design.crysound.com\/fr\/wp-json\/wp\/v2\/product_tag?post=274449"}],"curies":[{"name":"wp","href":"https:\/\/api.w.org\/{rel}","templated":true}]}}