{"id":274448,"date":"2025-06-08T07:03:40","date_gmt":"2025-06-08T07:03:40","guid":{"rendered":"https:\/\/design.crysound.com\/product\/microphone-de-champ-de-pression-cry3102-1-prepolarise-50-mv-pa\/"},"modified":"2025-06-08T07:03:40","modified_gmt":"2025-06-08T07:03:40","slug":"microphone-de-champ-de-pression-cry3102-1-prepolarise-50-mv-pa","status":"publish","type":"product","link":"https:\/\/design.crysound.com\/fr\/product\/microphone-de-champ-de-pression-cry3102-1-prepolarise-50-mv-pa\/","title":{"rendered":"Microphone de champ de pression CRY3102, 1&Prime;, pr\u00e9polaris\u00e9, 50 mV\/Pa"},"content":{"rendered":"<p>Le CRY3102 est un microphone de mesure pr\u00e9polaris\u00e9 de 1 pouce pour champ de pression, con\u00e7u pour \u00eatre utilis\u00e9 avec une chambre de couplage, particuli\u00e8rement adapt\u00e9 aux tests de casques et aux mesures d\u2019audiom\u00e8tres.<\/p>\n<p>La conception unique du CRY3102 lui conf\u00e8re un tr\u00e8s faible bruit propre, ce qui en fait un choix id\u00e9al pour r\u00e9aliser des essais \u00e9lectroacoustiques. De plus, son exactitude et sa stabilit\u00e9 exceptionnelles en font un outil fiable pour la recherche et le d\u00e9veloppement en acoustique.<\/p>\n","protected":false},"excerpt":{"rendered":"<p>Le CRY3102 est un microphone de mesure pr\u00e9polaris\u00e9 de 1 pouce pour champ de pression, con\u00e7u pour \u00eatre utilis\u00e9 avec une chambre de couplage, particuli\u00e8rement adapt\u00e9 aux tests de casques et aux mesures d\u2019audiom\u00e8tres.<\/p>\n<p>\u200d<\/p>\n<p>La conception unique du CRY3102 lui conf\u00e8re un tr\u00e8s faible bruit propre, ce qui en fait un choix id\u00e9al pour r\u00e9aliser des essais \u00e9lectroacoustiques. De plus, son exactitude et sa stabilit\u00e9 exceptionnelles en font un outil fiable pour la recherche et le d\u00e9veloppement en acoustique.<\/p>\n","protected":false},"featured_media":270411,"template":"","meta":{"_acf_changed":false,"_eb_attr":"","content-type":""},"product_brand":[],"product_cat":[540,536],"product_tag":[],"class_list":{"0":"post-274448","1":"product","2":"type-product","3":"status-publish","4":"has-post-thumbnail","6":"product_cat-capsule-de-microphone","7":"product_cat-capteurs","9":"first","10":"instock","11":"shipping-taxable","12":"product-type-simple"},"acf":[],"_links":{"self":[{"href":"https:\/\/design.crysound.com\/fr\/wp-json\/wp\/v2\/product\/274448","targetHints":{"allow":["GET"]}}],"collection":[{"href":"https:\/\/design.crysound.com\/fr\/wp-json\/wp\/v2\/product"}],"about":[{"href":"https:\/\/design.crysound.com\/fr\/wp-json\/wp\/v2\/types\/product"}],"wp:featuredmedia":[{"embeddable":true,"href":"https:\/\/design.crysound.com\/fr\/wp-json\/wp\/v2\/media\/270411"}],"wp:attachment":[{"href":"https:\/\/design.crysound.com\/fr\/wp-json\/wp\/v2\/media?parent=274448"}],"wp:term":[{"taxonomy":"product_brand","embeddable":true,"href":"https:\/\/design.crysound.com\/fr\/wp-json\/wp\/v2\/product_brand?post=274448"},{"taxonomy":"product_cat","embeddable":true,"href":"https:\/\/design.crysound.com\/fr\/wp-json\/wp\/v2\/product_cat?post=274448"},{"taxonomy":"product_tag","embeddable":true,"href":"https:\/\/design.crysound.com\/fr\/wp-json\/wp\/v2\/product_tag?post=274448"}],"curies":[{"name":"wp","href":"https:\/\/api.w.org\/{rel}","templated":true}]}}