{"id":274447,"date":"2025-06-08T08:02:01","date_gmt":"2025-06-08T08:02:01","guid":{"rendered":"https:\/\/design.crysound.com\/product\/microphone-de-champ-de-pression-cry3204-1-2-prepolarise-50-mv-pa\/"},"modified":"2025-06-08T08:02:01","modified_gmt":"2025-06-08T08:02:01","slug":"microphone-de-champ-de-pression-cry3204-1-2-prepolarise-50-mv-pa","status":"publish","type":"product","link":"https:\/\/design.crysound.com\/fr\/product\/microphone-de-champ-de-pression-cry3204-1-2-prepolarise-50-mv-pa\/","title":{"rendered":"Microphone de champ de pression CRY3204, 1\/2&Prime;, pr\u00e9polaris\u00e9, 50 mV\/Pa"},"content":{"rendered":"<p>Le CRY3204 est un microphone de mesure pr\u00e9polaris\u00e9 de 1\/2 pouce, de type champ de pression, con\u00e7u pour \u00eatre utilis\u00e9 avec un coupleur pour les essais \u00e9lectroacoustiques associ\u00e9s.<\/p>\n<p>La conception unique du CRY3204 lui permet d\u2019effectuer des tests sur divers dispositifs \u00e9lectroacoustiques, tels que des haut\u2011parleurs et des casques audio. Il trouve \u00e9galement de vastes applications dans les domaines de la recherche en conception acoustique et de l\u2019\u00e9talonnage des \u00e9quipements audio.<\/p>\n<p>\u200d<\/p>\n","protected":false},"excerpt":{"rendered":"<p>Le CRY3204 est un microphone de mesure pr\u00e9polaris\u00e9 de 1\/2 pouce, de type champ de pression, con\u00e7u pour \u00eatre utilis\u00e9 avec un coupleur pour les essais \u00e9lectroacoustiques associ\u00e9s.<\/p>\n<p>La conception unique du CRY3204 lui permet d\u2019effectuer des tests sur divers dispositifs \u00e9lectroacoustiques, tels que des haut\u2011parleurs et des casques audio. Il trouve \u00e9galement de vastes applications dans les domaines de la recherche en conception acoustique et de l\u2019\u00e9talonnage des \u00e9quipements audio.<\/p>\n<p>\u200d<\/p>\n","protected":false},"featured_media":270397,"template":"","meta":{"_acf_changed":false,"_eb_attr":"","content-type":""},"product_brand":[],"product_cat":[540,536],"product_tag":[],"class_list":{"0":"post-274447","1":"product","2":"type-product","3":"status-publish","4":"has-post-thumbnail","6":"product_cat-capsule-de-microphone","7":"product_cat-capteurs","9":"first","10":"instock","11":"shipping-taxable","12":"product-type-simple"},"acf":[],"_links":{"self":[{"href":"https:\/\/design.crysound.com\/fr\/wp-json\/wp\/v2\/product\/274447","targetHints":{"allow":["GET"]}}],"collection":[{"href":"https:\/\/design.crysound.com\/fr\/wp-json\/wp\/v2\/product"}],"about":[{"href":"https:\/\/design.crysound.com\/fr\/wp-json\/wp\/v2\/types\/product"}],"wp:featuredmedia":[{"embeddable":true,"href":"https:\/\/design.crysound.com\/fr\/wp-json\/wp\/v2\/media\/270397"}],"wp:attachment":[{"href":"https:\/\/design.crysound.com\/fr\/wp-json\/wp\/v2\/media?parent=274447"}],"wp:term":[{"taxonomy":"product_brand","embeddable":true,"href":"https:\/\/design.crysound.com\/fr\/wp-json\/wp\/v2\/product_brand?post=274447"},{"taxonomy":"product_cat","embeddable":true,"href":"https:\/\/design.crysound.com\/fr\/wp-json\/wp\/v2\/product_cat?post=274447"},{"taxonomy":"product_tag","embeddable":true,"href":"https:\/\/design.crysound.com\/fr\/wp-json\/wp\/v2\/product_tag?post=274447"}],"curies":[{"name":"wp","href":"https:\/\/api.w.org\/{rel}","templated":true}]}}