{"id":274443,"date":"2025-06-08T12:02:36","date_gmt":"2025-06-08T12:02:36","guid":{"rendered":"https:\/\/design.crysound.com\/product\/simulateur-de-bouche-cry3602-avec-amplificateur-de-20-db-integre\/"},"modified":"2025-06-08T12:02:36","modified_gmt":"2025-06-08T12:02:36","slug":"simulateur-de-bouche-cry3602-avec-amplificateur-de-20-db-integre","status":"publish","type":"product","link":"https:\/\/design.crysound.com\/fr\/product\/simulateur-de-bouche-cry3602-avec-amplificateur-de-20-db-integre\/","title":{"rendered":"Simulateur de bouche CRY3602 avec amplificateur de 20 dB int\u00e9gr\u00e9"},"content":{"rendered":"<p>Le simulateur de bouche CRY3602 est une source sonore utilis\u00e9e pour reproduire le champ sonore \u00e0 proximit\u00e9 de la bouche humaine. Il est largement utilis\u00e9 pour tester des param\u00e8tres acoustiques tels que la r\u00e9ponse en fr\u00e9quence et la distorsion des transmetteurs t\u00e9l\u00e9phoniques et des microphones.<\/p>\n<p>Le simulateur de bouche CRY3602 est dot\u00e9 d\u2019un amplificateur de puissance int\u00e9gr\u00e9. Il n\u2019est pas n\u00e9cessaire d\u2019acheter un amplificateur de puissance suppl\u00e9mentaire. Il peut \u00eatre directement connect\u00e9 \u00e0 une carte son ou \u00e0 un g\u00e9n\u00e9rateur de signaux, ce qui simplifie le raccordement du syst\u00e8me de test.<\/p>\n","protected":false},"excerpt":{"rendered":"<p>Le simulateur de bouche CRY3602 est une source sonore utilis\u00e9e pour reproduire le champ sonore \u00e0 proximit\u00e9 de la bouche humaine. Il est largement utilis\u00e9 pour tester des param\u00e8tres acoustiques tels que la r\u00e9ponse en fr\u00e9quence et la distorsion des transmetteurs t\u00e9l\u00e9phoniques et des microphones.<\/p>\n<p>\u200d<\/p>\n<p>Le simulateur de bouche CRY3602 est dot\u00e9 d\u2019un amplificateur de puissance int\u00e9gr\u00e9. Il n\u2019est pas n\u00e9cessaire d\u2019acheter un amplificateur de puissance suppl\u00e9mentaire. Il peut \u00eatre directement connect\u00e9 \u00e0 une carte son ou \u00e0 un g\u00e9n\u00e9rateur de signaux, ce qui simplifie le raccordement du syst\u00e8me de test.<\/p>\n","protected":false},"featured_media":270238,"template":"","meta":{"_acf_changed":false,"_eb_attr":"","content-type":""},"product_brand":[],"product_cat":[536,560],"product_tag":[],"class_list":{"0":"post-274443","1":"product","2":"type-product","3":"status-publish","4":"has-post-thumbnail","6":"product_cat-capteurs","7":"product_cat-simulateur-de-bouche","9":"first","10":"instock","11":"shipping-taxable","12":"product-type-simple"},"acf":[],"_links":{"self":[{"href":"https:\/\/design.crysound.com\/fr\/wp-json\/wp\/v2\/product\/274443","targetHints":{"allow":["GET"]}}],"collection":[{"href":"https:\/\/design.crysound.com\/fr\/wp-json\/wp\/v2\/product"}],"about":[{"href":"https:\/\/design.crysound.com\/fr\/wp-json\/wp\/v2\/types\/product"}],"wp:featuredmedia":[{"embeddable":true,"href":"https:\/\/design.crysound.com\/fr\/wp-json\/wp\/v2\/media\/270238"}],"wp:attachment":[{"href":"https:\/\/design.crysound.com\/fr\/wp-json\/wp\/v2\/media?parent=274443"}],"wp:term":[{"taxonomy":"product_brand","embeddable":true,"href":"https:\/\/design.crysound.com\/fr\/wp-json\/wp\/v2\/product_brand?post=274443"},{"taxonomy":"product_cat","embeddable":true,"href":"https:\/\/design.crysound.com\/fr\/wp-json\/wp\/v2\/product_cat?post=274443"},{"taxonomy":"product_tag","embeddable":true,"href":"https:\/\/design.crysound.com\/fr\/wp-json\/wp\/v2\/product_tag?post=274443"}],"curies":[{"name":"wp","href":"https:\/\/api.w.org\/{rel}","templated":true}]}}