{"id":274442,"date":"2025-06-08T09:37:57","date_gmt":"2025-06-08T09:37:57","guid":{"rendered":"https:\/\/design.crysound.com\/product\/alimentation-pour-microphone-cry575\/"},"modified":"2025-06-08T09:37:57","modified_gmt":"2025-06-08T09:37:57","slug":"alimentation-pour-microphone-cry575","status":"publish","type":"product","link":"https:\/\/design.crysound.com\/fr\/product\/alimentation-pour-microphone-cry575\/","title":{"rendered":"Alimentation pour microphone CRY575"},"content":{"rendered":"<p>L\u2019alimentation pour microphone CRY575 est un module d\u2019alimentation pour capteur \u00e0 trois canaux. Les canaux 1 et 2 fournissent une source de courant constant n\u00e9cessaire aux pr\u00e9amplificateurs IEPE (Integrated Electronic Piezoelectric), tandis que le canal 3 alimente le fonctionnement d\u2019un pr\u00e9amplificateur asym\u00e9trique. Elle offre une imp\u00e9dance d\u2019entr\u00e9e \u00e9lev\u00e9e, une faible imp\u00e9dance de sortie, un faible bruit de fond et une large plage de r\u00e9ponse en fr\u00e9quence.<\/p>\n<p>L\u2019alimentation pour microphone CRY575 propose des options de gain de 0 dB (\u00d71), +20 dB (\u00d710) et +40 dB (\u00d7100) pour le signal de sortie. Elle utilise une interface BNC pour la connexion de sortie, ce qui la rend facile \u00e0 utiliser.<\/p>\n<p>\u200d<\/p>\n","protected":false},"excerpt":{"rendered":"<p>L\u2019alimentation pour microphone CRY575 est un module d\u2019alimentation pour capteur \u00e0 trois canaux. Les canaux 1 et 2 fournissent une source de courant constant n\u00e9cessaire aux pr\u00e9amplificateurs IEPE (Integrated Electronic Piezoelectric), tandis que le canal 3 alimente le fonctionnement d\u2019un pr\u00e9amplificateur asym\u00e9trique. Elle offre une imp\u00e9dance d\u2019entr\u00e9e \u00e9lev\u00e9e, une faible imp\u00e9dance de sortie, un faible bruit de fond et une large plage de r\u00e9ponse en fr\u00e9quence.<\/p>\n<p>\u200d<\/p>\n<p>L\u2019alimentation pour microphone CRY575 propose des options de gain de 0 dB (\u00d71), +20 dB (\u00d710) et +40 dB (\u00d7100) pour le signal de sortie. Elle utilise une interface BNC pour la connexion de sortie, ce qui la rend facile \u00e0 utiliser.<\/p>\n<p>\u200d<\/p>\n","protected":false},"featured_media":270241,"template":"","meta":{"_acf_changed":false,"_eb_attr":"","content-type":""},"product_brand":[],"product_cat":[565,536],"product_tag":[],"class_list":{"0":"post-274442","1":"product","2":"type-product","3":"status-publish","4":"has-post-thumbnail","6":"product_cat-alimentation","7":"product_cat-capteurs","9":"first","10":"instock","11":"shipping-taxable","12":"product-type-simple"},"acf":[],"_links":{"self":[{"href":"https:\/\/design.crysound.com\/fr\/wp-json\/wp\/v2\/product\/274442","targetHints":{"allow":["GET"]}}],"collection":[{"href":"https:\/\/design.crysound.com\/fr\/wp-json\/wp\/v2\/product"}],"about":[{"href":"https:\/\/design.crysound.com\/fr\/wp-json\/wp\/v2\/types\/product"}],"wp:featuredmedia":[{"embeddable":true,"href":"https:\/\/design.crysound.com\/fr\/wp-json\/wp\/v2\/media\/270241"}],"wp:attachment":[{"href":"https:\/\/design.crysound.com\/fr\/wp-json\/wp\/v2\/media?parent=274442"}],"wp:term":[{"taxonomy":"product_brand","embeddable":true,"href":"https:\/\/design.crysound.com\/fr\/wp-json\/wp\/v2\/product_brand?post=274442"},{"taxonomy":"product_cat","embeddable":true,"href":"https:\/\/design.crysound.com\/fr\/wp-json\/wp\/v2\/product_cat?post=274442"},{"taxonomy":"product_tag","embeddable":true,"href":"https:\/\/design.crysound.com\/fr\/wp-json\/wp\/v2\/product_tag?post=274442"}],"curies":[{"name":"wp","href":"https:\/\/api.w.org\/{rel}","templated":true}]}}