{"id":274437,"date":"2025-06-08T07:08:27","date_gmt":"2025-06-08T07:08:27","guid":{"rendered":"https:\/\/design.crysound.com\/product\/chambre-dessai-acoustique-pneumatique-cry721c\/"},"modified":"2025-06-08T07:08:27","modified_gmt":"2025-06-08T07:08:27","slug":"chambre-dessai-acoustique-pneumatique-cry721c","status":"publish","type":"product","link":"https:\/\/design.crysound.com\/fr\/product\/chambre-dessai-acoustique-pneumatique-cry721c\/","title":{"rendered":"Chambre d\u2019essai acoustique pneumatique CRY721C"},"content":{"rendered":"<p>L\u2019isolateur blind\u00e9 pneumatique CRY721C est principalement con\u00e7u pour les tests de puissance, de sensibilit\u00e9 et de performances \u00e9lectriques de grands produits \u00e9lectroniques sans fil et d\u2019appareils de communication, notamment des casques, des serveurs sans fil et des ordinateurs portables avec fonction d\u2019interphonie.<\/p>\n<p>Ce bo\u00eetier de blindage est compatible avec les testeurs universels, les analyseurs de r\u00e9seau vectoriel, les g\u00e9n\u00e9rateurs de signaux et les \u00e9mulateurs de canal afin de r\u00e9aliser les principaux \u00e9l\u00e9ments de test essentiels. En outre, il prend en charge une vari\u00e9t\u00e9 d\u2019appareils de production sans fil, tels que le Bluetooth, le WiFi, le GSM, le WCDMA, la RFID, les t\u00e9l\u00e9commandes de voiture GPS, et bien plus encore.<\/p>\n","protected":false},"excerpt":{"rendered":"<p>L\u2019isolateur blind\u00e9 pneumatique CRY721C est principalement con\u00e7u pour les tests de puissance, de sensibilit\u00e9 et de performances \u00e9lectriques de grands produits \u00e9lectroniques sans fil et d\u2019appareils de communication, notamment des casques, des serveurs sans fil et des ordinateurs portables avec fonction d\u2019interphonie.<\/p>\n","protected":false},"featured_media":270408,"template":"","meta":{"_acf_changed":false,"_eb_attr":"","content-type":""},"product_brand":[],"product_cat":[564,528],"product_tag":[],"class_list":{"0":"post-274437","1":"product","2":"type-product","3":"status-publish","4":"has-post-thumbnail","6":"product_cat-boite-dessai-acoustique","7":"product_cat-test-electroacoustique","9":"first","10":"instock","11":"shipping-taxable","12":"product-type-simple"},"acf":[],"_links":{"self":[{"href":"https:\/\/design.crysound.com\/fr\/wp-json\/wp\/v2\/product\/274437","targetHints":{"allow":["GET"]}}],"collection":[{"href":"https:\/\/design.crysound.com\/fr\/wp-json\/wp\/v2\/product"}],"about":[{"href":"https:\/\/design.crysound.com\/fr\/wp-json\/wp\/v2\/types\/product"}],"wp:featuredmedia":[{"embeddable":true,"href":"https:\/\/design.crysound.com\/fr\/wp-json\/wp\/v2\/media\/270408"}],"wp:attachment":[{"href":"https:\/\/design.crysound.com\/fr\/wp-json\/wp\/v2\/media?parent=274437"}],"wp:term":[{"taxonomy":"product_brand","embeddable":true,"href":"https:\/\/design.crysound.com\/fr\/wp-json\/wp\/v2\/product_brand?post=274437"},{"taxonomy":"product_cat","embeddable":true,"href":"https:\/\/design.crysound.com\/fr\/wp-json\/wp\/v2\/product_cat?post=274437"},{"taxonomy":"product_tag","embeddable":true,"href":"https:\/\/design.crysound.com\/fr\/wp-json\/wp\/v2\/product_tag?post=274437"}],"curies":[{"name":"wp","href":"https:\/\/api.w.org\/{rel}","templated":true}]}}