{"id":274436,"date":"2025-06-08T08:18:41","date_gmt":"2025-06-08T08:18:41","guid":{"rendered":"https:\/\/design.crysound.com\/product\/ensemble-de-microphone-en-champ-libre-cry3203-s02-1-2-50-mv-pa\/"},"modified":"2025-06-08T08:18:41","modified_gmt":"2025-06-08T08:18:41","slug":"ensemble-de-microphone-en-champ-libre-cry3203-s02-1-2-50-mv-pa","status":"publish","type":"product","link":"https:\/\/design.crysound.com\/fr\/product\/ensemble-de-microphone-en-champ-libre-cry3203-s02-1-2-50-mv-pa\/","title":{"rendered":"Ensemble de microphone en champ libre CRY3203-S02, 1\/2&Prime;, 50 mV\/Pa"},"content":{"rendered":"<p>Le CRY3203-S02 est un ensemble de microphone de mesure pr\u00e9polaris\u00e9 en champ libre de 1\/2 pouce avec pr\u00e9amplificateur, largement utilis\u00e9 dans des environnements d\u2019essais acoustiques tels que les chambres an\u00e9cho\u00efques et les salles silencieuses.<\/p>\n<p>La conception unique du CRY3203-S02 lui permet d\u2019avoir une plage de r\u00e9ponse en fr\u00e9quence qui correspond \u00e0 la plage de fr\u00e9quences audibles de l\u2019oreille humaine, ce qui le rend particuli\u00e8rement adapt\u00e9 \u00e0 la d\u00e9tection du bruit. De plus, il est \u00e9galement largement applicable dans divers domaines, y compris les mesures \u00e9lectroacoustiques, les mesures audio et la recherche acoustique.<\/p>\n","protected":false},"excerpt":{"rendered":"<p>Le CRY3203-S02 est un ensemble de microphone de mesure pr\u00e9polaris\u00e9 en champ libre de 1\/2 pouce avec pr\u00e9amplificateur, largement utilis\u00e9 dans des environnements d\u2019essais acoustiques tels que les chambres an\u00e9cho\u00efques et les salles silencieuses.<\/p>\n<p>\u200d<\/p>\n<p>La conception unique du CRY3203-S02 lui permet d\u2019avoir une plage de r\u00e9ponse en fr\u00e9quence qui correspond \u00e0 la plage de fr\u00e9quences audibles de l\u2019oreille humaine, ce qui le rend particuli\u00e8rement adapt\u00e9 \u00e0 la d\u00e9tection du bruit. De plus, il est \u00e9galement largement applicable dans divers domaines, y compris les mesures \u00e9lectroacoustiques, les mesures audio et la recherche acoustique.<\/p>\n","protected":false},"featured_media":270394,"template":"","meta":{"_acf_changed":false,"_eb_attr":"","content-type":""},"product_brand":[],"product_cat":[536,537],"product_tag":[],"class_list":{"0":"post-274436","1":"product","2":"type-product","3":"status-publish","4":"has-post-thumbnail","6":"product_cat-capteurs","7":"product_cat-ensemble-de-microphone","9":"first","10":"instock","11":"shipping-taxable","12":"product-type-simple"},"acf":[],"_links":{"self":[{"href":"https:\/\/design.crysound.com\/fr\/wp-json\/wp\/v2\/product\/274436","targetHints":{"allow":["GET"]}}],"collection":[{"href":"https:\/\/design.crysound.com\/fr\/wp-json\/wp\/v2\/product"}],"about":[{"href":"https:\/\/design.crysound.com\/fr\/wp-json\/wp\/v2\/types\/product"}],"wp:featuredmedia":[{"embeddable":true,"href":"https:\/\/design.crysound.com\/fr\/wp-json\/wp\/v2\/media\/270394"}],"wp:attachment":[{"href":"https:\/\/design.crysound.com\/fr\/wp-json\/wp\/v2\/media?parent=274436"}],"wp:term":[{"taxonomy":"product_brand","embeddable":true,"href":"https:\/\/design.crysound.com\/fr\/wp-json\/wp\/v2\/product_brand?post=274436"},{"taxonomy":"product_cat","embeddable":true,"href":"https:\/\/design.crysound.com\/fr\/wp-json\/wp\/v2\/product_cat?post=274436"},{"taxonomy":"product_tag","embeddable":true,"href":"https:\/\/design.crysound.com\/fr\/wp-json\/wp\/v2\/product_tag?post=274436"}],"curies":[{"name":"wp","href":"https:\/\/api.w.org\/{rel}","templated":true}]}}