{"id":274432,"date":"2025-06-08T09:42:44","date_gmt":"2025-06-08T09:42:44","guid":{"rendered":"https:\/\/design.crysound.com\/product\/source-sonore-de-reference-cry3611\/"},"modified":"2025-06-08T09:42:44","modified_gmt":"2025-06-08T09:42:44","slug":"source-sonore-de-reference-cry3611","status":"publish","type":"product","link":"https:\/\/design.crysound.com\/fr\/product\/source-sonore-de-reference-cry3611\/","title":{"rendered":"Source sonore de r\u00e9f\u00e9rence CRY3611"},"content":{"rendered":"<p>La CRY3611 est une source sonore de r\u00e9f\u00e9rence en champ lointain \u00e0 basse fr\u00e9quence am\u00e9lior\u00e9e. Elle est adapt\u00e9e aux essais en basses fr\u00e9quences et aux tests \u00e9lectroacoustiques exigeants tels que les tests d\u2019Active Noise Cancellation (ANC) et d\u2019Environmental Noise Cancellation (ENC).<\/p>\n<p>Elle est \u00e9galement adapt\u00e9e aux tests de la r\u00e9ponse en fr\u00e9quence, de la distorsion harmonique totale et d\u2019autres indicateurs de param\u00e8tres acoustiques d\u2019appareils tels que les enceintes intelligentes, les r\u00e9seaux de microphones, la reconnaissance vocale et l\u2019activation vocale.<\/p>\n","protected":false},"excerpt":{"rendered":"<p>La CRY3611 est une source sonore de r\u00e9f\u00e9rence en champ lointain \u00e0 basse fr\u00e9quence am\u00e9lior\u00e9e. Elle est adapt\u00e9e aux essais en basses fr\u00e9quences et aux tests \u00e9lectroacoustiques exigeants tels que les tests d\u2019Active Noise Cancellation (ANC) et d\u2019Environmental Noise Cancellation (ENC).<\/p>\n<p>\u200d<\/p>\n<p>Elle est \u00e9galement adapt\u00e9e aux tests de la r\u00e9ponse en fr\u00e9quence, de la distorsion harmonique totale et d\u2019autres indicateurs de param\u00e8tres acoustiques d\u2019appareils tels que les enceintes intelligentes, les r\u00e9seaux de microphones, la reconnaissance vocale et l\u2019activation vocale.<\/p>\n","protected":false},"featured_media":270243,"template":"","meta":{"_acf_changed":false,"_eb_attr":"","content-type":""},"product_brand":[],"product_cat":[536,560],"product_tag":[],"class_list":{"0":"post-274432","1":"product","2":"type-product","3":"status-publish","4":"has-post-thumbnail","6":"product_cat-capteurs","7":"product_cat-simulateur-de-bouche","9":"first","10":"instock","11":"shipping-taxable","12":"product-type-simple"},"acf":[],"_links":{"self":[{"href":"https:\/\/design.crysound.com\/fr\/wp-json\/wp\/v2\/product\/274432","targetHints":{"allow":["GET"]}}],"collection":[{"href":"https:\/\/design.crysound.com\/fr\/wp-json\/wp\/v2\/product"}],"about":[{"href":"https:\/\/design.crysound.com\/fr\/wp-json\/wp\/v2\/types\/product"}],"wp:featuredmedia":[{"embeddable":true,"href":"https:\/\/design.crysound.com\/fr\/wp-json\/wp\/v2\/media\/270243"}],"wp:attachment":[{"href":"https:\/\/design.crysound.com\/fr\/wp-json\/wp\/v2\/media?parent=274432"}],"wp:term":[{"taxonomy":"product_brand","embeddable":true,"href":"https:\/\/design.crysound.com\/fr\/wp-json\/wp\/v2\/product_brand?post=274432"},{"taxonomy":"product_cat","embeddable":true,"href":"https:\/\/design.crysound.com\/fr\/wp-json\/wp\/v2\/product_cat?post=274432"},{"taxonomy":"product_tag","embeddable":true,"href":"https:\/\/design.crysound.com\/fr\/wp-json\/wp\/v2\/product_tag?post=274432"}],"curies":[{"name":"wp","href":"https:\/\/api.w.org\/{rel}","templated":true}]}}