{"id":274431,"date":"2025-06-08T12:12:33","date_gmt":"2025-06-08T12:12:33","guid":{"rendered":"https:\/\/design.crysound.com\/product\/ensemble-de-coupleurs-cry3717-s01\/"},"modified":"2025-06-08T12:12:33","modified_gmt":"2025-06-08T12:12:33","slug":"ensemble-de-coupleurs-cry3717-s01","status":"publish","type":"product","link":"https:\/\/design.crysound.com\/fr\/product\/ensemble-de-coupleurs-cry3717-s01\/","title":{"rendered":"Ensemble de coupleurs CRY3717-S01"},"content":{"rendered":"<p>Le CRY3717-S01 est un ensemble de coupleurs de 6&nbsp;cm\u00b3 sp\u00e9cialement con\u00e7u pour les essais acoustiques des casques circum-auraux.<\/p>\n<p>La conception unique du CRY3717-S01 permet de r\u00e9aliser des mesures \u00e9lectroacoustiques de casques et d\u2019audiom\u00e8tres, ce qui facilite les comparaisons et la reproductibilit\u00e9 entre diff\u00e9rents concepts de produits.<\/p>\n","protected":false},"excerpt":{"rendered":"<p>Le CRY3717-S01 est un ensemble de coupleurs de 6&nbsp;cm\u00b3 sp\u00e9cialement con\u00e7u pour les essais acoustiques des casques circum-auraux.<\/p>\n<p>\u200d<\/p>\n<p>La conception unique du CRY3717-S01 permet de r\u00e9aliser des mesures \u00e9lectroacoustiques de casques et d\u2019audiom\u00e8tres, ce qui facilite les comparaisons et la reproductibilit\u00e9 entre diff\u00e9rents concepts de produits.<\/p>\n","protected":false},"featured_media":270260,"template":"","meta":{"_acf_changed":false,"_eb_attr":"","content-type":""},"product_brand":[],"product_cat":[536,553],"product_tag":[],"class_list":{"0":"post-274431","1":"product","2":"type-product","3":"status-publish","4":"has-post-thumbnail","6":"product_cat-capteurs","7":"product_cat-simulateur-doreille","9":"first","10":"instock","11":"shipping-taxable","12":"product-type-simple"},"acf":[],"_links":{"self":[{"href":"https:\/\/design.crysound.com\/fr\/wp-json\/wp\/v2\/product\/274431","targetHints":{"allow":["GET"]}}],"collection":[{"href":"https:\/\/design.crysound.com\/fr\/wp-json\/wp\/v2\/product"}],"about":[{"href":"https:\/\/design.crysound.com\/fr\/wp-json\/wp\/v2\/types\/product"}],"wp:featuredmedia":[{"embeddable":true,"href":"https:\/\/design.crysound.com\/fr\/wp-json\/wp\/v2\/media\/270260"}],"wp:attachment":[{"href":"https:\/\/design.crysound.com\/fr\/wp-json\/wp\/v2\/media?parent=274431"}],"wp:term":[{"taxonomy":"product_brand","embeddable":true,"href":"https:\/\/design.crysound.com\/fr\/wp-json\/wp\/v2\/product_brand?post=274431"},{"taxonomy":"product_cat","embeddable":true,"href":"https:\/\/design.crysound.com\/fr\/wp-json\/wp\/v2\/product_cat?post=274431"},{"taxonomy":"product_tag","embeddable":true,"href":"https:\/\/design.crysound.com\/fr\/wp-json\/wp\/v2\/product_tag?post=274431"}],"curies":[{"name":"wp","href":"https:\/\/api.w.org\/{rel}","templated":true}]}}