{"id":274429,"date":"2025-06-08T12:55:15","date_gmt":"2025-06-08T12:55:15","guid":{"rendered":"https:\/\/design.crysound.com\/product\/preamplificateur-cry3501-1-2-iepe-connecteur-bnc\/"},"modified":"2025-06-08T12:55:15","modified_gmt":"2025-06-08T12:55:15","slug":"preamplificateur-cry3501-1-2-iepe-connecteur-bnc","status":"publish","type":"product","link":"https:\/\/design.crysound.com\/fr\/product\/preamplificateur-cry3501-1-2-iepe-connecteur-bnc\/","title":{"rendered":"Preamplificateur CRY3501 1\/2&Prime; IEPE, connecteur BNC"},"content":{"rendered":"<p>Le CRY3501 est un pr\u00e9amplificateur aliment\u00e9 par une source de courant constant. Il peut \u00eatre utilis\u00e9 avec le microphone de mesure pr\u00e9polaris\u00e9 1\/2 pouce de la s\u00e9rie CRY3000. Parall\u00e8lement, il est largement compatible avec d\u2019autres marques.<\/p>\n<p>Le CRY3501 convertit une imp\u00e9dance d\u2019entr\u00e9e \u00e9lev\u00e9e en une imp\u00e9dance de sortie faible, ce qui permet l\u2019utilisation d\u2019un c\u00e2ble de rallonge plus long. Son avantage de faible bruit de fond n\u2019impose pratiquement aucune charge au microphone. Il prend en charge la fonction TEDS, ce qui peut r\u00e9duire le temps de test. Sa bonne conception et sa robustesse le rendent largement applicable \u00e0 diverses conditions environnementales.<\/p>\n","protected":false},"excerpt":{"rendered":"<p>Le CRY3501 est un pr\u00e9amplificateur aliment\u00e9 par une source de courant constant. Il peut \u00eatre utilis\u00e9 avec le microphone de mesure pr\u00e9polaris\u00e9 1\/2 pouce de la s\u00e9rie CRY3000. Parall\u00e8lement, il est largement compatible avec d\u2019autres marques.<\/p>\n<p>\u200d<\/p>\n<p>Le CRY3501 convertit une imp\u00e9dance d\u2019entr\u00e9e \u00e9lev\u00e9e en une imp\u00e9dance de sortie faible, ce qui permet l\u2019utilisation d\u2019un c\u00e2ble de rallonge plus long. Son avantage de faible bruit de fond n\u2019impose pratiquement aucune charge au microphone. Il prend en charge la fonction TEDS, ce qui peut r\u00e9duire le temps de test. Sa bonne conception et sa robustesse le rendent largement applicable \u00e0 diverses conditions environnementales.<\/p>\n","protected":false},"featured_media":270269,"template":"","meta":{"_acf_changed":false,"_eb_attr":"","content-type":""},"product_brand":[],"product_cat":[536,551],"product_tag":[],"class_list":{"0":"post-274429","1":"product","2":"type-product","3":"status-publish","4":"has-post-thumbnail","6":"product_cat-capteurs","7":"product_cat-preamplificateur","9":"first","10":"instock","11":"shipping-taxable","12":"product-type-simple"},"acf":[],"_links":{"self":[{"href":"https:\/\/design.crysound.com\/fr\/wp-json\/wp\/v2\/product\/274429","targetHints":{"allow":["GET"]}}],"collection":[{"href":"https:\/\/design.crysound.com\/fr\/wp-json\/wp\/v2\/product"}],"about":[{"href":"https:\/\/design.crysound.com\/fr\/wp-json\/wp\/v2\/types\/product"}],"wp:featuredmedia":[{"embeddable":true,"href":"https:\/\/design.crysound.com\/fr\/wp-json\/wp\/v2\/media\/270269"}],"wp:attachment":[{"href":"https:\/\/design.crysound.com\/fr\/wp-json\/wp\/v2\/media?parent=274429"}],"wp:term":[{"taxonomy":"product_brand","embeddable":true,"href":"https:\/\/design.crysound.com\/fr\/wp-json\/wp\/v2\/product_brand?post=274429"},{"taxonomy":"product_cat","embeddable":true,"href":"https:\/\/design.crysound.com\/fr\/wp-json\/wp\/v2\/product_cat?post=274429"},{"taxonomy":"product_tag","embeddable":true,"href":"https:\/\/design.crysound.com\/fr\/wp-json\/wp\/v2\/product_tag?post=274429"}],"curies":[{"name":"wp","href":"https:\/\/api.w.org\/{rel}","templated":true}]}}