{"id":274424,"date":"2025-06-08T09:47:05","date_gmt":"2025-06-08T09:47:05","guid":{"rendered":"https:\/\/design.crysound.com\/product\/simulateur-de-bouche-cry3605-haute-performance-rec-uit-t-p51\/"},"modified":"2025-06-08T09:47:05","modified_gmt":"2025-06-08T09:47:05","slug":"simulateur-de-bouche-cry3605-haute-performance-rec-uit-t-p51","status":"publish","type":"product","link":"https:\/\/design.crysound.com\/fr\/product\/simulateur-de-bouche-cry3605-haute-performance-rec-uit-t-p51\/","title":{"rendered":"Simulateur de bouche CRY3605, haute performance, Rec. UIT-T P51"},"content":{"rendered":"<p>Le simulateur de bouche CRY3605 est une source sonore utilis\u00e9e pour reproduire le champ sonore \u00e0 proximit\u00e9 de la bouche humaine. Il est adapt\u00e9 au test d\u2019indicateurs de param\u00e8tres acoustiques tels que la r\u00e9ponse en fr\u00e9quence et la distorsion des \u00e9metteurs t\u00e9l\u00e9phoniques et des microphones.<\/p>\n<p>\u200d<\/p>\n<p>Le CRY3605 pr\u00e9sente une grande stabilit\u00e9. Son taux de distorsion entre 200 Hz et 10 kHz atteint un niveau de pointe \u00e0 l\u2019\u00e9chelle internationale.<\/p>\n","protected":false},"excerpt":{"rendered":"<p>Le simulateur de bouche CRY3605 est une source sonore utilis\u00e9e pour reproduire le champ sonore \u00e0 proximit\u00e9 de la bouche humaine. Il est adapt\u00e9 au test d\u2019indicateurs de param\u00e8tres acoustiques tels que la r\u00e9ponse en fr\u00e9quence et la distorsion des \u00e9metteurs t\u00e9l\u00e9phoniques et des microphones.<\/p>\n<p>\u200d<\/p>\n<p>Le CRY3605 pr\u00e9sente une grande stabilit\u00e9. Son taux de distorsion entre 200 Hz et 10 kHz atteint un niveau de pointe \u00e0 l\u2019\u00e9chelle internationale.<\/p>\n","protected":false},"featured_media":270232,"template":"","meta":{"_acf_changed":false,"_eb_attr":"","content-type":""},"product_brand":[],"product_cat":[536,560],"product_tag":[],"class_list":{"0":"post-274424","1":"product","2":"type-product","3":"status-publish","4":"has-post-thumbnail","6":"product_cat-capteurs","7":"product_cat-simulateur-de-bouche","9":"first","10":"instock","11":"shipping-taxable","12":"product-type-simple"},"acf":[],"_links":{"self":[{"href":"https:\/\/design.crysound.com\/fr\/wp-json\/wp\/v2\/product\/274424","targetHints":{"allow":["GET"]}}],"collection":[{"href":"https:\/\/design.crysound.com\/fr\/wp-json\/wp\/v2\/product"}],"about":[{"href":"https:\/\/design.crysound.com\/fr\/wp-json\/wp\/v2\/types\/product"}],"wp:featuredmedia":[{"embeddable":true,"href":"https:\/\/design.crysound.com\/fr\/wp-json\/wp\/v2\/media\/270232"}],"wp:attachment":[{"href":"https:\/\/design.crysound.com\/fr\/wp-json\/wp\/v2\/media?parent=274424"}],"wp:term":[{"taxonomy":"product_brand","embeddable":true,"href":"https:\/\/design.crysound.com\/fr\/wp-json\/wp\/v2\/product_brand?post=274424"},{"taxonomy":"product_cat","embeddable":true,"href":"https:\/\/design.crysound.com\/fr\/wp-json\/wp\/v2\/product_cat?post=274424"},{"taxonomy":"product_tag","embeddable":true,"href":"https:\/\/design.crysound.com\/fr\/wp-json\/wp\/v2\/product_tag?post=274424"}],"curies":[{"name":"wp","href":"https:\/\/api.w.org\/{rel}","templated":true}]}}