{"id":274422,"date":"2025-06-08T12:15:43","date_gmt":"2025-06-08T12:15:43","guid":{"rendered":"https:\/\/design.crysound.com\/product\/ensemble-de-coupleurs-cry3719-s01\/"},"modified":"2025-06-08T12:15:43","modified_gmt":"2025-06-08T12:15:43","slug":"ensemble-de-coupleurs-cry3719-s01","status":"publish","type":"product","link":"https:\/\/design.crysound.com\/fr\/product\/ensemble-de-coupleurs-cry3719-s01\/","title":{"rendered":"Ensemble de coupleurs CRY3719-S01"},"content":{"rendered":"<p>Le CRY3719-S01 est un ensemble de coupleurs 2&nbsp;cc sp\u00e9cialement con\u00e7u pour l\u2019audiom\u00e9trie et les tests acoustiques des \u00e9couteurs intra-auriculaires.<\/p>\n<p>\u200dLa conception unique du CRY3719-S01 pr\u00e9sente une fr\u00e9quence de r\u00e9sonance de 22,4&nbsp;kHz, \u00e9vitant efficacement toute interf\u00e9rence avec les mesures dans la plage de fr\u00e9quences audibles. Cela permet des tests acoustiques stables, fiables et de haute qualit\u00e9.<\/p>\n","protected":false},"excerpt":{"rendered":"<p>Le CRY3719-S01 est un ensemble de coupleurs 2&nbsp;cc sp\u00e9cialement con\u00e7u pour l\u2019audiom\u00e9trie et les tests acoustiques des \u00e9couteurs intra-auriculaires.<\/p>\n<p>\u200d<\/p>\n<p>La conception unique du CRY3719-S01 pr\u00e9sente une fr\u00e9quence de r\u00e9sonance de 22,4&nbsp;kHz, \u00e9vitant efficacement toute interf\u00e9rence avec les mesures dans la plage de fr\u00e9quences audibles. Cela permet des tests acoustiques stables, fiables et de haute qualit\u00e9.<\/p>\n","protected":false},"featured_media":270251,"template":"","meta":{"_acf_changed":false,"_eb_attr":"","content-type":""},"product_brand":[],"product_cat":[536,553],"product_tag":[],"class_list":{"0":"post-274422","1":"product","2":"type-product","3":"status-publish","4":"has-post-thumbnail","6":"product_cat-capteurs","7":"product_cat-simulateur-doreille","9":"first","10":"instock","11":"shipping-taxable","12":"product-type-simple"},"acf":[],"_links":{"self":[{"href":"https:\/\/design.crysound.com\/fr\/wp-json\/wp\/v2\/product\/274422","targetHints":{"allow":["GET"]}}],"collection":[{"href":"https:\/\/design.crysound.com\/fr\/wp-json\/wp\/v2\/product"}],"about":[{"href":"https:\/\/design.crysound.com\/fr\/wp-json\/wp\/v2\/types\/product"}],"wp:featuredmedia":[{"embeddable":true,"href":"https:\/\/design.crysound.com\/fr\/wp-json\/wp\/v2\/media\/270251"}],"wp:attachment":[{"href":"https:\/\/design.crysound.com\/fr\/wp-json\/wp\/v2\/media?parent=274422"}],"wp:term":[{"taxonomy":"product_brand","embeddable":true,"href":"https:\/\/design.crysound.com\/fr\/wp-json\/wp\/v2\/product_brand?post=274422"},{"taxonomy":"product_cat","embeddable":true,"href":"https:\/\/design.crysound.com\/fr\/wp-json\/wp\/v2\/product_cat?post=274422"},{"taxonomy":"product_tag","embeddable":true,"href":"https:\/\/design.crysound.com\/fr\/wp-json\/wp\/v2\/product_tag?post=274422"}],"curies":[{"name":"wp","href":"https:\/\/api.w.org\/{rel}","templated":true}]}}