{"id":274417,"date":"2025-06-08T13:10:04","date_gmt":"2025-06-08T13:10:04","guid":{"rendered":"https:\/\/design.crysound.com\/product\/ensemble-de-simulateur-doreille-cry3711-s01\/"},"modified":"2025-06-08T13:10:04","modified_gmt":"2025-06-08T13:10:04","slug":"ensemble-de-simulateur-doreille-cry3711-s01","status":"publish","type":"product","link":"https:\/\/design.crysound.com\/fr\/product\/ensemble-de-simulateur-doreille-cry3711-s01\/","title":{"rendered":"Ensemble de simulateur d\u2019oreille CRY3711-S01"},"content":{"rendered":"<p>L\u2019ensemble de simulateur d\u2019oreille CRY3711-S01 reproduit la fa\u00e7on dont un conduit de bouchon d\u2019oreille est ins\u00e9r\u00e9 dans le conduit auditif ou le pavillon afin de mesurer les performances des \u00e9couteurs. Il int\u00e8gre \u00e0 l\u2019int\u00e9rieur un microphone de mesure de champ de pression pr\u00e9polaris\u00e9 de 1\/2 pouce et peut \u00eatre utilis\u00e9 pour les essais acoustiques d\u2019\u00e9couteurs intra-auriculaires de haute qualit\u00e9.<\/p>\n<p>L\u2019imp\u00e9dance d\u2019entr\u00e9e du CRY3711-S01 est tr\u00e8s proche de l\u2019imp\u00e9dance d\u2019entr\u00e9e d\u2019une oreille humaine ordinaire, ce qui permet une mesure efficace jusqu\u2019\u00e0 10 kHz.<\/p>\n","protected":false},"excerpt":{"rendered":"<p>L\u2019ensemble de simulateur d\u2019oreille CRY3711-S01 reproduit la fa\u00e7on dont un conduit de bouchon d\u2019oreille est ins\u00e9r\u00e9 dans le conduit auditif ou le pavillon afin de mesurer les performances des \u00e9couteurs. Il int\u00e8gre \u00e0 l\u2019int\u00e9rieur un microphone de mesure de champ de pression pr\u00e9polaris\u00e9 de 1\/2 pouce et peut \u00eatre utilis\u00e9 pour les essais acoustiques d\u2019\u00e9couteurs intra-auriculaires de haute qualit\u00e9.<\/p>\n<p>\u200d<\/p>\n<p>L\u2019imp\u00e9dance d\u2019entr\u00e9e du CRY3711-S01 est tr\u00e8s proche de l\u2019imp\u00e9dance d\u2019entr\u00e9e d\u2019une oreille humaine ordinaire, ce qui permet une mesure efficace jusqu\u2019\u00e0 10 kHz.<\/p>\n","protected":false},"featured_media":270263,"template":"","meta":{"_acf_changed":false,"_eb_attr":"","content-type":""},"product_brand":[],"product_cat":[536,553],"product_tag":[],"class_list":{"0":"post-274417","1":"product","2":"type-product","3":"status-publish","4":"has-post-thumbnail","6":"product_cat-capteurs","7":"product_cat-simulateur-doreille","9":"first","10":"instock","11":"shipping-taxable","12":"product-type-simple"},"acf":[],"_links":{"self":[{"href":"https:\/\/design.crysound.com\/fr\/wp-json\/wp\/v2\/product\/274417","targetHints":{"allow":["GET"]}}],"collection":[{"href":"https:\/\/design.crysound.com\/fr\/wp-json\/wp\/v2\/product"}],"about":[{"href":"https:\/\/design.crysound.com\/fr\/wp-json\/wp\/v2\/types\/product"}],"wp:featuredmedia":[{"embeddable":true,"href":"https:\/\/design.crysound.com\/fr\/wp-json\/wp\/v2\/media\/270263"}],"wp:attachment":[{"href":"https:\/\/design.crysound.com\/fr\/wp-json\/wp\/v2\/media?parent=274417"}],"wp:term":[{"taxonomy":"product_brand","embeddable":true,"href":"https:\/\/design.crysound.com\/fr\/wp-json\/wp\/v2\/product_brand?post=274417"},{"taxonomy":"product_cat","embeddable":true,"href":"https:\/\/design.crysound.com\/fr\/wp-json\/wp\/v2\/product_cat?post=274417"},{"taxonomy":"product_tag","embeddable":true,"href":"https:\/\/design.crysound.com\/fr\/wp-json\/wp\/v2\/product_tag?post=274417"}],"curies":[{"name":"wp","href":"https:\/\/api.w.org\/{rel}","templated":true}]}}