{"id":274416,"date":"2025-06-08T13:18:32","date_gmt":"2025-06-08T13:18:32","guid":{"rendered":"https:\/\/design.crysound.com\/product\/coupleur-cry3719-iec-60318-5\/"},"modified":"2025-06-08T13:18:32","modified_gmt":"2025-06-08T13:18:32","slug":"coupleur-cry3719-iec-60318-5","status":"publish","type":"product","link":"https:\/\/design.crysound.com\/fr\/product\/coupleur-cry3719-iec-60318-5\/","title":{"rendered":"Coupleur CRY3719 IEC 60318-5"},"content":{"rendered":"<p>Le CRY3719 est un coupleur de 2&nbsp;cm\u00b3 sp\u00e9cialement con\u00e7u pour l\u2019audiom\u00e9trie et les essais acoustiques des \u00e9couteurs intra-auriculaires.<\/p>\n<p>La conception unique du CRY3719 pr\u00e9sente une fr\u00e9quence de r\u00e9sonance de 22,4&nbsp;kHz, ce qui permet d\u2019\u00e9viter efficacement toute interf\u00e9rence avec les mesures dans la plage des fr\u00e9quences audibles. Cela permet de r\u00e9aliser des essais acoustiques stables, fiables et de haute qualit\u00e9.<\/p>\n","protected":false},"excerpt":{"rendered":"<p>Le CRY3719 est un coupleur de 2&nbsp;cm\u00b3 sp\u00e9cialement con\u00e7u pour l\u2019audiom\u00e9trie et les essais acoustiques des \u00e9couteurs intra-auriculaires.<\/p>\n<p>\u200d<\/p>\n<p>La conception unique du CRY3719 pr\u00e9sente une fr\u00e9quence de r\u00e9sonance de 22,4&nbsp;kHz, ce qui permet d\u2019\u00e9viter efficacement toute interf\u00e9rence avec les mesures dans la plage des fr\u00e9quences audibles. Cela permet de r\u00e9aliser des essais acoustiques stables, fiables et de haute qualit\u00e9.<\/p>\n","protected":false},"featured_media":270248,"template":"","meta":{"_acf_changed":false,"_eb_attr":"","content-type":""},"product_brand":[],"product_cat":[536,553],"product_tag":[],"class_list":{"0":"post-274416","1":"product","2":"type-product","3":"status-publish","4":"has-post-thumbnail","6":"product_cat-capteurs","7":"product_cat-simulateur-doreille","9":"first","10":"instock","11":"shipping-taxable","12":"product-type-simple"},"acf":[],"_links":{"self":[{"href":"https:\/\/design.crysound.com\/fr\/wp-json\/wp\/v2\/product\/274416","targetHints":{"allow":["GET"]}}],"collection":[{"href":"https:\/\/design.crysound.com\/fr\/wp-json\/wp\/v2\/product"}],"about":[{"href":"https:\/\/design.crysound.com\/fr\/wp-json\/wp\/v2\/types\/product"}],"wp:featuredmedia":[{"embeddable":true,"href":"https:\/\/design.crysound.com\/fr\/wp-json\/wp\/v2\/media\/270248"}],"wp:attachment":[{"href":"https:\/\/design.crysound.com\/fr\/wp-json\/wp\/v2\/media?parent=274416"}],"wp:term":[{"taxonomy":"product_brand","embeddable":true,"href":"https:\/\/design.crysound.com\/fr\/wp-json\/wp\/v2\/product_brand?post=274416"},{"taxonomy":"product_cat","embeddable":true,"href":"https:\/\/design.crysound.com\/fr\/wp-json\/wp\/v2\/product_cat?post=274416"},{"taxonomy":"product_tag","embeddable":true,"href":"https:\/\/design.crysound.com\/fr\/wp-json\/wp\/v2\/product_tag?post=274416"}],"curies":[{"name":"wp","href":"https:\/\/api.w.org\/{rel}","templated":true}]}}