{"id":274415,"date":"2025-06-08T13:46:53","date_gmt":"2025-06-08T13:46:53","guid":{"rendered":"https:\/\/design.crysound.com\/product\/preamplificateur-cry3541-1-4-iepe-connecteur-smb\/"},"modified":"2025-06-08T13:46:53","modified_gmt":"2025-06-08T13:46:53","slug":"preamplificateur-cry3541-1-4-iepe-connecteur-smb","status":"publish","type":"product","link":"https:\/\/design.crysound.com\/fr\/product\/preamplificateur-cry3541-1-4-iepe-connecteur-smb\/","title":{"rendered":"Preamplificateur CRY3541 1\/4&Prime; IEPE, connecteur SMB"},"content":{"rendered":"<p>Le CRY3541 est un pr\u00e9amplificateur \u00e0 alimentation en courant constant qui peut \u00eatre utilis\u00e9 avec le microphone de mesure pr\u00e9polaris\u00e9 1\/4 pouce de la s\u00e9rie CRY3000 et offre une large compatibilit\u00e9 avec d\u2019autres marques.<\/p>\n<p>Convertissant de fa\u00e7on transparente une imp\u00e9dance d\u2019entr\u00e9e \u00e9lev\u00e9e en une faible imp\u00e9dance de sortie, le CRY3541 permet l\u2019utilisation de c\u00e2bles de rallonge plus longs sans compromettre les performances. Son faible bruit de fond garantit un impact minimal sur le microphone, tandis que la fonctionnalit\u00e9 TEDS acc\u00e9l\u00e8re les processus de test. Con\u00e7u pour la durabilit\u00e9 et la r\u00e9sistance, il offre des performances fiables dans diverses conditions environnementales.<\/p>\n","protected":false},"excerpt":{"rendered":"<p>Le CRY3541 est un pr\u00e9amplificateur \u00e0 alimentation en courant constant qui peut \u00eatre utilis\u00e9 avec le microphone de mesure pr\u00e9polaris\u00e9 1\/4 pouce de la s\u00e9rie CRY3000 et offre une large compatibilit\u00e9 avec d\u2019autres marques.<\/p>\n<p>\u200d<\/p>\n<p>Convertissant de fa\u00e7on transparente une imp\u00e9dance d\u2019entr\u00e9e \u00e9lev\u00e9e en une faible imp\u00e9dance de sortie, le CRY3541 permet l\u2019utilisation de c\u00e2bles de rallonge plus longs sans compromettre les performances. Son faible bruit de fond garantit un impact minimal sur le microphone, tandis que la fonctionnalit\u00e9 TEDS acc\u00e9l\u00e8re les processus de test. Con\u00e7u pour la durabilit\u00e9 et la r\u00e9sistance, il offre des performances fiables dans diverses conditions environnementales.<\/p>\n","protected":false},"featured_media":270302,"template":"","meta":{"_acf_changed":false,"_eb_attr":"","content-type":""},"product_brand":[],"product_cat":[536,551],"product_tag":[],"class_list":{"0":"post-274415","1":"product","2":"type-product","3":"status-publish","4":"has-post-thumbnail","6":"product_cat-capteurs","7":"product_cat-preamplificateur","9":"first","10":"instock","11":"shipping-taxable","12":"product-type-simple"},"acf":[],"_links":{"self":[{"href":"https:\/\/design.crysound.com\/fr\/wp-json\/wp\/v2\/product\/274415","targetHints":{"allow":["GET"]}}],"collection":[{"href":"https:\/\/design.crysound.com\/fr\/wp-json\/wp\/v2\/product"}],"about":[{"href":"https:\/\/design.crysound.com\/fr\/wp-json\/wp\/v2\/types\/product"}],"wp:featuredmedia":[{"embeddable":true,"href":"https:\/\/design.crysound.com\/fr\/wp-json\/wp\/v2\/media\/270302"}],"wp:attachment":[{"href":"https:\/\/design.crysound.com\/fr\/wp-json\/wp\/v2\/media?parent=274415"}],"wp:term":[{"taxonomy":"product_brand","embeddable":true,"href":"https:\/\/design.crysound.com\/fr\/wp-json\/wp\/v2\/product_brand?post=274415"},{"taxonomy":"product_cat","embeddable":true,"href":"https:\/\/design.crysound.com\/fr\/wp-json\/wp\/v2\/product_cat?post=274415"},{"taxonomy":"product_tag","embeddable":true,"href":"https:\/\/design.crysound.com\/fr\/wp-json\/wp\/v2\/product_tag?post=274415"}],"curies":[{"name":"wp","href":"https:\/\/api.w.org\/{rel}","templated":true}]}}