{"id":274408,"date":"2025-06-08T09:56:03","date_gmt":"2025-06-08T09:56:03","guid":{"rendered":"https:\/\/design.crysound.com\/product\/simulateur-de-bouche-cry3603-200-hz-a-50-khz-itu-t-recommandation-p51\/"},"modified":"2025-06-08T09:56:03","modified_gmt":"2025-06-08T09:56:03","slug":"simulateur-de-bouche-cry3603-200-hz-a-50-khz-itu-t-recommandation-p51","status":"publish","type":"product","link":"https:\/\/design.crysound.com\/fr\/product\/simulateur-de-bouche-cry3603-200-hz-a-50-khz-itu-t-recommandation-p51\/","title":{"rendered":"Simulateur de bouche CRY3603 200 Hz \u00e0 50 kHz, ITU\u2011T Recommandation P51"},"content":{"rendered":"<p>Le simulateur de bouche haute fr\u00e9quence CRY3603 est con\u00e7u pour reproduire des sources sonores haute fr\u00e9quence dans l\u2019environnement acoustique proche de la bouche humaine, avec une r\u00e9ponse en fr\u00e9quence pouvant atteindre 40 kHz.<\/p>\n<p>\u200d<br \/>\nIl est principalement utilis\u00e9 pour tester des microphones haute fr\u00e9quence, en \u00e9valuant des param\u00e8tres tels que la r\u00e9ponse en fr\u00e9quence et la distorsion. Le CRY3603 r\u00e9pond aux exigences de mesures et d\u2019essais haute fr\u00e9quence de grande pr\u00e9cision.<\/p>\n","protected":false},"excerpt":{"rendered":"<p>Le simulateur de bouche haute fr\u00e9quence CRY3603 est con\u00e7u pour reproduire des sources sonores haute fr\u00e9quence dans l\u2019environnement acoustique proche de la bouche humaine, avec une r\u00e9ponse en fr\u00e9quence pouvant atteindre 40 kHz.<\/p>\n<p>\u200d<\/p>\n<p>Il est principalement utilis\u00e9 pour tester des microphones haute fr\u00e9quence, en \u00e9valuant des param\u00e8tres tels que la r\u00e9ponse en fr\u00e9quence et la distorsion. Le CRY3603 r\u00e9pond aux exigences de mesures et d\u2019essais haute fr\u00e9quence de grande pr\u00e9cision.<\/p>\n","protected":false},"featured_media":270235,"template":"","meta":{"_acf_changed":false,"_eb_attr":"","content-type":""},"product_brand":[],"product_cat":[536,560],"product_tag":[],"class_list":{"0":"post-274408","1":"product","2":"type-product","3":"status-publish","4":"has-post-thumbnail","6":"product_cat-capteurs","7":"product_cat-simulateur-de-bouche","9":"first","10":"instock","11":"shipping-taxable","12":"product-type-simple"},"acf":[],"_links":{"self":[{"href":"https:\/\/design.crysound.com\/fr\/wp-json\/wp\/v2\/product\/274408","targetHints":{"allow":["GET"]}}],"collection":[{"href":"https:\/\/design.crysound.com\/fr\/wp-json\/wp\/v2\/product"}],"about":[{"href":"https:\/\/design.crysound.com\/fr\/wp-json\/wp\/v2\/types\/product"}],"wp:featuredmedia":[{"embeddable":true,"href":"https:\/\/design.crysound.com\/fr\/wp-json\/wp\/v2\/media\/270235"}],"wp:attachment":[{"href":"https:\/\/design.crysound.com\/fr\/wp-json\/wp\/v2\/media?parent=274408"}],"wp:term":[{"taxonomy":"product_brand","embeddable":true,"href":"https:\/\/design.crysound.com\/fr\/wp-json\/wp\/v2\/product_brand?post=274408"},{"taxonomy":"product_cat","embeddable":true,"href":"https:\/\/design.crysound.com\/fr\/wp-json\/wp\/v2\/product_cat?post=274408"},{"taxonomy":"product_tag","embeddable":true,"href":"https:\/\/design.crysound.com\/fr\/wp-json\/wp\/v2\/product_tag?post=274408"}],"curies":[{"name":"wp","href":"https:\/\/api.w.org\/{rel}","templated":true}]}}