{"id":274405,"date":"2025-06-08T13:12:22","date_gmt":"2025-06-08T13:12:22","guid":{"rendered":"https:\/\/design.crysound.com\/product\/ensemble-simulateur-doreille-cry3718-s01-iec60318-1\/"},"modified":"2025-06-08T13:12:22","modified_gmt":"2025-06-08T13:12:22","slug":"ensemble-simulateur-doreille-cry3718-s01-iec60318-1","status":"publish","type":"product","link":"https:\/\/design.crysound.com\/fr\/product\/ensemble-simulateur-doreille-cry3718-s01-iec60318-1\/","title":{"rendered":"Ensemble simulateur d\u2019oreille CRY3718-S01 IEC60318-1"},"content":{"rendered":"<p>Le CRY3718-S01 est un ensemble d\u2019oreille simul\u00e9e sp\u00e9cialement con\u00e7u pour les mesures en audiologie et dans les domaines associ\u00e9s.<\/p>\n<p>Le design unique du CRY3718-S01 lui permet de r\u00e9aliser des mesures \u00e9lectroacoustiques de combin\u00e9s t\u00e9l\u00e9phoniques ou de casques dans un environnement acoustique ma\u00eetris\u00e9. Il est largement utilis\u00e9 en recherche et d\u00e9veloppement dans les domaines des casques, des aides auditives et d\u2019autres applications connexes.<\/p>\n","protected":false},"excerpt":{"rendered":"<p>Le CRY3718-S01 est un ensemble d\u2019oreille simul\u00e9e sp\u00e9cialement con\u00e7u pour les mesures en audiologie et dans les domaines associ\u00e9s.<\/p>\n<p>\u200d<\/p>\n<p>Le design unique du CRY3718-S01 lui permet de r\u00e9aliser des mesures \u00e9lectroacoustiques de combin\u00e9s t\u00e9l\u00e9phoniques ou de casques dans un environnement acoustique ma\u00eetris\u00e9. Il est largement utilis\u00e9 en recherche et d\u00e9veloppement dans les domaines des casques, des aides auditives et d\u2019autres applications connexes.<\/p>\n","protected":false},"featured_media":270254,"template":"","meta":{"_acf_changed":false,"_eb_attr":"","content-type":""},"product_brand":[],"product_cat":[536,553],"product_tag":[],"class_list":{"0":"post-274405","1":"product","2":"type-product","3":"status-publish","4":"has-post-thumbnail","6":"product_cat-capteurs","7":"product_cat-simulateur-doreille","9":"first","10":"instock","11":"shipping-taxable","12":"product-type-simple"},"acf":[],"_links":{"self":[{"href":"https:\/\/design.crysound.com\/fr\/wp-json\/wp\/v2\/product\/274405","targetHints":{"allow":["GET"]}}],"collection":[{"href":"https:\/\/design.crysound.com\/fr\/wp-json\/wp\/v2\/product"}],"about":[{"href":"https:\/\/design.crysound.com\/fr\/wp-json\/wp\/v2\/types\/product"}],"wp:featuredmedia":[{"embeddable":true,"href":"https:\/\/design.crysound.com\/fr\/wp-json\/wp\/v2\/media\/270254"}],"wp:attachment":[{"href":"https:\/\/design.crysound.com\/fr\/wp-json\/wp\/v2\/media?parent=274405"}],"wp:term":[{"taxonomy":"product_brand","embeddable":true,"href":"https:\/\/design.crysound.com\/fr\/wp-json\/wp\/v2\/product_brand?post=274405"},{"taxonomy":"product_cat","embeddable":true,"href":"https:\/\/design.crysound.com\/fr\/wp-json\/wp\/v2\/product_cat?post=274405"},{"taxonomy":"product_tag","embeddable":true,"href":"https:\/\/design.crysound.com\/fr\/wp-json\/wp\/v2\/product_tag?post=274405"}],"curies":[{"name":"wp","href":"https:\/\/api.w.org\/{rel}","templated":true}]}}