{"id":274403,"date":"2025-06-08T12:31:26","date_gmt":"2025-06-08T12:31:26","guid":{"rendered":"https:\/\/design.crysound.com\/product\/microphone-de-champ-de-pression-cry3282-1-2-polarise-exterieurement-125-mv-pa\/"},"modified":"2025-06-08T12:31:26","modified_gmt":"2025-06-08T12:31:26","slug":"microphone-de-champ-de-pression-cry3282-1-2-polarise-exterieurement-125-mv-pa","status":"publish","type":"product","link":"https:\/\/design.crysound.com\/fr\/product\/microphone-de-champ-de-pression-cry3282-1-2-polarise-exterieurement-125-mv-pa\/","title":{"rendered":"Microphone de champ de pression CRY3282, 1\/2&Prime;, polaris\u00e9 ext\u00e9rieurement, 12,5 mV\/Pa"},"content":{"rendered":"<p>Le CRY3282 est un microphone de mesure de 1\/2 pouce, polaris\u00e9 ext\u00e9rieurement, con\u00e7u pour les mesures en champ de pression. Il est sp\u00e9cifiquement con\u00e7u pour \u00eatre utilis\u00e9 avec une chambre de couplage pour les essais \u00e9lectroacoustiques associ\u00e9s.<\/p>\n<p>La conception unique du CRY3282 permet des essais \u00e0 haute qualit\u00e9 et \u00e0 large bande passante de la r\u00e9ponse en fr\u00e9quence des moniteurs intra-auriculaires et des bouchons d\u2019oreilles. Sa plage de fr\u00e9quences s\u2019\u00e9tend jusqu\u2019\u00e0 20 kHz, d\u00e9passant les capacit\u00e9s de test de la plupart des oreilles simul\u00e9es.<\/p>\n","protected":false},"excerpt":{"rendered":"<p>Le CRY3282 est un microphone de mesure de 1\/2 pouce, polaris\u00e9 ext\u00e9rieurement, con\u00e7u pour les mesures en champ de pression. Il est sp\u00e9cifiquement con\u00e7u pour \u00eatre utilis\u00e9 avec une chambre de couplage pour les essais \u00e9lectroacoustiques associ\u00e9s.<\/p>\n<p>\u200d<\/p>\n<p>La conception unique du CRY3282 permet des essais \u00e0 haute qualit\u00e9 et \u00e0 large bande passante de la r\u00e9ponse en fr\u00e9quence des moniteurs intra-auriculaires et des bouchons d\u2019oreilles. Sa plage de fr\u00e9quences s\u2019\u00e9tend jusqu\u2019\u00e0 20 kHz, d\u00e9passant les capacit\u00e9s de test de la plupart des oreilles simul\u00e9es.<\/p>\n","protected":false},"featured_media":270316,"template":"","meta":{"_acf_changed":false,"_eb_attr":"","content-type":""},"product_brand":[],"product_cat":[540,536],"product_tag":[],"class_list":{"0":"post-274403","1":"product","2":"type-product","3":"status-publish","4":"has-post-thumbnail","6":"product_cat-capsule-de-microphone","7":"product_cat-capteurs","9":"first","10":"instock","11":"shipping-taxable","12":"product-type-simple"},"acf":[],"_links":{"self":[{"href":"https:\/\/design.crysound.com\/fr\/wp-json\/wp\/v2\/product\/274403","targetHints":{"allow":["GET"]}}],"collection":[{"href":"https:\/\/design.crysound.com\/fr\/wp-json\/wp\/v2\/product"}],"about":[{"href":"https:\/\/design.crysound.com\/fr\/wp-json\/wp\/v2\/types\/product"}],"wp:featuredmedia":[{"embeddable":true,"href":"https:\/\/design.crysound.com\/fr\/wp-json\/wp\/v2\/media\/270316"}],"wp:attachment":[{"href":"https:\/\/design.crysound.com\/fr\/wp-json\/wp\/v2\/media?parent=274403"}],"wp:term":[{"taxonomy":"product_brand","embeddable":true,"href":"https:\/\/design.crysound.com\/fr\/wp-json\/wp\/v2\/product_brand?post=274403"},{"taxonomy":"product_cat","embeddable":true,"href":"https:\/\/design.crysound.com\/fr\/wp-json\/wp\/v2\/product_cat?post=274403"},{"taxonomy":"product_tag","embeddable":true,"href":"https:\/\/design.crysound.com\/fr\/wp-json\/wp\/v2\/product_tag?post=274403"}],"curies":[{"name":"wp","href":"https:\/\/api.w.org\/{rel}","templated":true}]}}