{"id":274402,"date":"2025-06-08T13:20:54","date_gmt":"2025-06-08T13:20:54","guid":{"rendered":"https:\/\/design.crysound.com\/product\/simulateur-doreille-cry3711-iec60318-4\/"},"modified":"2025-06-08T13:20:54","modified_gmt":"2025-06-08T13:20:54","slug":"simulateur-doreille-cry3711-iec60318-4","status":"publish","type":"product","link":"https:\/\/design.crysound.com\/fr\/product\/simulateur-doreille-cry3711-iec60318-4\/","title":{"rendered":"Simulateur d\u2019oreille CRY3711 IEC60318-4"},"content":{"rendered":"<p>Le CRY3711 est un simulateur d\u2019oreille de pr\u00e9cision con\u00e7u pour reproduire l\u2019imp\u00e9dance acoustique du conduit auditif humain, permettant des mesures pr\u00e9cises et r\u00e9p\u00e9tables des \u00e9couteurs et oreillettes intra-auriculaires, en parfaite conformit\u00e9 avec la norme <strong>IEC 60318-4<\/strong>.<\/p>\n<p>Avec un microphone de mesure en champ de pression pr\u00e9polaris\u00e9 1\/2\u2033 int\u00e9gr\u00e9 et une imp\u00e9dance d\u2019entr\u00e9e tr\u00e8s proche de celle de l\u2019oreille humaine moyenne, le CRY3711 comble l\u2019\u00e9cart entre les mesures en laboratoire et l\u2019exp\u00e9rience d\u2019\u00e9coute r\u00e9elle \u2014 fournissant des donn\u00e9es fiables pour la R&amp;D, les tests en production et la certification des produits.<\/p>\n<h2>Pourquoi les ing\u00e9nieurs choisissent le CRY3711<\/h2>\n<ul>\n<li><strong>Appariement d\u2019imp\u00e9dance fid\u00e8le \u00e0 la r\u00e9alit\u00e9<\/strong> \u2014 L\u2019imp\u00e9dance d\u2019entr\u00e9e reproduit de tr\u00e8s pr\u00e8s celle de l\u2019oreille humaine moyenne, garantissant une bonne corr\u00e9lation entre les mesures en laboratoire et l\u2019exp\u00e9rience d\u2019\u00e9coute r\u00e9elle<\/li>\n<li><strong>Microphone de mesure int\u00e9gr\u00e9<\/strong> \u2014 Le microphone int\u00e9gr\u00e9 en champ de pression pr\u00e9polaris\u00e9 1\/2\u2033 \u00e9limine le besoin de capteurs s\u00e9par\u00e9s et simplifie votre cha\u00eene de test<\/li>\n<li><strong>Conforme \u00e0 la norme IEC 60318-4<\/strong> \u2014 Les r\u00e9sultats sont accept\u00e9s dans le monde entier pour la certification des produits, le contr\u00f4le qualit\u00e9 et les dossiers de conformit\u00e9 r\u00e9glementaire<\/li>\n<li><strong>Large compatibilit\u00e9<\/strong> \u2014 Fonctionne en toute transparence avec les analyseurs \u00e9lectroacoustiques CRYSOUND et les syst\u00e8mes de mesure tiers<\/li>\n<\/ul>\n<h2>Applications<\/h2>\n<h3>\ud83c\udfa7 Tests de production d\u2019\u00e9couteurs TWS<\/h3>\n<p>Mesurez la r\u00e9ponse en fr\u00e9quence, la sensibilit\u00e9, la distorsion (THD) et la polarit\u00e9 des \u00e9couteurs true wireless \u00e0 la cadence de production. Associez le CRY3711 \u00e0 un analyseur \u00e9lectroacoustique pour un contr\u00f4le qualit\u00e9 automatis\u00e9 et \u00e0 haut d\u00e9bit qui d\u00e9tecte les d\u00e9fauts avant l\u2019exp\u00e9dition.<\/p>\n<h3>\ud83c\udfb5 R&amp;D pour \u00e9couteurs intra-auriculaires (IEM)<\/h3>\n<p>Caract\u00e9risez les performances des transducteurs, le r\u00e9glage des filtres de coupure (crossovers) et le fa\u00e7onnage de la r\u00e9ponse en fr\u00e9quence tout au long du cycle de d\u00e9veloppement. L\u2019adaptation d\u2019imp\u00e9dance \u00e0 l\u2019oreille humaine du CRY3711 signifie que vos mesures sur banc se traduisent directement par la fa\u00e7on dont le produit sonne dans une oreille r\u00e9elle \u2014 r\u00e9duisant l\u2019\u00e9cart entre donn\u00e9es objectives et ressenti subjectif.<\/p>\n<h3>\ud83d\udccb Conformit\u00e9 aux normes et certification<\/h3>\n<p>V\u00e9rifiez que vos produits intra-auriculaires r\u00e9pondent aux exigences de performances \u00e9lectroacoustiques sp\u00e9cifi\u00e9es dans la norme IEC 60318-4. Que vous vous pr\u00e9pariez au marquage CE, \u00e0 une certification internationale ou \u00e0 des essais d\u2019acceptation client, le CRY3711 fournit les mesures tra\u00e7ables et standardis\u00e9es dont vous avez besoin.<\/p>\n<h3>\ud83d\udd2c Recherche acoustique et enseignement<\/h3>\n<p>Pl\u00e9biscit\u00e9 par les laboratoires universitaires et les instituts de recherche pour les \u00e9tudes en sciences de l\u2019audition, la recherche psychoacoustique sur les casques audio et les projets de d\u00e9veloppement de transducteurs acoustiques.<\/p>\n<h2>Comment choisir : comparaison des simulateurs d\u2019oreille<\/h2>\n<p>Vous ne savez pas quel simulateur d\u2019oreille convient \u00e0 votre application ? Voici une comparaison rapide :<\/p>\n<div style=\"overflow-x:auto;margin:2em 0;border-radius:8px;box-shadow:0 1px 6px rgba(0,0,0,0.10);\">\n<table style=\"border-collapse:collapse;width:100%;font-size:0.95em;\">\n<thead>\n<tr>\n<th style=\"border:1px solid #e0e0e0;padding:12px 18px;background:#f7f7f7;font-weight:600;text-align:left;\">Caract\u00e9ristique<\/th>\n<th style=\"border:1px solid #e0e0e0;padding:12px 18px;background:#f7f7f7;font-weight:600;text-align:left;\"><a href=\"https:\/\/design.crysound.com\/product\/cry3711-ear-simulator-iec60318-4\/\">CRY3711<\/a><\/th>\n<th style=\"border:1px solid #e0e0e0;padding:12px 18px;background:#f7f7f7;font-weight:600;text-align:left;\"><a href=\"https:\/\/design.crysound.com\/product\/cry3718-ear-simulator-iec60318-1\/\">CRY3718<\/a><\/th>\n<th style=\"border:1px solid #e0e0e0;padding:12px 18px;background:#f7f7f7;font-weight:600;text-align:left;\"><a href=\"https:\/\/design.crysound.com\/product\/cry3721-ear-simulator-iec60318-4-low-noise\/\">CRY3721<\/a><\/th>\n<\/tr>\n<\/thead>\n<tbody>\n<tr>\n<td style=\"border:1px solid #e0e0e0;padding:12px 18px;vertical-align:top;font-weight:600;\">Norme<\/td>\n<td style=\"border:1px solid #e0e0e0;padding:12px 18px;vertical-align:top;\">IEC 60318-4<\/td>\n<td style=\"border:1px solid #e0e0e0;padding:12px 18px;vertical-align:top;\">IEC 60318-1<\/td>\n<td style=\"border:1px solid #e0e0e0;padding:12px 18px;vertical-align:top;\">IEC 60318-4<\/td>\n<\/tr>\n<tr>\n<td style=\"border:1px solid #e0e0e0;padding:12px 18px;vertical-align:top;font-weight:600;\">Id\u00e9al pour<\/td>\n<td style=\"border:1px solid #e0e0e0;padding:12px 18px;vertical-align:top;\">\u00c9couteurs intra-auriculaires (TWS, IEM)<\/td>\n<td style=\"border:1px solid #e0e0e0;padding:12px 18px;vertical-align:top;\">Casques circum-auraux \/ supra-auraux, micro-casques<\/td>\n<td style=\"border:1px solid #e0e0e0;padding:12px 18px;vertical-align:top;\">Intra-auriculaires haut de gamme avec exigences de bruit ultra-faible<\/td>\n<\/tr>\n<tr>\n<td style=\"border:1px solid #e0e0e0;padding:12px 18px;vertical-align:top;font-weight:600;\">Microphone int\u00e9gr\u00e9<\/td>\n<td style=\"border:1px solid #e0e0e0;padding:12px 18px;vertical-align:top;\">1\/2\u2033 pr\u00e9polaris\u00e9<\/td>\n<td style=\"border:1px solid #e0e0e0;padding:12px 18px;vertical-align:top;\">1\/2\u2033 pr\u00e9polaris\u00e9<\/td>\n<td style=\"border:1px solid #e0e0e0;padding:12px 18px;vertical-align:top;\">1\/2\u2033 pr\u00e9polaris\u00e9<\/td>\n<\/tr>\n<tr>\n<td style=\"border:1px solid #e0e0e0;padding:12px 18px;vertical-align:top;font-weight:600;\">Bruit propre<\/td>\n<td style=\"border:1px solid #e0e0e0;padding:12px 18px;vertical-align:top;\">Standard<\/td>\n<td style=\"border:1px solid #e0e0e0;padding:12px 18px;vertical-align:top;\">Standard<\/td>\n<td style=\"border:1px solid #e0e0e0;padding:12px 18px;vertical-align:top;\">Ultra-faible (9 dB(A))<\/td>\n<\/tr>\n<tr>\n<td style=\"border:1px solid #e0e0e0;padding:12px 18px;vertical-align:top;font-weight:600;\">Plage de fr\u00e9quences<\/td>\n<td style=\"border:1px solid #e0e0e0;padding:12px 18px;vertical-align:top;\">Jusqu\u2019\u00e0 10 kHz<\/td>\n<td style=\"border:1px solid #e0e0e0;padding:12px 18px;vertical-align:top;\">\u2014<\/td>\n<td style=\"border:1px solid #e0e0e0;padding:12px 18px;vertical-align:top;\">20 Hz \u2013 20 kHz<\/td>\n<\/tr>\n<\/tbody>\n<\/table>\n<\/div>\n<p><strong>Guide de s\u00e9lection rapide :<\/strong><\/p>\n<ul>\n<li>Vous testez des <strong>\u00e9couteurs TWS ou IEM<\/strong> ? \u2192 <a href=\"https:\/\/design.crysound.com\/product\/cry3711-ear-simulator-iec60318-4\/\">CRY3711<\/a> ou <a href=\"https:\/\/design.crysound.com\/product\/cry3721-ear-simulator-iec60318-4-low-noise\/\">CRY3721<\/a> (bruit ultra-faible)<\/li>\n<li>Vous testez des <strong>casques circum-auraux ou supra-auraux \/ micro-casques<\/strong> ? \u2192 <a href=\"https:\/\/design.crysound.com\/product\/cry3718-ear-simulator-iec60318-1\/\">CRY3718<\/a><\/li>\n<li>Vous avez besoin du <strong>niveau de bruit le plus faible possible<\/strong> pour la R&amp;D audio haut de gamme ? \u2192 <a href=\"https:\/\/design.crysound.com\/product\/cry3721-ear-simulator-iec60318-4-low-noise\/\">CRY3721<\/a><\/li>\n<\/ul>\n<h2>Foire aux questions<\/h2>\n<h3>Quelle est la diff\u00e9rence entre les normes IEC 60318-1 et IEC 60318-4 ?<\/h3>\n<p>La norme IEC 60318-1 d\u00e9finit un simulateur d\u2019oreille pour casques supra-auraux et circum-auraux, tandis que la norme IEC 60318-4 sp\u00e9cifie un simulateur de conduit auditif occlus pour \u00e9couteurs intra-auriculaires. Le CRY3711 est conforme \u00e0 la norme IEC 60318-4, ce qui le rend id\u00e9al pour les \u00e9couteurs TWS et les \u00e9couteurs de monitoring intra-auriculaires.<\/p>\n<h3>Le CRY3711 peut-il \u00eatre utilis\u00e9 avec des analyseurs tiers ?<\/h3>\n<p>Oui. Le CRY3711 d\u00e9livre un signal analogique standard via son microphone int\u00e9gr\u00e9 1\/2\u2033, compatible avec la plupart des analyseurs audio du march\u00e9, y compris les analyseurs \u00e9lectroacoustiques de CRYSOUND.<\/p>\n<h3>\u00c0 quelle fr\u00e9quence le CRY3711 doit-il \u00eatre \u00e9talonn\u00e9 ?<\/h3>\n<p>Nous recommandons un \u00e9talonnage annuel afin de maintenir une exactitude de mesure tra\u00e7able. CRYSOUND propose des services d\u2019\u00e9talonnage professionnels \u2014 <a href=\"\/contact\/\">contactez-nous<\/a> pour plus de d\u00e9tails.<\/p>\n<h3>Quels accessoires sont n\u00e9cessaires pour commencer ?<\/h3>\n<p>Au minimum, vous aurez besoin d\u2019un pr\u00e9amplificateur et d\u2019un syst\u00e8me de mesure (analyseur ou acquisition de donn\u00e9es). Envisagez le <a href=\"https:\/\/design.crysound.com\/product\/cry3711-s01-ear-simulator-set\/\">kit de simulateur d\u2019oreille CRY3711-S01<\/a>, qui comprend le simulateur d\u2019oreille, le pr\u00e9amplificateur et les c\u00e2bles pour une solution pr\u00eate \u00e0 l\u2019emploi.<\/p>\n<h2>Produits associ\u00e9s<\/h2>\n<div style=\"overflow-x:auto;margin:2em 0;border-radius:8px;box-shadow:0 1px 6px rgba(0,0,0,0.10);\">\n<table style=\"border-collapse:collapse;width:100%;font-size:0.95em;\">\n<thead>\n<tr>\n<th style=\"border:1px solid #e0e0e0;padding:12px 18px;background:#f7f7f7;font-weight:600;text-align:left;\">Produit<\/th>\n<th style=\"border:1px solid #e0e0e0;padding:12px 18px;background:#f7f7f7;font-weight:600;text-align:left;\">Description<\/th>\n<\/tr>\n<\/thead>\n<tbody>\n<tr>\n<td style=\"border:1px solid #e0e0e0;padding:12px 18px;vertical-align:top;\"><a href=\"https:\/\/design.crysound.com\/product\/cry3711-s01-ear-simulator-set\/\">CRY3711-S01<\/a><\/td>\n<td style=\"border:1px solid #e0e0e0;padding:12px 18px;vertical-align:top;\">Kit complet de simulateur d\u2019oreille \u2014 CRY3711 + pr\u00e9amplificateur + c\u00e2ble, pr\u00eat \u00e0 l\u2019emploi<\/td>\n<\/tr>\n<tr>\n<td style=\"border:1px solid #e0e0e0;padding:12px 18px;vertical-align:top;\"><a href=\"https:\/\/design.crysound.com\/product\/cry3721-ear-simulator-iec60318-4-low-noise\/\">CRY3721<\/a><\/td>\n<td style=\"border:1px solid #e0e0e0;padding:12px 18px;vertical-align:top;\">Simulateur d\u2019oreille \u00e0 faible bruit (9 dB(A)) pour tests d\u2019\u00e9couteurs intra-auriculaires haut de gamme<\/td>\n<\/tr>\n<tr>\n<td style=\"border:1px solid #e0e0e0;padding:12px 18px;vertical-align:top;\"><a href=\"https:\/\/design.crysound.com\/product\/cry3718-ear-simulator-iec60318-1\/\">CRY3718<\/a><\/td>\n<td style=\"border:1px solid #e0e0e0;padding:12px 18px;vertical-align:top;\">Simulateur d\u2019oreille conforme \u00e0 la norme IEC 60318-1 pour tests de casques et micro-casques circum-auraux \/ supra-auraux<\/td>\n<\/tr>\n<\/tbody>\n<\/table>\n<\/div>\n","protected":false},"excerpt":{"rendered":"<p>Le simulateur d\u2019oreille CRY3711 simule la fa\u00e7on dont un conduit de bouchon d\u2019oreille est ins\u00e9r\u00e9 dans le conduit auditif ou le pavillon afin de mesurer les performances des casques audio. Il int\u00e8gre un microphone de mesure en champ de pression pr\u00e9polaris\u00e9 1\/2 pouce et peut \u00eatre utilis\u00e9 pour les essais acoustiques d\u2019\u00e9couteurs intra-auriculaires de haute qualit\u00e9.<\/p>\n<p>\u200d<\/p>\n<p>L\u2019imp\u00e9dance d\u2019entr\u00e9e du CRY3711 est tr\u00e8s proche de l\u2019imp\u00e9dance d\u2019entr\u00e9e d\u2019une oreille humaine ordinaire, ce qui permet des mesures efficaces jusqu\u2019\u00e0 10 kHz.<\/p>\n","protected":false},"featured_media":270245,"template":"","meta":{"_acf_changed":false,"_eb_attr":"","content-type":""},"product_brand":[],"product_cat":[536,553],"product_tag":[],"class_list":{"0":"post-274402","1":"product","2":"type-product","3":"status-publish","4":"has-post-thumbnail","6":"product_cat-capteurs","7":"product_cat-simulateur-doreille","9":"first","10":"instock","11":"shipping-taxable","12":"product-type-simple"},"acf":[],"_links":{"self":[{"href":"https:\/\/design.crysound.com\/fr\/wp-json\/wp\/v2\/product\/274402","targetHints":{"allow":["GET"]}}],"collection":[{"href":"https:\/\/design.crysound.com\/fr\/wp-json\/wp\/v2\/product"}],"about":[{"href":"https:\/\/design.crysound.com\/fr\/wp-json\/wp\/v2\/types\/product"}],"wp:featuredmedia":[{"embeddable":true,"href":"https:\/\/design.crysound.com\/fr\/wp-json\/wp\/v2\/media\/270245"}],"wp:attachment":[{"href":"https:\/\/design.crysound.com\/fr\/wp-json\/wp\/v2\/media?parent=274402"}],"wp:term":[{"taxonomy":"product_brand","embeddable":true,"href":"https:\/\/design.crysound.com\/fr\/wp-json\/wp\/v2\/product_brand?post=274402"},{"taxonomy":"product_cat","embeddable":true,"href":"https:\/\/design.crysound.com\/fr\/wp-json\/wp\/v2\/product_cat?post=274402"},{"taxonomy":"product_tag","embeddable":true,"href":"https:\/\/design.crysound.com\/fr\/wp-json\/wp\/v2\/product_tag?post=274402"}],"curies":[{"name":"wp","href":"https:\/\/api.w.org\/{rel}","templated":true}]}}