{"id":274401,"date":"2025-06-08T14:00:17","date_gmt":"2025-06-08T14:00:17","guid":{"rendered":"https:\/\/design.crysound.com\/product\/calibrateur-acoustique-cry563b-1\/"},"modified":"2025-06-08T14:00:17","modified_gmt":"2025-06-08T14:00:17","slug":"calibrateur-acoustique-cry563b-1","status":"publish","type":"product","link":"https:\/\/design.crysound.com\/fr\/product\/calibrateur-acoustique-cry563b-1\/","title":{"rendered":"Calibrateur acoustique CRY563B 1&Prime;"},"content":{"rendered":"<p>Le calibrateur acoustique CRY563B est une source sonore portable offrant une grande stabilit\u00e9, un format compact et une faible consommation d\u2019\u00e9nergie. Ses performances r\u00e9pondent aux exigences de niveau&nbsp;1 des normes IEC&nbsp;60942 et GB\/T&nbsp;15173.<\/p>\n<p>Le CRY563B convient \u00e0 l\u2019\u00e9talonnage en pression acoustique d\u2019instruments de mesure du son tels que les microphones, les sonom\u00e8tres et les analyseurs de bruit, en \u00e9liminant les erreurs g\u00e9n\u00e9r\u00e9es par l\u2019environnement. Les deux niveaux de pression acoustique de 94&nbsp;dB et 114&nbsp;dB garantissent un contr\u00f4le pr\u00e9cis m\u00eame dans des environnements bruyants.<\/p>\n","protected":false},"excerpt":{"rendered":"<p>Le calibrateur acoustique CRY563B est une source sonore portable offrant une grande stabilit\u00e9, un format compact et une faible consommation d\u2019\u00e9nergie. Ses performances r\u00e9pondent aux exigences de niveau&nbsp;1 des normes IEC&nbsp;60942 et GB\/T&nbsp;15173.<\/p>\n<p>\u200d<\/p>\n<p>Le CRY563B convient \u00e0 l\u2019\u00e9talonnage en pression acoustique d\u2019instruments de mesure du son tels que les microphones, les sonom\u00e8tres et les analyseurs de bruit, en \u00e9liminant les erreurs g\u00e9n\u00e9r\u00e9es par l\u2019environnement. Les deux niveaux de pression acoustique de 94&nbsp;dB et 114&nbsp;dB garantissent un contr\u00f4le pr\u00e9cis m\u00eame dans des environnements bruyants.<\/p>\n","protected":false},"featured_media":270300,"template":"","meta":{"_acf_changed":false,"_eb_attr":"","content-type":""},"product_brand":[],"product_cat":[555,536],"product_tag":[],"class_list":{"0":"post-274401","1":"product","2":"type-product","3":"status-publish","4":"has-post-thumbnail","6":"product_cat-calibrateur","7":"product_cat-capteurs","9":"first","10":"instock","11":"shipping-taxable","12":"product-type-simple"},"acf":[],"_links":{"self":[{"href":"https:\/\/design.crysound.com\/fr\/wp-json\/wp\/v2\/product\/274401","targetHints":{"allow":["GET"]}}],"collection":[{"href":"https:\/\/design.crysound.com\/fr\/wp-json\/wp\/v2\/product"}],"about":[{"href":"https:\/\/design.crysound.com\/fr\/wp-json\/wp\/v2\/types\/product"}],"wp:featuredmedia":[{"embeddable":true,"href":"https:\/\/design.crysound.com\/fr\/wp-json\/wp\/v2\/media\/270300"}],"wp:attachment":[{"href":"https:\/\/design.crysound.com\/fr\/wp-json\/wp\/v2\/media?parent=274401"}],"wp:term":[{"taxonomy":"product_brand","embeddable":true,"href":"https:\/\/design.crysound.com\/fr\/wp-json\/wp\/v2\/product_brand?post=274401"},{"taxonomy":"product_cat","embeddable":true,"href":"https:\/\/design.crysound.com\/fr\/wp-json\/wp\/v2\/product_cat?post=274401"},{"taxonomy":"product_tag","embeddable":true,"href":"https:\/\/design.crysound.com\/fr\/wp-json\/wp\/v2\/product_tag?post=274401"}],"curies":[{"name":"wp","href":"https:\/\/api.w.org\/{rel}","templated":true}]}}