{"id":274391,"date":"2025-06-08T14:11:29","date_gmt":"2025-06-08T14:11:29","guid":{"rendered":"https:\/\/design.crysound.com\/product\/calibrateur-acoustique-cry563a-1-2\/"},"modified":"2025-06-08T14:11:29","modified_gmt":"2025-06-08T14:11:29","slug":"calibrateur-acoustique-cry563a-1-2","status":"publish","type":"product","link":"https:\/\/design.crysound.com\/fr\/product\/calibrateur-acoustique-cry563a-1-2\/","title":{"rendered":"Calibrateur acoustique CRY563A 1\/2&Prime;"},"content":{"rendered":"<p>Le calibrateur acoustique CRY563A 1\/2 pouce est une source sonore portable offrant une grande stabilit\u00e9, un format compact et une faible consommation d\u2019\u00e9nergie.<\/p>\n<p>Il convient \u00e0 l\u2019\u00e9talonnage en pression acoustique d\u2019instruments de mesure du son tels que les microphones, les sonom\u00e8tres et les analyseurs de bruit, afin d\u2019\u00e9liminer les erreurs li\u00e9es \u00e0 l\u2019environnement. Les deux niveaux de pression acoustique de 94 dB et 114 dB garantissent un \u00e9talonnage pr\u00e9cis m\u00eame dans des environnements bruyants.<\/p>\n","protected":false},"excerpt":{"rendered":"<p>Le calibrateur acoustique CRY563A 1\/2 pouce est une source sonore portable offrant une grande stabilit\u00e9, un format compact et une faible consommation d\u2019\u00e9nergie.<\/p>\n<p>\u200d<\/p>\n<p>Il convient \u00e0 l\u2019\u00e9talonnage en pression acoustique d\u2019instruments de mesure du son tels que les microphones, les sonom\u00e8tres et les analyseurs de bruit, afin d\u2019\u00e9liminer les erreurs li\u00e9es \u00e0 l\u2019environnement. Les deux niveaux de pression acoustique de 94 dB et 114 dB garantissent un \u00e9talonnage pr\u00e9cis m\u00eame dans des environnements bruyants.<\/p>\n","protected":false},"featured_media":270230,"template":"","meta":{"_acf_changed":false,"_eb_attr":"","content-type":""},"product_brand":[],"product_cat":[555,536],"product_tag":[],"class_list":{"0":"post-274391","1":"product","2":"type-product","3":"status-publish","4":"has-post-thumbnail","6":"product_cat-calibrateur","7":"product_cat-capteurs","9":"first","10":"instock","11":"shipping-taxable","12":"product-type-simple"},"acf":[],"_links":{"self":[{"href":"https:\/\/design.crysound.com\/fr\/wp-json\/wp\/v2\/product\/274391","targetHints":{"allow":["GET"]}}],"collection":[{"href":"https:\/\/design.crysound.com\/fr\/wp-json\/wp\/v2\/product"}],"about":[{"href":"https:\/\/design.crysound.com\/fr\/wp-json\/wp\/v2\/types\/product"}],"wp:featuredmedia":[{"embeddable":true,"href":"https:\/\/design.crysound.com\/fr\/wp-json\/wp\/v2\/media\/270230"}],"wp:attachment":[{"href":"https:\/\/design.crysound.com\/fr\/wp-json\/wp\/v2\/media?parent=274391"}],"wp:term":[{"taxonomy":"product_brand","embeddable":true,"href":"https:\/\/design.crysound.com\/fr\/wp-json\/wp\/v2\/product_brand?post=274391"},{"taxonomy":"product_cat","embeddable":true,"href":"https:\/\/design.crysound.com\/fr\/wp-json\/wp\/v2\/product_cat?post=274391"},{"taxonomy":"product_tag","embeddable":true,"href":"https:\/\/design.crysound.com\/fr\/wp-json\/wp\/v2\/product_tag?post=274391"}],"curies":[{"name":"wp","href":"https:\/\/api.w.org\/{rel}","templated":true}]}}