{"id":274390,"date":"2025-06-08T13:23:10","date_gmt":"2025-06-08T13:23:10","guid":{"rendered":"https:\/\/design.crysound.com\/product\/simulateur-doreille-cry3721-iec60318-4-faible-bruit\/"},"modified":"2025-06-08T13:23:10","modified_gmt":"2025-06-08T13:23:10","slug":"simulateur-doreille-cry3721-iec60318-4-faible-bruit","status":"publish","type":"product","link":"https:\/\/design.crysound.com\/fr\/product\/simulateur-doreille-cry3721-iec60318-4-faible-bruit\/","title":{"rendered":"Simulateur d\u2019oreille CRY3721 IEC60318-4, faible bruit"},"content":{"rendered":"<p>Le CRY3721 est un simulateur d\u2019oreille \u00e0 ultra-faible niveau de bruit et \u00e0 plage de fr\u00e9quences compl\u00e8te, sp\u00e9cialement con\u00e7u pour les mesures sur des casques et \u00e9couteurs modernes de haute qualit\u00e9.<\/p>\n<p>La conception unique du CRY3721 offre un bruit propre ultra-faible de 9 dBA et permet des essais acoustiques sur toute la plage de fr\u00e9quences de 20 Hz \u00e0 20 kHz. Il est con\u00e7u pour fournir des mesures acoustiques de haute qualit\u00e9 et d\u2019une grande pr\u00e9cision sur des produits tels que les \u00e9couteurs intra-auriculaires.<\/p>\n","protected":false},"excerpt":{"rendered":"<p>Le CRY3721 est un simulateur d\u2019oreille \u00e0 ultra-faible niveau de bruit et \u00e0 plage de fr\u00e9quences compl\u00e8te, sp\u00e9cialement con\u00e7u pour les mesures sur des casques et \u00e9couteurs modernes de haute qualit\u00e9.<\/p>\n<p>\u200d<\/p>\n<p>La conception unique du CRY3721 offre un bruit propre ultra-faible de 9 dBA et permet des essais acoustiques sur toute la plage de fr\u00e9quences de 20 Hz \u00e0 20 kHz. Il est con\u00e7u pour fournir des mesures acoustiques de haute qualit\u00e9 et d\u2019une grande pr\u00e9cision sur des produits tels que les \u00e9couteurs intra-auriculaires.<\/p>\n","protected":false},"featured_media":270308,"template":"","meta":{"_acf_changed":false,"_eb_attr":"","content-type":""},"product_brand":[],"product_cat":[536,553],"product_tag":[],"class_list":{"0":"post-274390","1":"product","2":"type-product","3":"status-publish","4":"has-post-thumbnail","6":"product_cat-capteurs","7":"product_cat-simulateur-doreille","9":"first","10":"instock","11":"shipping-taxable","12":"product-type-simple"},"acf":[],"_links":{"self":[{"href":"https:\/\/design.crysound.com\/fr\/wp-json\/wp\/v2\/product\/274390","targetHints":{"allow":["GET"]}}],"collection":[{"href":"https:\/\/design.crysound.com\/fr\/wp-json\/wp\/v2\/product"}],"about":[{"href":"https:\/\/design.crysound.com\/fr\/wp-json\/wp\/v2\/types\/product"}],"wp:featuredmedia":[{"embeddable":true,"href":"https:\/\/design.crysound.com\/fr\/wp-json\/wp\/v2\/media\/270308"}],"wp:attachment":[{"href":"https:\/\/design.crysound.com\/fr\/wp-json\/wp\/v2\/media?parent=274390"}],"wp:term":[{"taxonomy":"product_brand","embeddable":true,"href":"https:\/\/design.crysound.com\/fr\/wp-json\/wp\/v2\/product_brand?post=274390"},{"taxonomy":"product_cat","embeddable":true,"href":"https:\/\/design.crysound.com\/fr\/wp-json\/wp\/v2\/product_cat?post=274390"},{"taxonomy":"product_tag","embeddable":true,"href":"https:\/\/design.crysound.com\/fr\/wp-json\/wp\/v2\/product_tag?post=274390"}],"curies":[{"name":"wp","href":"https:\/\/api.w.org\/{rel}","templated":true}]}}