{"id":274383,"date":"2025-06-08T13:16:31","date_gmt":"2025-06-08T13:16:31","guid":{"rendered":"https:\/\/design.crysound.com\/product\/preamplificateur-cry3521-1-2-connecteur-bnc-type-base\/"},"modified":"2025-06-08T13:16:31","modified_gmt":"2025-06-08T13:16:31","slug":"preamplificateur-cry3521-1-2-connecteur-bnc-type-base","status":"publish","type":"product","link":"https:\/\/design.crysound.com\/fr\/product\/preamplificateur-cry3521-1-2-connecteur-bnc-type-base\/","title":{"rendered":"Pr\u00e9amplificateur CRY3521 1\/2&Prime;, connecteur BNC, type base"},"content":{"rendered":"<p>Le CRY3521 est un pr\u00e9amplificateur de type base aliment\u00e9 par une source de courant constant. Il peut \u00eatre utilis\u00e9 avec le microphone de mesure pr\u00e9polaris\u00e9 1\/2 pouce de la s\u00e9rie CRY3000 et est largement compatible avec d\u2019autres marques.<\/p>\n<p>Le CRY3521 est un pr\u00e9amplificateur de type base aliment\u00e9 par une source de courant constant. Il peut \u00eatre utilis\u00e9 avec le microphone de mesure pr\u00e9polaris\u00e9 1\/2 pouce de la s\u00e9rie CRY3000 et est largement compatible avec d\u2019autres marques.<\/p>\n","protected":false},"excerpt":{"rendered":"<p>Le CRY3521 est un pr\u00e9amplificateur de type base aliment\u00e9 par une source de courant constant. Il peut \u00eatre utilis\u00e9 avec le microphone de mesure pr\u00e9polaris\u00e9 1\/2 pouce de la s\u00e9rie CRY3000 et est largement compatible avec d\u2019autres marques.<\/p>\n<p>\u200d<\/p>\n<p>Le CRY3521 est un pr\u00e9amplificateur de type base aliment\u00e9 par une source de courant constant. Il peut \u00eatre utilis\u00e9 avec le microphone de mesure pr\u00e9polaris\u00e9 1\/2 pouce de la s\u00e9rie CRY3000 et est largement compatible avec d\u2019autres marques.<\/p>\n","protected":false},"featured_media":270311,"template":"","meta":{"_acf_changed":false,"_eb_attr":"","content-type":""},"product_brand":[],"product_cat":[536,551],"product_tag":[],"class_list":{"0":"post-274383","1":"product","2":"type-product","3":"status-publish","4":"has-post-thumbnail","6":"product_cat-capteurs","7":"product_cat-preamplificateur","9":"first","10":"instock","11":"shipping-taxable","12":"product-type-simple"},"acf":[],"_links":{"self":[{"href":"https:\/\/design.crysound.com\/fr\/wp-json\/wp\/v2\/product\/274383","targetHints":{"allow":["GET"]}}],"collection":[{"href":"https:\/\/design.crysound.com\/fr\/wp-json\/wp\/v2\/product"}],"about":[{"href":"https:\/\/design.crysound.com\/fr\/wp-json\/wp\/v2\/types\/product"}],"wp:featuredmedia":[{"embeddable":true,"href":"https:\/\/design.crysound.com\/fr\/wp-json\/wp\/v2\/media\/270311"}],"wp:attachment":[{"href":"https:\/\/design.crysound.com\/fr\/wp-json\/wp\/v2\/media?parent=274383"}],"wp:term":[{"taxonomy":"product_brand","embeddable":true,"href":"https:\/\/design.crysound.com\/fr\/wp-json\/wp\/v2\/product_brand?post=274383"},{"taxonomy":"product_cat","embeddable":true,"href":"https:\/\/design.crysound.com\/fr\/wp-json\/wp\/v2\/product_cat?post=274383"},{"taxonomy":"product_tag","embeddable":true,"href":"https:\/\/design.crysound.com\/fr\/wp-json\/wp\/v2\/product_tag?post=274383"}],"curies":[{"name":"wp","href":"https:\/\/api.w.org\/{rel}","templated":true}]}}