{"id":274378,"date":"2025-06-08T13:28:41","date_gmt":"2025-06-08T13:28:41","guid":{"rendered":"https:\/\/design.crysound.com\/product\/preamplificateur-cry3502-1-2-iepe-connecteur-smb-tres-court\/"},"modified":"2025-06-08T13:28:41","modified_gmt":"2025-06-08T13:28:41","slug":"preamplificateur-cry3502-1-2-iepe-connecteur-smb-tres-court","status":"publish","type":"product","link":"https:\/\/design.crysound.com\/fr\/product\/preamplificateur-cry3502-1-2-iepe-connecteur-smb-tres-court\/","title":{"rendered":"Preamplificateur CRY3502 1\/2&Prime; IEPE, connecteur SMB, tr\u00e8s court"},"content":{"rendered":"<p>Le CRY3502 est un pr\u00e9amplificateur \u00e0 courant constant de petite taille. Il peut \u00eatre utilis\u00e9 avec le microphone de mesure pr\u00e9polaris\u00e9 1\/2 pouce de la s\u00e9rie CRY3000 et il est largement compatible avec d\u2019autres marques.<\/p>\n<p>Le CRY3502 convertit une haute imp\u00e9dance d\u2019entr\u00e9e en une faible imp\u00e9dance de sortie, ce qui permet l\u2019utilisation d\u2019un c\u00e2ble de rallonge plus long. L\u2019avantage est que le bruit de fond est faible et qu\u2019il impose tr\u00e8s peu de charge au microphone. Il prend en charge la fonction TEDS et r\u00e9duit le temps de test. Son design compact lui permet de r\u00e9aliser des mesures dans des environnements o\u00f9 l\u2019espace est limit\u00e9.<\/p>\n","protected":false},"excerpt":{"rendered":"<p>Le CRY3502 est un pr\u00e9amplificateur \u00e0 courant constant de petite taille. Il peut \u00eatre utilis\u00e9 avec le microphone de mesure pr\u00e9polaris\u00e9 1\/2 pouce de la s\u00e9rie CRY3000 et il est largement compatible avec d\u2019autres marques.<\/p>\n<p>\u200d<\/p>\n<p>Le CRY3502 convertit une haute imp\u00e9dance d\u2019entr\u00e9e en une faible imp\u00e9dance de sortie, ce qui permet l\u2019utilisation d\u2019un c\u00e2ble de rallonge plus long. L\u2019avantage est que le bruit de fond est faible et qu\u2019il impose tr\u00e8s peu de charge au microphone. Il prend en charge la fonction TEDS et r\u00e9duit le temps de test. Son design compact lui permet de r\u00e9aliser des mesures dans des environnements o\u00f9 l\u2019espace est limit\u00e9.<\/p>\n","protected":false},"featured_media":270306,"template":"","meta":{"_acf_changed":false,"_eb_attr":"","content-type":""},"product_brand":[],"product_cat":[536,551],"product_tag":[],"class_list":{"0":"post-274378","1":"product","2":"type-product","3":"status-publish","4":"has-post-thumbnail","6":"product_cat-capteurs","7":"product_cat-preamplificateur","9":"first","10":"instock","11":"shipping-taxable","12":"product-type-simple"},"acf":[],"_links":{"self":[{"href":"https:\/\/design.crysound.com\/fr\/wp-json\/wp\/v2\/product\/274378","targetHints":{"allow":["GET"]}}],"collection":[{"href":"https:\/\/design.crysound.com\/fr\/wp-json\/wp\/v2\/product"}],"about":[{"href":"https:\/\/design.crysound.com\/fr\/wp-json\/wp\/v2\/types\/product"}],"wp:featuredmedia":[{"embeddable":true,"href":"https:\/\/design.crysound.com\/fr\/wp-json\/wp\/v2\/media\/270306"}],"wp:attachment":[{"href":"https:\/\/design.crysound.com\/fr\/wp-json\/wp\/v2\/media?parent=274378"}],"wp:term":[{"taxonomy":"product_brand","embeddable":true,"href":"https:\/\/design.crysound.com\/fr\/wp-json\/wp\/v2\/product_brand?post=274378"},{"taxonomy":"product_cat","embeddable":true,"href":"https:\/\/design.crysound.com\/fr\/wp-json\/wp\/v2\/product_cat?post=274378"},{"taxonomy":"product_tag","embeddable":true,"href":"https:\/\/design.crysound.com\/fr\/wp-json\/wp\/v2\/product_tag?post=274378"}],"curies":[{"name":"wp","href":"https:\/\/api.w.org\/{rel}","templated":true}]}}