{"id":274377,"date":"2025-08-06T02:46:05","date_gmt":"2025-08-06T02:46:05","guid":{"rendered":"https:\/\/design.crysound.com\/product\/microphone-de-mesure-nvh-cry3213\/"},"modified":"2026-03-06T07:49:23","modified_gmt":"2026-03-06T07:49:23","slug":"microphone-de-mesure-nvh-cry3213","status":"publish","type":"product","link":"https:\/\/design.crysound.com\/fr\/product\/microphone-de-mesure-nvh-cry3213\/","title":{"rendered":"Microphone de mesure NVH CRY3213"},"content":{"rendered":"<p>Le CRY3213 est un microphone haute pr\u00e9cision sp\u00e9cialement con\u00e7u pour les essais NVH exigeants. Avec un indice de protection IP67 et une plage de temp\u00e9rature de fonctionnement de \u201350 \u00b0C \u00e0 125 \u00b0C, il fonctionne de mani\u00e8re fiable dans des environnements difficiles, tels qu\u2019une forte humidit\u00e9, la poussi\u00e8re et des temp\u00e9ratures extr\u00eames, garantissant la pr\u00e9cision des donn\u00e9es dans des conditions d\u2019essai complexes. C\u2019est une solution id\u00e9ale pour mesurer le bruit du groupe motopropulseur, le bruit de roulement et le bruit du vent dans les applications automobiles.<\/p>\n","protected":false},"excerpt":{"rendered":"<p>Le CRY3213 est un microphone haute pr\u00e9cision sp\u00e9cialement con\u00e7u pour les essais NVH exigeants. Avec un indice de protection IP67 et une plage de temp\u00e9rature de fonctionnement de \u201350 \u00b0C \u00e0 125 \u00b0C, il fonctionne de mani\u00e8re fiable dans des environnements difficiles, tels qu\u2019une forte humidit\u00e9, la poussi\u00e8re et des temp\u00e9ratures extr\u00eames, garantissant la pr\u00e9cision des donn\u00e9es dans des conditions d\u2019essai complexes. C\u2019est une solution id\u00e9ale pour mesurer le bruit du groupe motopropulseur, le bruit de roulement et le bruit du vent dans les applications automobiles.<\/p>\n","protected":false},"featured_media":270297,"template":"","meta":{"_acf_changed":false,"_eb_attr":"","content-type":""},"product_brand":[],"product_cat":[537,530,531],"product_tag":[],"class_list":{"0":"post-274377","1":"product","2":"type-product","3":"status-publish","4":"has-post-thumbnail","6":"product_cat-ensemble-de-microphone","7":"product_cat-presentation-des-produits-sur-la-page-daccueil","8":"product_cat-produit-vedette-presente-sur-la-page-daccueil","10":"first","11":"instock","12":"shipping-taxable","13":"product-type-simple"},"acf":[],"_links":{"self":[{"href":"https:\/\/design.crysound.com\/fr\/wp-json\/wp\/v2\/product\/274377","targetHints":{"allow":["GET"]}}],"collection":[{"href":"https:\/\/design.crysound.com\/fr\/wp-json\/wp\/v2\/product"}],"about":[{"href":"https:\/\/design.crysound.com\/fr\/wp-json\/wp\/v2\/types\/product"}],"wp:featuredmedia":[{"embeddable":true,"href":"https:\/\/design.crysound.com\/fr\/wp-json\/wp\/v2\/media\/270297"}],"wp:attachment":[{"href":"https:\/\/design.crysound.com\/fr\/wp-json\/wp\/v2\/media?parent=274377"}],"wp:term":[{"taxonomy":"product_brand","embeddable":true,"href":"https:\/\/design.crysound.com\/fr\/wp-json\/wp\/v2\/product_brand?post=274377"},{"taxonomy":"product_cat","embeddable":true,"href":"https:\/\/design.crysound.com\/fr\/wp-json\/wp\/v2\/product_cat?post=274377"},{"taxonomy":"product_tag","embeddable":true,"href":"https:\/\/design.crysound.com\/fr\/wp-json\/wp\/v2\/product_tag?post=274377"}],"curies":[{"name":"wp","href":"https:\/\/api.w.org\/{rel}","templated":true}]}}