{"id":274376,"date":"2025-06-08T14:34:10","date_gmt":"2025-06-08T14:34:10","guid":{"rendered":"https:\/\/design.crysound.com\/product\/simulateur-doreille-cry3718-iec60318-1\/"},"modified":"2025-06-08T14:34:10","modified_gmt":"2025-06-08T14:34:10","slug":"simulateur-doreille-cry3718-iec60318-1","status":"publish","type":"product","link":"https:\/\/design.crysound.com\/fr\/product\/simulateur-doreille-cry3718-iec60318-1\/","title":{"rendered":"Simulateur d\u2019oreille CRY3718 IEC60318-1"},"content":{"rendered":"<p>Le CRY3718 est une oreille de simulation sp\u00e9cialement con\u00e7ue pour les mesures en audiologie et dans les domaines connexes.<\/p>\n<p>La conception unique du CRY3718 lui permet d\u2019effectuer des mesures \u00e9lectroacoustiques de r\u00e9cepteurs t\u00e9l\u00e9phoniques ou de casques dans un environnement acoustique clair et contr\u00f4l\u00e9. Il est largement utilis\u00e9 en recherche et d\u00e9veloppement dans les domaines des casques audio, des aides auditives et d\u2019autres secteurs connexes.<\/p>\n","protected":false},"excerpt":{"rendered":"<p>Le CRY3718 est une oreille de simulation sp\u00e9cialement con\u00e7ue pour les mesures en audiologie et dans les domaines connexes.<\/p>\n<p>\u200d<\/p>\n<p>&nbsp;<\/p>\n<p>La conception unique du CRY3718 lui permet d\u2019effectuer des mesures \u00e9lectroacoustiques de r\u00e9cepteurs t\u00e9l\u00e9phoniques ou de casques dans un environnement acoustique clair et contr\u00f4l\u00e9. Il est largement utilis\u00e9 en recherche et d\u00e9veloppement dans les domaines des casques audio, des aides auditives et d\u2019autres secteurs connexes.<\/p>\n","protected":false},"featured_media":270257,"template":"","meta":{"_acf_changed":false,"_eb_attr":"","content-type":""},"product_brand":[],"product_cat":[536,553],"product_tag":[],"class_list":{"0":"post-274376","1":"product","2":"type-product","3":"status-publish","4":"has-post-thumbnail","6":"product_cat-capteurs","7":"product_cat-simulateur-doreille","9":"first","10":"instock","11":"shipping-taxable","12":"product-type-simple"},"acf":[],"_links":{"self":[{"href":"https:\/\/design.crysound.com\/fr\/wp-json\/wp\/v2\/product\/274376","targetHints":{"allow":["GET"]}}],"collection":[{"href":"https:\/\/design.crysound.com\/fr\/wp-json\/wp\/v2\/product"}],"about":[{"href":"https:\/\/design.crysound.com\/fr\/wp-json\/wp\/v2\/types\/product"}],"wp:featuredmedia":[{"embeddable":true,"href":"https:\/\/design.crysound.com\/fr\/wp-json\/wp\/v2\/media\/270257"}],"wp:attachment":[{"href":"https:\/\/design.crysound.com\/fr\/wp-json\/wp\/v2\/media?parent=274376"}],"wp:term":[{"taxonomy":"product_brand","embeddable":true,"href":"https:\/\/design.crysound.com\/fr\/wp-json\/wp\/v2\/product_brand?post=274376"},{"taxonomy":"product_cat","embeddable":true,"href":"https:\/\/design.crysound.com\/fr\/wp-json\/wp\/v2\/product_cat?post=274376"},{"taxonomy":"product_tag","embeddable":true,"href":"https:\/\/design.crysound.com\/fr\/wp-json\/wp\/v2\/product_tag?post=274376"}],"curies":[{"name":"wp","href":"https:\/\/api.w.org\/{rel}","templated":true}]}}