{"id":274358,"date":"2025-06-08T13:37:23","date_gmt":"2025-06-08T13:37:23","guid":{"rendered":"https:\/\/design.crysound.com\/product\/preamplificateur-cry3503-1-2-iepe-connecteur-microdot-tres-court\/"},"modified":"2025-06-08T13:37:23","modified_gmt":"2025-06-08T13:37:23","slug":"preamplificateur-cry3503-1-2-iepe-connecteur-microdot-tres-court","status":"publish","type":"product","link":"https:\/\/design.crysound.com\/fr\/product\/preamplificateur-cry3503-1-2-iepe-connecteur-microdot-tres-court\/","title":{"rendered":"Pr\u00e9amplificateur CRY3503 1\/2&Prime;, IEPE, connecteur Microdot, tr\u00e8s court"},"content":{"rendered":"<p>Le CRY3503 est un pr\u00e9amplificateur \u00e0 alimentation en courant constant. Il peut \u00eatre utilis\u00e9 avec le microphone de mesure pr\u00e9polaris\u00e9 1\/2 pouce de la s\u00e9rie CRY3000 et est largement compatible avec d\u2019autres marques.<\/p>\n<p>Le CRY3503 convertit une imp\u00e9dance d\u2019entr\u00e9e \u00e9lev\u00e9e en une faible imp\u00e9dance de sortie, permettant l\u2019utilisation d\u2019un c\u00e2ble de rallonge plus long. L\u2019avantage est que le bruit de fond est faible et qu\u2019il ne constitue pratiquement pas une charge pour le microphone. Il prend en charge la fonction TEDS et r\u00e9duit le temps de test. Sa conception compacte lui permet de r\u00e9aliser des mesures dans des environnements o\u00f9 l\u2019espace est limit\u00e9.<\/p>\n","protected":false},"excerpt":{"rendered":"<p>Le CRY3503 est un pr\u00e9amplificateur \u00e0 alimentation en courant constant. Il peut \u00eatre utilis\u00e9 avec le microphone de mesure pr\u00e9polaris\u00e9 1\/2 pouce de la s\u00e9rie CRY3000 et est largement compatible avec d\u2019autres marques.<\/p>\n<p>\u200d<\/p>\n<p>Le CRY3503 convertit une imp\u00e9dance d\u2019entr\u00e9e \u00e9lev\u00e9e en une faible imp\u00e9dance de sortie, permettant l\u2019utilisation d\u2019un c\u00e2ble de rallonge plus long. L\u2019avantage est que le bruit de fond est faible et qu\u2019il ne constitue pratiquement pas une charge pour le microphone. Il prend en charge la fonction TEDS et r\u00e9duit le temps de test. Sa conception compacte lui permet de r\u00e9aliser des mesures dans des environnements o\u00f9 l\u2019espace est limit\u00e9.<\/p>\n","protected":false},"featured_media":270304,"template":"","meta":{"_acf_changed":false,"_eb_attr":"","content-type":""},"product_brand":[],"product_cat":[536,551],"product_tag":[],"class_list":{"0":"post-274358","1":"product","2":"type-product","3":"status-publish","4":"has-post-thumbnail","6":"product_cat-capteurs","7":"product_cat-preamplificateur","9":"first","10":"instock","11":"shipping-taxable","12":"product-type-simple"},"acf":[],"_links":{"self":[{"href":"https:\/\/design.crysound.com\/fr\/wp-json\/wp\/v2\/product\/274358","targetHints":{"allow":["GET"]}}],"collection":[{"href":"https:\/\/design.crysound.com\/fr\/wp-json\/wp\/v2\/product"}],"about":[{"href":"https:\/\/design.crysound.com\/fr\/wp-json\/wp\/v2\/types\/product"}],"wp:featuredmedia":[{"embeddable":true,"href":"https:\/\/design.crysound.com\/fr\/wp-json\/wp\/v2\/media\/270304"}],"wp:attachment":[{"href":"https:\/\/design.crysound.com\/fr\/wp-json\/wp\/v2\/media?parent=274358"}],"wp:term":[{"taxonomy":"product_brand","embeddable":true,"href":"https:\/\/design.crysound.com\/fr\/wp-json\/wp\/v2\/product_brand?post=274358"},{"taxonomy":"product_cat","embeddable":true,"href":"https:\/\/design.crysound.com\/fr\/wp-json\/wp\/v2\/product_cat?post=274358"},{"taxonomy":"product_tag","embeddable":true,"href":"https:\/\/design.crysound.com\/fr\/wp-json\/wp\/v2\/product_tag?post=274358"}],"curies":[{"name":"wp","href":"https:\/\/api.w.org\/{rel}","templated":true}]}}