{"id":274353,"date":"2025-11-14T06:46:06","date_gmt":"2025-11-14T06:46:06","guid":{"rendered":"https:\/\/design.crysound.com\/product\/acoustic-link\/"},"modified":"2025-11-14T06:46:06","modified_gmt":"2025-11-14T06:46:06","slug":"acoustic-link","status":"publish","type":"product","link":"https:\/\/design.crysound.com\/fr\/product\/acoustic-link\/","title":{"rendered":"Acoustic Link"},"content":{"rendered":"<article class=\"4ever-article\">Acoustic Link est une application mobile compagnon pour la cam\u00e9ra d\u2019imagerie acoustique de la s\u00e9rie CRY8120. Elle \u00e9tablit une connexion Wi-Fi rapide et stable avec la cam\u00e9ra, permettant l\u2019aper\u00e7u directement sur l\u2019appareil des photos, vid\u00e9os et rapports d\u2019inspection captur\u00e9s sur votre t\u00e9l\u00e9phone ou votre tablette, sans qu\u2019un PC soit n\u00e9cessaire. Les ing\u00e9nieurs peuvent \u00e9galement r\u00e9cup\u00e9rer et examiner, directement dans l\u2019application, les visuels sp\u00e9cifiques aux d\u00e9fauts g\u00e9n\u00e9r\u00e9s par la cam\u00e9ra, tels que les cartes acoustiques de fuites de gaz, les sch\u00e9mas de d\u00e9charges partielles et les images thermiques. Les r\u00e9sultats peuvent \u00eatre enregistr\u00e9s localement et partag\u00e9s via la feuille de partage du syst\u00e8me afin de simplifier la communication avec les coll\u00e8gues et les clients. Gr\u00e2ce \u00e0 une liste de fichiers claire et \u00e0 un flux de pr\u00e9visualisation guid\u00e9, les ing\u00e9nieurs intervenant en inspection sur le terrain, en service apr\u00e8s-vente et en assurance qualit\u00e9 de production peuvent localiser les d\u00e9fauts plus rapidement, documenter les preuves de mani\u00e8re coh\u00e9rente et acc\u00e9l\u00e9rer la prise de d\u00e9cision.<\/article>\n","protected":false},"excerpt":{"rendered":"<p><img fetchpriority=\"high\" decoding=\"async\" class=\"alignnone size-medium wp-image-263295\" src=\"https:\/\/design.crysound.com\/wp-content\/uploads\/2025\/11\/Icon1-300x212.png\" alt=\"\" width=\"300\" height=\"212\"\/>Acoustic Link est une application mobile compagnon pour la cam\u00e9ra d\u2019imagerie acoustique de la s\u00e9rie CRY8120. Elle \u00e9tablit une connexion Wi-Fi rapide et stable avec la cam\u00e9ra, permettant l\u2019aper\u00e7u directement sur l\u2019appareil des photos, vid\u00e9os et rapports d\u2019inspection captur\u00e9s sur votre t\u00e9l\u00e9phone ou votre tablette, sans qu\u2019un PC soit n\u00e9cessaire. Les ing\u00e9nieurs peuvent \u00e9galement r\u00e9cup\u00e9rer et examiner, directement dans l\u2019application, les visuels sp\u00e9cifiques aux d\u00e9fauts g\u00e9n\u00e9r\u00e9s par la cam\u00e9ra, tels que les cartes acoustiques de fuites de gaz, les sch\u00e9mas de d\u00e9charges partielles et les images thermiques. Les r\u00e9sultats peuvent \u00eatre enregistr\u00e9s localement et partag\u00e9s via la feuille de partage du syst\u00e8me afin de simplifier la communication avec les coll\u00e8gues et les clients. Gr\u00e2ce \u00e0 une liste de fichiers claire et \u00e0 un flux de pr\u00e9visualisation guid\u00e9, les ing\u00e9nieurs intervenant en inspection sur le terrain, en service apr\u00e8s-vente et en assurance qualit\u00e9 de production peuvent localiser les d\u00e9fauts plus rapidement, documenter les preuves de mani\u00e8re coh\u00e9rente et acc\u00e9l\u00e9rer la prise de d\u00e9cision.<\/p>\n","protected":false},"featured_media":273650,"template":"","meta":{"_acf_changed":false,"_eb_attr":"","content-type":""},"product_brand":[],"product_cat":[549],"product_tag":[],"class_list":{"0":"post-274353","1":"product","2":"type-product","3":"status-publish","4":"has-post-thumbnail","6":"product_cat-logiciel-pour-camera-acoustique","8":"first","9":"instock","10":"shipping-taxable","11":"product-type-simple"},"acf":[],"_links":{"self":[{"href":"https:\/\/design.crysound.com\/fr\/wp-json\/wp\/v2\/product\/274353","targetHints":{"allow":["GET"]}}],"collection":[{"href":"https:\/\/design.crysound.com\/fr\/wp-json\/wp\/v2\/product"}],"about":[{"href":"https:\/\/design.crysound.com\/fr\/wp-json\/wp\/v2\/types\/product"}],"wp:featuredmedia":[{"embeddable":true,"href":"https:\/\/design.crysound.com\/fr\/wp-json\/wp\/v2\/media\/273650"}],"wp:attachment":[{"href":"https:\/\/design.crysound.com\/fr\/wp-json\/wp\/v2\/media?parent=274353"}],"wp:term":[{"taxonomy":"product_brand","embeddable":true,"href":"https:\/\/design.crysound.com\/fr\/wp-json\/wp\/v2\/product_brand?post=274353"},{"taxonomy":"product_cat","embeddable":true,"href":"https:\/\/design.crysound.com\/fr\/wp-json\/wp\/v2\/product_cat?post=274353"},{"taxonomy":"product_tag","embeddable":true,"href":"https:\/\/design.crysound.com\/fr\/wp-json\/wp\/v2\/product_tag?post=274353"}],"curies":[{"name":"wp","href":"https:\/\/api.w.org\/{rel}","templated":true}]}}