{"id":274348,"date":"2025-10-14T03:00:37","date_gmt":"2025-10-14T03:00:37","guid":{"rendered":"https:\/\/design.crysound.com\/product\/opentest\/"},"modified":"2025-10-14T03:00:37","modified_gmt":"2025-10-14T03:00:37","slug":"opentest","status":"publish","type":"product","link":"https:\/\/design.crysound.com\/fr\/product\/opentest\/","title":{"rendered":"OpenTest"},"content":{"rendered":"<p>OpenTest est une plateforme de nouvelle g\u00e9n\u00e9ration con\u00e7ue pour les ing\u00e9nieurs, les chercheurs et les fabricants en qu\u00eate de pr\u00e9cision, de flexibilit\u00e9 et d\u2019innovation dans les tests acoustiques et vibratoires. Fond\u00e9e sur trois principes cl\u00e9s \u2014 ouverture, intelligence pilot\u00e9e par l\u2019IA et compatibilit\u00e9 sans limites \u2014 nous permettons \u00e0 des secteurs comme l\u2019\u00e9lectronique grand public, le NVH automobile, le diagnostic industriel et la recherche universitaire de red\u00e9finir le contr\u00f4le qualit\u00e9, d\u2019acc\u00e9l\u00e9rer la R&amp;D et de simplifier la production.<\/p>\n","protected":false},"excerpt":{"rendered":"<p>Un nouveau logiciel de mesure acoustique. R\u00e9volutionnez la mesure acoustique gr\u00e2ce \u00e0 l\u2019ouverture, \u00e0 l\u2019IA et \u00e0 une compatibilit\u00e9 universelle.<\/p>\n","protected":false},"featured_media":270214,"template":"","meta":{"_acf_changed":false,"_eb_attr":"","content-type":""},"product_brand":[],"product_cat":[533,538,530],"product_tag":[],"class_list":{"0":"post-274348","1":"product","2":"type-product","3":"status-publish","4":"has-post-thumbnail","6":"product_cat-acquisition-de-donnees","7":"product_cat-opentest","8":"product_cat-presentation-des-produits-sur-la-page-daccueil","10":"first","11":"instock","12":"shipping-taxable","13":"product-type-simple"},"acf":[],"_links":{"self":[{"href":"https:\/\/design.crysound.com\/fr\/wp-json\/wp\/v2\/product\/274348","targetHints":{"allow":["GET"]}}],"collection":[{"href":"https:\/\/design.crysound.com\/fr\/wp-json\/wp\/v2\/product"}],"about":[{"href":"https:\/\/design.crysound.com\/fr\/wp-json\/wp\/v2\/types\/product"}],"wp:featuredmedia":[{"embeddable":true,"href":"https:\/\/design.crysound.com\/fr\/wp-json\/wp\/v2\/media\/270214"}],"wp:attachment":[{"href":"https:\/\/design.crysound.com\/fr\/wp-json\/wp\/v2\/media?parent=274348"}],"wp:term":[{"taxonomy":"product_brand","embeddable":true,"href":"https:\/\/design.crysound.com\/fr\/wp-json\/wp\/v2\/product_brand?post=274348"},{"taxonomy":"product_cat","embeddable":true,"href":"https:\/\/design.crysound.com\/fr\/wp-json\/wp\/v2\/product_cat?post=274348"},{"taxonomy":"product_tag","embeddable":true,"href":"https:\/\/design.crysound.com\/fr\/wp-json\/wp\/v2\/product_tag?post=274348"}],"curies":[{"name":"wp","href":"https:\/\/api.w.org\/{rel}","templated":true}]}}