{"id":274331,"date":"2025-10-15T02:38:55","date_gmt":"2025-10-15T02:38:55","guid":{"rendered":"https:\/\/design.crysound.com\/product\/sonodaq-pro\/"},"modified":"2025-10-15T02:38:55","modified_gmt":"2025-10-15T02:38:55","slug":"sonodaq-pro","status":"publish","type":"product","link":"https:\/\/design.crysound.com\/fr\/product\/sonodaq-pro\/","title":{"rendered":"SonoDAQ Pro"},"content":{"rendered":"<p data-start=\"0\" data-end=\"405\">CRYSOUND a lanc\u00e9 le nouveau syst\u00e8me d\u2019acquisition de donn\u00e9es SonoDAQ Pro, parfaitement int\u00e9gr\u00e9 \u00e0 la plateforme logicielle OpenTest. Avec une mise \u00e0 l\u2019\u00e9chelle modulaire de 4 \u00e0 24 canaux par unit\u00e9, une plage dynamique allant jusqu\u2019\u00e0 170 dB, et une synchronisation PTP (IEEE 1588) \/ GPS avec un d\u00e9lai \u2264 100 ns, SonoDAQ Pro offre des performances stables et r\u00e9p\u00e9tables, aussi bien en laboratoire que sur le terrain.<\/p>\n<p data-start=\"407\" data-end=\"844\" data-is-last-node=\"\" data-is-only-node=\"\">Le syst\u00e8me est largement utilis\u00e9 pour les essais NVH automobiles, l\u2019a\u00e9ronautique, l\u2019\u00e9lectronique grand public et les machines industrielles. En combinant acquisition de donn\u00e9es haute pr\u00e9cision et analyse intelligente, SonoDAQ et OpenTest proposent un flux de travail complet \u2014 de l\u2019acquisition multicanal et de la surveillance en temps r\u00e9el au traitement avanc\u00e9, aux s\u00e9quences d\u2019automatisation et \u00e0 la g\u00e9n\u00e9ration de rapports en un clic \u2014 am\u00e9liorant consid\u00e9rablement le rendement des tests et la confiance des ing\u00e9nieurs.<\/p>\n","protected":false},"excerpt":{"rendered":"<p>Un syst\u00e8me int\u00e9gr\u00e9 d\u2019essais acoustiques et vibratoires, avec acquisition de donn\u00e9es haute pr\u00e9cision et analyse intelligente.<\/p>\n<p>&nbsp;<\/p>\n","protected":false},"featured_media":270195,"template":"","meta":{"_acf_changed":false,"_eb_attr":"","content-type":""},"product_brand":[],"product_cat":[533,530,531,539],"product_tag":[],"class_list":{"0":"post-274331","1":"product","2":"type-product","3":"status-publish","4":"has-post-thumbnail","6":"product_cat-acquisition-de-donnees","7":"product_cat-presentation-des-produits-sur-la-page-daccueil","8":"product_cat-produit-vedette-presente-sur-la-page-daccueil","9":"product_cat-systeme-dacquisition-de-donnees","11":"first","12":"instock","13":"shipping-taxable","14":"product-type-simple"},"acf":[],"_links":{"self":[{"href":"https:\/\/design.crysound.com\/fr\/wp-json\/wp\/v2\/product\/274331","targetHints":{"allow":["GET"]}}],"collection":[{"href":"https:\/\/design.crysound.com\/fr\/wp-json\/wp\/v2\/product"}],"about":[{"href":"https:\/\/design.crysound.com\/fr\/wp-json\/wp\/v2\/types\/product"}],"wp:featuredmedia":[{"embeddable":true,"href":"https:\/\/design.crysound.com\/fr\/wp-json\/wp\/v2\/media\/270195"}],"wp:attachment":[{"href":"https:\/\/design.crysound.com\/fr\/wp-json\/wp\/v2\/media?parent=274331"}],"wp:term":[{"taxonomy":"product_brand","embeddable":true,"href":"https:\/\/design.crysound.com\/fr\/wp-json\/wp\/v2\/product_brand?post=274331"},{"taxonomy":"product_cat","embeddable":true,"href":"https:\/\/design.crysound.com\/fr\/wp-json\/wp\/v2\/product_cat?post=274331"},{"taxonomy":"product_tag","embeddable":true,"href":"https:\/\/design.crysound.com\/fr\/wp-json\/wp\/v2\/product_tag?post=274331"}],"curies":[{"name":"wp","href":"https:\/\/api.w.org\/{rel}","templated":true}]}}