{"id":274325,"date":"2025-12-11T03:01:50","date_gmt":"2025-12-11T03:01:50","guid":{"rendered":"https:\/\/design.crysound.com\/product\/cry3408-s01-ensemble-de-microphone-haute-pression-a-champ-de-pression-prepolarise-1-4-014-mv-pa\/"},"modified":"2025-12-11T03:01:50","modified_gmt":"2025-12-11T03:01:50","slug":"cry3408-s01-ensemble-de-microphone-haute-pression-a-champ-de-pression-prepolarise-1-4-014-mv-pa","status":"publish","type":"product","link":"https:\/\/design.crysound.com\/fr\/product\/cry3408-s01-ensemble-de-microphone-haute-pression-a-champ-de-pression-prepolarise-1-4-014-mv-pa\/","title":{"rendered":"CRY3408-S01 Ensemble de microphone haute pression \u00e0 champ de pression pr\u00e9polaris\u00e9, 1\/4&Prime;, 0,14 mV\/Pa"},"content":{"rendered":"<p>Le CRY3408-S01 est un ensemble de microphone de mesure \u00e0 champ de pression pr\u00e9polaris\u00e9 de 1\/4&Prime; avec pr\u00e9amplificateur, con\u00e7u pour la mesure acoustique \u00e0 des niveaux de pression sonore \u00e9lev\u00e9s.<br \/>\nIl permet des essais acoustiques dans des environnements \u00e0 pression sonore extr\u00eamement \u00e9lev\u00e9e et peut supporter des niveaux de pression acoustique allant jusqu\u2019\u00e0 180 dB. Il est adapt\u00e9 \u00e0 la mesure des caract\u00e9ristiques sonores dans des environnements \u00e0 volume \u00e9lev\u00e9 ainsi qu\u2019\u00e0 l\u2019\u00e9valuation et \u00e0 l\u2019optimisation des environnements acoustiques.<\/p>\n","protected":false},"excerpt":{"rendered":"<p>Le CRY3408-S01 est un ensemble de microphone de mesure \u00e0 champ de pression pr\u00e9polaris\u00e9 de 1\/4&Prime; avec pr\u00e9amplificateur, con\u00e7u pour la mesure acoustique \u00e0 des niveaux de pression sonore \u00e9lev\u00e9s.<br \/>\nIl permet des essais acoustiques dans des environnements \u00e0 pression sonore extr\u00eamement \u00e9lev\u00e9e et peut supporter des niveaux de pression acoustique allant jusqu\u2019\u00e0 180 dB. Il est adapt\u00e9 \u00e0 la mesure des caract\u00e9ristiques sonores dans des environnements \u00e0 volume \u00e9lev\u00e9 ainsi qu\u2019\u00e0 l\u2019\u00e9valuation et \u00e0 l\u2019optimisation des environnements acoustiques.<\/p>\n","protected":false},"featured_media":270183,"template":"","meta":{"_acf_changed":false,"_eb_attr":"","content-type":""},"product_brand":[],"product_cat":[536,537],"product_tag":[],"class_list":{"0":"post-274325","1":"product","2":"type-product","3":"status-publish","4":"has-post-thumbnail","6":"product_cat-capteurs","7":"product_cat-ensemble-de-microphone","9":"first","10":"instock","11":"shipping-taxable","12":"product-type-simple"},"acf":[],"_links":{"self":[{"href":"https:\/\/design.crysound.com\/fr\/wp-json\/wp\/v2\/product\/274325","targetHints":{"allow":["GET"]}}],"collection":[{"href":"https:\/\/design.crysound.com\/fr\/wp-json\/wp\/v2\/product"}],"about":[{"href":"https:\/\/design.crysound.com\/fr\/wp-json\/wp\/v2\/types\/product"}],"wp:featuredmedia":[{"embeddable":true,"href":"https:\/\/design.crysound.com\/fr\/wp-json\/wp\/v2\/media\/270183"}],"wp:attachment":[{"href":"https:\/\/design.crysound.com\/fr\/wp-json\/wp\/v2\/media?parent=274325"}],"wp:term":[{"taxonomy":"product_brand","embeddable":true,"href":"https:\/\/design.crysound.com\/fr\/wp-json\/wp\/v2\/product_brand?post=274325"},{"taxonomy":"product_cat","embeddable":true,"href":"https:\/\/design.crysound.com\/fr\/wp-json\/wp\/v2\/product_cat?post=274325"},{"taxonomy":"product_tag","embeddable":true,"href":"https:\/\/design.crysound.com\/fr\/wp-json\/wp\/v2\/product_tag?post=274325"}],"curies":[{"name":"wp","href":"https:\/\/api.w.org\/{rel}","templated":true}]}}