{"id":274311,"date":"2025-10-15T02:43:32","date_gmt":"2025-10-15T02:43:32","guid":{"rendered":"https:\/\/design.crysound.com\/product\/camera-acoustique-sonocam-pi-de-la-serie-cry8500\/"},"modified":"2025-10-15T02:43:32","modified_gmt":"2025-10-15T02:43:32","slug":"camera-acoustique-sonocam-pi-de-la-serie-cry8500","status":"publish","type":"product","link":"https:\/\/design.crysound.com\/fr\/product\/camera-acoustique-sonocam-pi-de-la-serie-cry8500\/","title":{"rendered":"Cam\u00e9ra acoustique SonoCam Pi de la s\u00e9rie CRY8500"},"content":{"rendered":"<p>La SonoCam Pi est un kit de d\u00e9veloppement de cam\u00e9ra acoustique portative con\u00e7u pour prendre en charge des applications d\u2019imagerie sonore rapides et pr\u00e9cises.<\/p>\n<p>Avec jusqu\u2019\u00e0 208 microphones MEMS et un r\u00e9seau de plus de 30&amp;nbsp;cm, ce kit de d\u00e9veloppement est capable d\u2019effectuer des mesures en champ proche et en champ lointain au sein d\u2019un seul et m\u00eame syst\u00e8me. Ce kit de d\u00e9veloppement hautes performances, l\u00e9ger et portable red\u00e9finit la mobilit\u00e9 et la pr\u00e9cision dans le domaine du diagnostic acoustique, ce qui en fait l\u2019outil id\u00e9al pour les tests et l\u2019analyse acoustiques.<br \/>\nLe kit de d\u00e9veloppement SonoCam Pi est capable d\u2019effectuer des mesures en champ proche et en champ lointain au sein d\u2019un seul et m\u00eame syst\u00e8me, ce qui le rend adapt\u00e9 \u00e0 un large \u00e9ventail d\u2019applications, telles que la recherche et les essais en laboratoire d\u2019acoustique, la d\u00e9tection de d\u00e9faillances m\u00e9caniques ou de bruits a\u00e9riens, la visualisation des points faibles acoustiques et des composants rayonnants, ainsi que l\u2019optimisation de la qualit\u00e9 sonore dans l\u2019automobile et l\u2019\u00e9lectronique grand public.<\/p>\n","protected":false},"excerpt":{"rendered":"<p>La SonoCam Pi est un kit de d\u00e9veloppement de cam\u00e9ra acoustique portative con\u00e7u pour prendre en charge des applications d\u2019imagerie sonore rapides et pr\u00e9cises.<\/p>\n<p>Avec jusqu\u2019\u00e0 208 microphones MEMS et un r\u00e9seau de plus de 30&amp;nbsp;cm, ce kit de d\u00e9veloppement est capable d\u2019effectuer des mesures en champ proche et en champ lointain au sein d\u2019un seul et m\u00eame syst\u00e8me. Ce kit de d\u00e9veloppement hautes performances, l\u00e9ger et portable red\u00e9finit la mobilit\u00e9 et la pr\u00e9cision dans le domaine du diagnostic acoustique, ce qui en fait l\u2019outil id\u00e9al pour les tests et l\u2019analyse acoustiques.<br \/>\nLe kit de d\u00e9veloppement SonoCam Pi est capable d\u2019effectuer des mesures en champ proche et en champ lointain au sein d\u2019un seul et m\u00eame syst\u00e8me, ce qui le rend adapt\u00e9 \u00e0 un large \u00e9ventail d\u2019applications, telles que la recherche et les essais en laboratoire d\u2019acoustique, la d\u00e9tection de d\u00e9faillances m\u00e9caniques ou de bruits a\u00e9riens, la visualisation des points faibles acoustiques et des composants rayonnants, ainsi que l\u2019optimisation de la qualit\u00e9 sonore dans l\u2019automobile et l\u2019\u00e9lectronique grand public.<\/p>\n","protected":false},"featured_media":270206,"template":"","meta":{"_acf_changed":false,"_eb_attr":"","content-type":""},"product_brand":[],"product_cat":[535,534,530],"product_tag":[],"class_list":{"0":"post-274311","1":"product","2":"type-product","3":"status-publish","4":"has-post-thumbnail","6":"product_cat-camera-acoustique-sonocam-pi","7":"product_cat-imagerie-acoustique","8":"product_cat-presentation-des-produits-sur-la-page-daccueil","10":"first","11":"instock","12":"shipping-taxable","13":"product-type-simple"},"acf":[],"_links":{"self":[{"href":"https:\/\/design.crysound.com\/fr\/wp-json\/wp\/v2\/product\/274311","targetHints":{"allow":["GET"]}}],"collection":[{"href":"https:\/\/design.crysound.com\/fr\/wp-json\/wp\/v2\/product"}],"about":[{"href":"https:\/\/design.crysound.com\/fr\/wp-json\/wp\/v2\/types\/product"}],"wp:featuredmedia":[{"embeddable":true,"href":"https:\/\/design.crysound.com\/fr\/wp-json\/wp\/v2\/media\/270206"}],"wp:attachment":[{"href":"https:\/\/design.crysound.com\/fr\/wp-json\/wp\/v2\/media?parent=274311"}],"wp:term":[{"taxonomy":"product_brand","embeddable":true,"href":"https:\/\/design.crysound.com\/fr\/wp-json\/wp\/v2\/product_brand?post=274311"},{"taxonomy":"product_cat","embeddable":true,"href":"https:\/\/design.crysound.com\/fr\/wp-json\/wp\/v2\/product_cat?post=274311"},{"taxonomy":"product_tag","embeddable":true,"href":"https:\/\/design.crysound.com\/fr\/wp-json\/wp\/v2\/product_tag?post=274311"}],"curies":[{"name":"wp","href":"https:\/\/api.w.org\/{rel}","templated":true}]}}