{"id":274302,"date":"2026-01-06T03:54:18","date_gmt":"2026-01-06T03:54:18","guid":{"rendered":"https:\/\/design.crysound.com\/product\/capteur-a-ultrasons-de-contact-ia3104\/"},"modified":"2026-01-06T03:54:18","modified_gmt":"2026-01-06T03:54:18","slug":"capteur-a-ultrasons-de-contact-ia3104","status":"publish","type":"product","link":"https:\/\/design.crysound.com\/fr\/product\/capteur-a-ultrasons-de-contact-ia3104\/","title":{"rendered":"Capteur \u00e0 ultrasons de contact IA3104"},"content":{"rendered":"<p>Le capteur \u00e0 ultrasons de contact est con\u00e7u pour d\u00e9tecter les fuites dans les vannes de gaz et de liquides sous pression. Gr\u00e2ce \u00e0 la d\u00e9tection ultrasonore par contact, l\u2019\u00e9nergie ultrasonore se propage \u00e0 travers la surface m\u00e9tallique et capture avec pr\u00e9cision les signaux ultrasonores haute fr\u00e9quence g\u00e9n\u00e9r\u00e9s par les fuites internes de vannes. Combin\u00e9 \u00e0 des analyses intelligentes et \u00e0 un flux de travail guid\u00e9, il automatise l\u2019ensemble du processus \u2014 de l\u2019acquisition des donn\u00e9es et de l\u2019extraction des caract\u00e9ristiques jusqu\u2019au diagnostic des fuites \u2014 am\u00e9liorant l\u2019efficacit\u00e9 et la coh\u00e9rence des inspections dans les environnements industriels. Il est id\u00e9al pour la maintenance pr\u00e9ventive et le diagnostic des d\u00e9faillances d\u2019actifs critiques tels que les vannes d\u2019ol\u00e9oducs et les vannes de r\u00e9seaux de gaz naturel, et il facilite les d\u00e9cisions de maintenance pr\u00e9dictive.<\/p>\n","protected":false},"excerpt":{"rendered":"<p>Le capteur \u00e0 ultrasons de contact est con\u00e7u pour d\u00e9tecter les fuites dans les vannes de gaz et de liquides sous pression. Gr\u00e2ce \u00e0 la d\u00e9tection ultrasonore par contact, l\u2019\u00e9nergie ultrasonore se propage \u00e0 travers la surface m\u00e9tallique et capture avec pr\u00e9cision les signaux ultrasonores haute fr\u00e9quence g\u00e9n\u00e9r\u00e9s par les fuites internes de vannes. Combin\u00e9 \u00e0 des analyses intelligentes et \u00e0 un flux de travail guid\u00e9, il automatise l\u2019ensemble du processus \u2014 de l\u2019acquisition des donn\u00e9es et de l\u2019extraction des caract\u00e9ristiques jusqu\u2019au diagnostic des fuites \u2014 am\u00e9liorant l\u2019efficacit\u00e9 et la coh\u00e9rence des inspections dans les environnements industriels. Il est id\u00e9al pour la maintenance pr\u00e9ventive et le diagnostic des d\u00e9faillances d\u2019actifs critiques tels que les vannes d\u2019ol\u00e9oducs et les vannes de r\u00e9seaux de gaz naturel, et il facilite les d\u00e9cisions de maintenance pr\u00e9dictive.<\/p>\n","protected":false},"featured_media":273652,"template":"","meta":{"_acf_changed":false,"_eb_attr":"","content-type":""},"product_brand":[],"product_cat":[532],"product_tag":[],"class_list":{"0":"post-274302","1":"product","2":"type-product","3":"status-publish","4":"has-post-thumbnail","6":"product_cat-accessoires-pour-cameras-acoustiques","8":"first","9":"instock","10":"shipping-taxable","11":"product-type-simple"},"acf":[],"_links":{"self":[{"href":"https:\/\/design.crysound.com\/fr\/wp-json\/wp\/v2\/product\/274302","targetHints":{"allow":["GET"]}}],"collection":[{"href":"https:\/\/design.crysound.com\/fr\/wp-json\/wp\/v2\/product"}],"about":[{"href":"https:\/\/design.crysound.com\/fr\/wp-json\/wp\/v2\/types\/product"}],"wp:featuredmedia":[{"embeddable":true,"href":"https:\/\/design.crysound.com\/fr\/wp-json\/wp\/v2\/media\/273652"}],"wp:attachment":[{"href":"https:\/\/design.crysound.com\/fr\/wp-json\/wp\/v2\/media?parent=274302"}],"wp:term":[{"taxonomy":"product_brand","embeddable":true,"href":"https:\/\/design.crysound.com\/fr\/wp-json\/wp\/v2\/product_brand?post=274302"},{"taxonomy":"product_cat","embeddable":true,"href":"https:\/\/design.crysound.com\/fr\/wp-json\/wp\/v2\/product_cat?post=274302"},{"taxonomy":"product_tag","embeddable":true,"href":"https:\/\/design.crysound.com\/fr\/wp-json\/wp\/v2\/product_tag?post=274302"}],"curies":[{"name":"wp","href":"https:\/\/api.w.org\/{rel}","templated":true}]}}