{"id":274297,"date":"2025-10-15T14:16:44","date_gmt":"2025-10-15T14:16:44","guid":{"rendered":"https:\/\/design.crysound.com\/product\/interface-audio-bluetooth-le-cry578\/"},"modified":"2025-10-15T14:16:44","modified_gmt":"2025-10-15T14:16:44","slug":"interface-audio-bluetooth-le-cry578","status":"publish","type":"product","link":"https:\/\/design.crysound.com\/fr\/product\/interface-audio-bluetooth-le-cry578\/","title":{"rendered":"Interface audio Bluetooth LE CRY578"},"content":{"rendered":"<p>L\u2019interface audio Bluetooth LE CRY578 est un appareil Bluetooth sp\u00e9cialement con\u00e7u pour les tests audio Bluetooth et d\u2019interface utilisateur (UI). Elle est mise \u00e0 jour vers Bluetooth v5.4 et prend en charge les fonctionnalit\u00e9s LE Audio. Elle est adapt\u00e9e \u00e0 une utilisation dans les laboratoires de R&amp;D et pour les tests sur les lignes de production. Elle peut \u00eatre utilis\u00e9e conjointement avec l\u2019analyseur audio CRY6151B ou comme module autonome en combinaison avec d\u2019autres \u00e9quipements de test. Les utilisateurs peuvent contr\u00f4ler l\u2019interface audio Bluetooth LE CRY578 \u00e0 l\u2019aide du logiciel Sonolab ou du logiciel autonome CRY578 pour la recherche, l\u2019appairage, la connexion, la lecture audio, l\u2019enregistrement, etc.<\/p>\n","protected":false},"excerpt":{"rendered":"<p>L\u2019interface audio Bluetooth LE CRY578 est un appareil Bluetooth sp\u00e9cialement con\u00e7u pour les tests audio Bluetooth et d\u2019interface utilisateur (UI). Elle est mise \u00e0 jour vers Bluetooth v5.4 et prend en charge les fonctionnalit\u00e9s LE Audio. Elle est adapt\u00e9e \u00e0 une utilisation dans les laboratoires de R&amp;D et pour les tests sur les lignes de production. Elle peut \u00eatre utilis\u00e9e conjointement avec l\u2019analyseur audio CRY6151B ou comme module autonome en combinaison avec d\u2019autres \u00e9quipements de test. Les utilisateurs peuvent contr\u00f4ler l\u2019interface audio Bluetooth LE CRY578 \u00e0 l\u2019aide du logiciel Sonolab ou du logiciel autonome CRY578 pour la recherche, l\u2019appairage, la connexion, la lecture audio, l\u2019enregistrement, etc.<\/p>\n","protected":false},"featured_media":270203,"template":"","meta":{"_acf_changed":false,"_eb_attr":"","content-type":""},"product_brand":[],"product_cat":[529,530,531,528],"product_tag":[],"class_list":{"0":"post-274297","1":"product","2":"type-product","3":"status-publish","4":"has-post-thumbnail","6":"product_cat-interface-de-test-audio","7":"product_cat-presentation-des-produits-sur-la-page-daccueil","8":"product_cat-produit-vedette-presente-sur-la-page-daccueil","9":"product_cat-test-electroacoustique","11":"first","12":"instock","13":"shipping-taxable","14":"product-type-simple"},"acf":[],"_links":{"self":[{"href":"https:\/\/design.crysound.com\/fr\/wp-json\/wp\/v2\/product\/274297","targetHints":{"allow":["GET"]}}],"collection":[{"href":"https:\/\/design.crysound.com\/fr\/wp-json\/wp\/v2\/product"}],"about":[{"href":"https:\/\/design.crysound.com\/fr\/wp-json\/wp\/v2\/types\/product"}],"wp:featuredmedia":[{"embeddable":true,"href":"https:\/\/design.crysound.com\/fr\/wp-json\/wp\/v2\/media\/270203"}],"wp:attachment":[{"href":"https:\/\/design.crysound.com\/fr\/wp-json\/wp\/v2\/media?parent=274297"}],"wp:term":[{"taxonomy":"product_brand","embeddable":true,"href":"https:\/\/design.crysound.com\/fr\/wp-json\/wp\/v2\/product_brand?post=274297"},{"taxonomy":"product_cat","embeddable":true,"href":"https:\/\/design.crysound.com\/fr\/wp-json\/wp\/v2\/product_cat?post=274297"},{"taxonomy":"product_tag","embeddable":true,"href":"https:\/\/design.crysound.com\/fr\/wp-json\/wp\/v2\/product_tag?post=274297"}],"curies":[{"name":"wp","href":"https:\/\/api.w.org\/{rel}","templated":true}]}}