{"id":274286,"date":"2025-05-17T02:30:40","date_gmt":"2025-05-17T02:30:40","guid":{"rendered":"https:\/\/design.crysound.com\/support-technique\/"},"modified":"2026-03-07T04:56:32","modified_gmt":"2026-03-07T04:56:32","slug":"support-technique","status":"publish","type":"page","link":"https:\/\/design.crysound.com\/fr\/support-technique\/","title":{"rendered":"Support technique"},"content":{"rendered":"\t\t<div data-elementor-type=\"wp-page\" data-elementor-id=\"274286\" class=\"elementor elementor-274286 elementor-248488\" data-elementor-post-type=\"page\">\n\t\t\t\t<div class=\"elementor-element elementor-element-9244785 e-flex e-con-boxed e-con e-parent\" data-id=\"9244785\" data-element_type=\"container\" data-e-type=\"container\" data-settings=\"{&quot;ekit_has_onepagescroll_dot&quot;:&quot;yes&quot;}\">\n\t\t\t\t\t<div class=\"e-con-inner\">\n\t\t\t\t<div class=\"elementor-element elementor-element-ce3bb00 elementor-widget elementor-widget-heading\" data-id=\"ce3bb00\" data-element_type=\"widget\" data-e-type=\"widget\" data-settings=\"{&quot;ekit_we_effect_on&quot;:&quot;none&quot;}\" data-widget_type=\"heading.default\">\n\t\t\t\t\t<h2 class=\"elementor-heading-title elementor-size-default\">Contacter le support\n<\/h2>\t\t\t\t<\/div>\n\t\t<div class=\"elementor-element elementor-element-513aa81 e-con-full e-flex e-con e-child\" data-id=\"513aa81\" data-element_type=\"container\" data-e-type=\"container\" data-settings=\"{&quot;background_background&quot;:&quot;classic&quot;,&quot;ekit_has_onepagescroll_dot&quot;:&quot;yes&quot;}\">\n\t\t\t\t<div class=\"elementor-element elementor-element-e17216f elementor-widget elementor-widget-text-editor\" data-id=\"e17216f\" data-element_type=\"widget\" data-e-type=\"widget\" data-settings=\"{&quot;ekit_we_effect_on&quot;:&quot;none&quot;}\" data-widget_type=\"text-editor.default\">\n\t\t\t\t\t\t\t\t\t<div class=\"text-block-46\"><div class=\"contact_wrap-texts\"><div id=\"w-node-ee35ae67-76ea-4ddf-dd33-7004545ebf73-545ebf6b\" class=\"contact_wrap-header\"><div class=\"text_subheader-catpages\"><div class=\"code-embed-2 w-embed\"><div class=\"contact_wrap-texts-3\"><div id=\"w-node-fe62ca16-65a1-93ef-5860-5a5161628a3f-5172e31f\" class=\"contact_wrap-header-4\"><div class=\"text_subheader-catpages\"><div class=\"code-embed-8 w-embed\">Remplissez le formulaire ci-dessous pour contacter notre \u00e9quipe d\u2019assistance. Nous r\u00e9pondrons \u00e0 votre demande dans un d\u00e9lai d\u2019un jour ouvrable.<\/div><\/div><\/div><\/div><\/div><\/div><\/div><\/div><\/div>\t\t\t\t\t\t\t\t<\/div>\n\t\t\t\t<div class=\"elementor-element elementor-element-2350320 elementor-widget elementor-widget-hubspot-form\" data-id=\"2350320\" data-element_type=\"widget\" data-e-type=\"widget\" data-settings=\"{&quot;ekit_we_effect_on&quot;:&quot;none&quot;}\" data-widget_type=\"hubspot-form.default\">\n\t\t\t\t<div class=\"elementor-widget-container\">\n\t\t\t\t\t\n\t\t\t\t\t\t<script>\n\t\t\t\t\t\t\twindow.hsFormsOnReady = window.hsFormsOnReady || [];\n\t\t\t\t\t\t\twindow.hsFormsOnReady.push(()=>{\n\t\t\t\t\t\t\t\thbspt.forms.create({\n\t\t\t\t\t\t\t\t\tportalId: 23647591,\n\t\t\t\t\t\t\t\t\tformId: \"f7134891-61b1-4191-892b-49174f735f8c\",\n\t\t\t\t\t\t\t\t\ttarget: \"#hbspt-form-1777496048000-5076865488\",\n\t\t\t\t\t\t\t\t\tregion: \"na2\",\n\t\t\t\t\t\t\t\t\t\n\t\t\t\t\t\t\t})});\n\t\t\t\t\t\t<\/script>\n\t\t\t\t\t\t<div class=\"hbspt-form\" id=\"hbspt-form-1777496048000-5076865488\"><\/div>\t\t\t\t<\/div>\n\t\t\t\t<\/div>\n\t\t\t\t<\/div>\n\t\t\t\t\t<\/div>\n\t\t\t\t<\/div>\n\t\t<div class=\"elementor-element elementor-element-016e19e e-flex e-con-boxed e-con e-parent\" data-id=\"016e19e\" data-element_type=\"container\" data-e-type=\"container\" data-settings=\"{&quot;ekit_has_onepagescroll_dot&quot;:&quot;yes&quot;}\">\n\t\t\t\t\t<div class=\"e-con-inner\">\n\t\t\t\t<div class=\"elementor-element elementor-element-0f4636f elementor-widget elementor-widget-heading\" data-id=\"0f4636f\" data-element_type=\"widget\" data-e-type=\"widget\" data-settings=\"{&quot;ekit_we_effect_on&quot;:&quot;none&quot;}\" data-widget_type=\"heading.default\">\n\t\t\t\t\t<h2 class=\"elementor-heading-title elementor-size-default\">Sites<\/h2>\t\t\t\t<\/div>\n\t\t<div class=\"elementor-element elementor-element-3727907 e-con-full e-flex e-con e-child\" data-id=\"3727907\" data-element_type=\"container\" data-e-type=\"container\" data-settings=\"{&quot;ekit_has_onepagescroll_dot&quot;:&quot;yes&quot;}\">\n\t\t<div class=\"elementor-element elementor-element-31aa601 e-con-full e-flex e-con e-child\" data-id=\"31aa601\" data-element_type=\"container\" data-e-type=\"container\" data-settings=\"{&quot;ekit_has_onepagescroll_dot&quot;:&quot;yes&quot;}\">\n\t\t\t\t<div class=\"elementor-element elementor-element-9891173 elementor-widget elementor-widget-image\" data-id=\"9891173\" data-element_type=\"widget\" data-e-type=\"widget\" data-settings=\"{&quot;ekit_we_effect_on&quot;:&quot;none&quot;}\" data-widget_type=\"image.default\">\n\t\t\t\t\t\t\t\t\t\t\t\t\t\t\t<img fetchpriority=\"high\" decoding=\"async\" width=\"1960\" height=\"1200\" src=\"https:\/\/design.crysound.com\/wp-content\/uploads\/2025\/05\/668e2c51e02dca0b118fb73c_map-1.png\" class=\"attachment-full size-full wp-image-271315\" alt=\"\" srcset=\"https:\/\/design.crysound.com\/wp-content\/uploads\/2025\/05\/668e2c51e02dca0b118fb73c_map-1.png 1960w, https:\/\/design.crysound.com\/wp-content\/uploads\/2025\/05\/668e2c51e02dca0b118fb73c_map-1-600x367.png 600w, https:\/\/design.crysound.com\/wp-content\/uploads\/2025\/05\/668e2c51e02dca0b118fb73c_map-1-300x184.png 300w, https:\/\/design.crysound.com\/wp-content\/uploads\/2025\/05\/668e2c51e02dca0b118fb73c_map-1-1024x627.png 1024w, https:\/\/design.crysound.com\/wp-content\/uploads\/2025\/05\/668e2c51e02dca0b118fb73c_map-1-768x470.png 768w, https:\/\/design.crysound.com\/wp-content\/uploads\/2025\/05\/668e2c51e02dca0b118fb73c_map-1-1536x940.png 1536w\" sizes=\"(max-width: 1960px) 100vw, 1960px\" \/>\t\t\t\t\t\t\t\t\t\t\t\t\t\t\t<\/div>\n\t\t\t\t<\/div>\n\t\t<div class=\"elementor-element elementor-element-c84f9ac e-con-full e-flex e-con e-child\" data-id=\"c84f9ac\" data-element_type=\"container\" data-e-type=\"container\" data-settings=\"{&quot;ekit_has_onepagescroll_dot&quot;:&quot;yes&quot;}\">\n\t\t<div class=\"elementor-element elementor-element-ffe1235 e-con-full e-flex e-con e-child\" data-id=\"ffe1235\" data-element_type=\"container\" data-e-type=\"container\" data-settings=\"{&quot;ekit_has_onepagescroll_dot&quot;:&quot;yes&quot;}\">\n\t\t<div class=\"elementor-element elementor-element-6a3964b e-con-full e-flex e-con e-child\" data-id=\"6a3964b\" data-element_type=\"container\" data-e-type=\"container\" data-settings=\"{&quot;ekit_has_onepagescroll_dot&quot;:&quot;yes&quot;}\">\n\t\t\t\t<div class=\"elementor-element elementor-element-35f3e54 elementor-widget elementor-widget-image\" data-id=\"35f3e54\" data-element_type=\"widget\" data-e-type=\"widget\" data-settings=\"{&quot;ekit_we_effect_on&quot;:&quot;none&quot;}\" data-widget_type=\"image.default\">\n\t\t\t\t\t\t\t\t\t\t\t\t\t\t\t<img decoding=\"async\" width=\"94\" height=\"94\" src=\"https:\/\/design.crysound.com\/wp-content\/uploads\/2025\/05\/669884f1bf3665e3838a5023_1.png\" class=\"attachment-large size-large wp-image-271316\" alt=\"\" srcset=\"https:\/\/design.crysound.com\/wp-content\/uploads\/2025\/05\/669884f1bf3665e3838a5023_1.png 94w, https:\/\/design.crysound.com\/wp-content\/uploads\/2025\/05\/669884f1bf3665e3838a5023_1-50x50.png 50w\" sizes=\"(max-width: 94px) 100vw, 94px\" \/>\t\t\t\t\t\t\t\t\t\t\t\t\t\t\t<\/div>\n\t\t\t\t<\/div>\n\t\t<div class=\"elementor-element elementor-element-265c38f e-con-full e-flex e-con e-child\" data-id=\"265c38f\" data-element_type=\"container\" data-e-type=\"container\" data-settings=\"{&quot;ekit_has_onepagescroll_dot&quot;:&quot;yes&quot;}\">\n\t\t\t\t<div class=\"elementor-element elementor-element-531ef68 elementor-widget elementor-widget-heading\" data-id=\"531ef68\" data-element_type=\"widget\" data-e-type=\"widget\" data-settings=\"{&quot;ekit_we_effect_on&quot;:&quot;none&quot;}\" data-widget_type=\"heading.default\">\n\t\t\t\t\t<h2 class=\"elementor-heading-title elementor-size-default\">Hangzhou, Chine<\/h2>\t\t\t\t<\/div>\n\t\t\t\t<div class=\"elementor-element elementor-element-6f07f26 elementor-icon-list--layout-traditional elementor-list-item-link-full_width elementor-widget elementor-widget-icon-list\" data-id=\"6f07f26\" data-element_type=\"widget\" data-e-type=\"widget\" data-settings=\"{&quot;ekit_we_effect_on&quot;:&quot;none&quot;}\" data-widget_type=\"icon-list.default\">\n\t\t\t\t\t\t\t<ul class=\"elementor-icon-list-items\">\n\t\t\t\t\t\t\t<li class=\"elementor-icon-list-item\">\n\t\t\t\t\t\t\t\t\t\t<span class=\"elementor-icon-list-text\">N\u00b0 10 Xianqiao Rd, dist. de Yuhang, Hangzhou, Chine<\/span>\n\t\t\t\t\t\t\t\t\t<\/li>\n\t\t\t\t\t\t\t\t<li class=\"elementor-icon-list-item\">\n\t\t\t\t\t\t\t\t\t\t<span class=\"elementor-icon-list-text\">T\u00e9l.&nbsp;: +86-571-88225128<br \/>E-mail&nbsp;: info@crysound.com<\/span>\n\t\t\t\t\t\t\t\t\t<\/li>\n\t\t\t\t\t\t<\/ul>\n\t\t\t\t\t\t<\/div>\n\t\t\t\t<\/div>\n\t\t\t\t<\/div>\n\t\t<div class=\"elementor-element elementor-element-65e47b6 e-con-full e-flex e-con e-child\" data-id=\"65e47b6\" data-element_type=\"container\" data-e-type=\"container\" data-settings=\"{&quot;ekit_has_onepagescroll_dot&quot;:&quot;yes&quot;}\">\n\t\t<div class=\"elementor-element elementor-element-c85ebc5 e-con-full e-flex e-con e-child\" data-id=\"c85ebc5\" data-element_type=\"container\" data-e-type=\"container\" data-settings=\"{&quot;ekit_has_onepagescroll_dot&quot;:&quot;yes&quot;}\">\n\t\t\t\t<div class=\"elementor-element elementor-element-76fa61b elementor-widget elementor-widget-image\" data-id=\"76fa61b\" data-element_type=\"widget\" data-e-type=\"widget\" data-settings=\"{&quot;ekit_we_effect_on&quot;:&quot;none&quot;}\" data-widget_type=\"image.default\">\n\t\t\t\t\t\t\t\t\t\t\t\t\t\t\t<img decoding=\"async\" width=\"94\" height=\"94\" src=\"https:\/\/design.crysound.com\/wp-content\/uploads\/2025\/05\/669884f177f79444c6c7ebbe_2.png\" class=\"attachment-large size-large wp-image-271317\" alt=\"\" srcset=\"https:\/\/design.crysound.com\/wp-content\/uploads\/2025\/05\/669884f177f79444c6c7ebbe_2.png 94w, https:\/\/design.crysound.com\/wp-content\/uploads\/2025\/05\/669884f177f79444c6c7ebbe_2-50x50.png 50w\" sizes=\"(max-width: 94px) 100vw, 94px\" \/>\t\t\t\t\t\t\t\t\t\t\t\t\t\t\t<\/div>\n\t\t\t\t<\/div>\n\t\t<div class=\"elementor-element elementor-element-99b2cc4 e-con-full e-flex e-con e-child\" data-id=\"99b2cc4\" data-element_type=\"container\" data-e-type=\"container\" data-settings=\"{&quot;ekit_has_onepagescroll_dot&quot;:&quot;yes&quot;}\">\n\t\t\t\t<div class=\"elementor-element elementor-element-042823d elementor-widget elementor-widget-heading\" data-id=\"042823d\" data-element_type=\"widget\" data-e-type=\"widget\" data-settings=\"{&quot;ekit_we_effect_on&quot;:&quot;none&quot;}\" data-widget_type=\"heading.default\">\n\t\t\t\t\t<h2 class=\"elementor-heading-title elementor-size-default\">Texas, \u00c9tats-Unis\n<\/h2>\t\t\t\t<\/div>\n\t\t\t\t<div class=\"elementor-element elementor-element-924fcb8 elementor-icon-list--layout-traditional elementor-list-item-link-full_width elementor-widget elementor-widget-icon-list\" data-id=\"924fcb8\" data-element_type=\"widget\" data-e-type=\"widget\" data-settings=\"{&quot;ekit_we_effect_on&quot;:&quot;none&quot;}\" data-widget_type=\"icon-list.default\">\n\t\t\t\t\t\t\t<ul class=\"elementor-icon-list-items\">\n\t\t\t\t\t\t\t<li class=\"elementor-icon-list-item\">\n\t\t\t\t\t\t\t\t\t\t<span class=\"elementor-icon-list-text\">515 S Fry Rd, Suite A-221, Katy, TX 77450<\/span>\n\t\t\t\t\t\t\t\t\t<\/li>\n\t\t\t\t\t\t\t\t<li class=\"elementor-icon-list-item\">\n\t\t\t\t\t\t\t\t\t\t<span class=\"elementor-icon-list-text\">T\u00e9l.&nbsp;: +1-877-215-7752<br \/>E-mail&nbsp;: info@crysound.com<\/span>\n\t\t\t\t\t\t\t\t\t<\/li>\n\t\t\t\t\t\t<\/ul>\n\t\t\t\t\t\t<\/div>\n\t\t\t\t<\/div>\n\t\t\t\t<\/div>\n\t\t<div class=\"elementor-element elementor-element-4d0ebce e-con-full e-flex e-con e-child\" data-id=\"4d0ebce\" data-element_type=\"container\" data-e-type=\"container\" data-settings=\"{&quot;ekit_has_onepagescroll_dot&quot;:&quot;yes&quot;}\">\n\t\t<div class=\"elementor-element elementor-element-c3fea96 e-con-full e-flex e-con e-child\" data-id=\"c3fea96\" data-element_type=\"container\" data-e-type=\"container\" data-settings=\"{&quot;ekit_has_onepagescroll_dot&quot;:&quot;yes&quot;}\">\n\t\t\t\t<div class=\"elementor-element elementor-element-8cf9980 elementor-widget elementor-widget-image\" data-id=\"8cf9980\" data-element_type=\"widget\" data-e-type=\"widget\" data-settings=\"{&quot;ekit_we_effect_on&quot;:&quot;none&quot;}\" data-widget_type=\"image.default\">\n\t\t\t\t\t\t\t\t\t\t\t\t\t\t\t<img loading=\"lazy\" decoding=\"async\" width=\"83\" height=\"97\" src=\"https:\/\/design.crysound.com\/wp-content\/uploads\/2025\/07\/668e2c51e02dca0b118fb73c_map-1.png\" class=\"attachment-large size-large wp-image-271318\" alt=\"\" \/>\t\t\t\t\t\t\t\t\t\t\t\t\t\t\t<\/div>\n\t\t\t\t<\/div>\n\t\t<div class=\"elementor-element elementor-element-cac4750 e-con-full e-flex e-con e-child\" data-id=\"cac4750\" data-element_type=\"container\" data-e-type=\"container\" data-settings=\"{&quot;ekit_has_onepagescroll_dot&quot;:&quot;yes&quot;}\">\n\t\t\t\t<div class=\"elementor-element elementor-element-fd5ca17 elementor-widget elementor-widget-heading\" data-id=\"fd5ca17\" data-element_type=\"widget\" data-e-type=\"widget\" data-settings=\"{&quot;ekit_we_effect_on&quot;:&quot;none&quot;}\" data-widget_type=\"heading.default\">\n\t\t\t\t\t<h2 class=\"elementor-heading-title elementor-size-default\">Dongguan, Chine\n<\/h2>\t\t\t\t<\/div>\n\t\t\t\t<div class=\"elementor-element elementor-element-a13c1d7 elementor-icon-list--layout-traditional elementor-list-item-link-full_width elementor-widget elementor-widget-icon-list\" data-id=\"a13c1d7\" data-element_type=\"widget\" data-e-type=\"widget\" data-settings=\"{&quot;ekit_we_effect_on&quot;:&quot;none&quot;}\" data-widget_type=\"icon-list.default\">\n\t\t\t\t\t\t\t<ul class=\"elementor-icon-list-items\">\n\t\t\t\t\t\t\t<li class=\"elementor-icon-list-item\">\n\t\t\t\t\t\t\t\t\t\t<span class=\"elementor-icon-list-text\">7F, B\u00e2t. B1, Songshan Lake Intelligent Valley, Minfu Rd, Liaobu Town, Dongguan, Chine<\/span>\n\t\t\t\t\t\t\t\t\t<\/li>\n\t\t\t\t\t\t\t\t<li class=\"elementor-icon-list-item\">\n\t\t\t\t\t\t\t\t\t\t<span class=\"elementor-icon-list-text\">T\u00e9l.&nbsp;: +86-769-21688120<br \/>E-mail&nbsp;: info@crysound.com<\/span>\n\t\t\t\t\t\t\t\t\t<\/li>\n\t\t\t\t\t\t<\/ul>\n\t\t\t\t\t\t<\/div>\n\t\t\t\t<\/div>\n\t\t\t\t<\/div>\n\t\t\t\t<\/div>\n\t\t\t\t<\/div>\n\t\t\t\t\t<\/div>\n\t\t\t\t<\/div>\n\t\t\t\t<\/div>\n\t\t","protected":false},"excerpt":{"rendered":"<p>Contacter le support Remplissez le formulaire ci-dessous pour contacter notre \u00e9quipe d\u2019assistance. Nous r\u00e9pondrons \u00e0 votre demande dans un d\u00e9lai d\u2019un jour ouvrable. Sites Hangzhou, Chine N\u00b0 10 Xianqiao Rd, dist. de Yuhang, Hangzhou, Chine T\u00e9l.&nbsp;: +86-571-88225128E-mail&nbsp;: info@crysound.com Texas, \u00c9tats-Unis 515 S Fry Rd, Suite A-221, Katy, TX 77450 T\u00e9l.&nbsp;: +1-877-215-7752E-mail&nbsp;: info@crysound.com Dongguan, Chine 7F, [&hellip;]<\/p>\n","protected":false},"author":1,"featured_media":0,"parent":0,"menu_order":0,"comment_status":"closed","ping_status":"closed","template":"elementor_header_footer","meta":{"_acf_changed":false,"_eb_attr":"","content-type":"","footnotes":""},"class_list":["post-274286","page","type-page","status-publish","hentry"],"blocksy_meta":[],"acf":[],"_links":{"self":[{"href":"https:\/\/design.crysound.com\/fr\/wp-json\/wp\/v2\/pages\/274286","targetHints":{"allow":["GET"]}}],"collection":[{"href":"https:\/\/design.crysound.com\/fr\/wp-json\/wp\/v2\/pages"}],"about":[{"href":"https:\/\/design.crysound.com\/fr\/wp-json\/wp\/v2\/types\/page"}],"author":[{"embeddable":true,"href":"https:\/\/design.crysound.com\/fr\/wp-json\/wp\/v2\/users\/1"}],"replies":[{"embeddable":true,"href":"https:\/\/design.crysound.com\/fr\/wp-json\/wp\/v2\/comments?post=274286"}],"version-history":[{"count":2,"href":"https:\/\/design.crysound.com\/fr\/wp-json\/wp\/v2\/pages\/274286\/revisions"}],"predecessor-version":[{"id":275332,"href":"https:\/\/design.crysound.com\/fr\/wp-json\/wp\/v2\/pages\/274286\/revisions\/275332"}],"wp:attachment":[{"href":"https:\/\/design.crysound.com\/fr\/wp-json\/wp\/v2\/media?parent=274286"}],"curies":[{"name":"wp","href":"https:\/\/api.w.org\/{rel}","templated":true}]}}