{"id":271488,"date":"2025-12-18T07:41:54","date_gmt":"2025-12-18T07:41:54","guid":{"rendered":"https:\/\/www.crysound.com\/sinscrire\/"},"modified":"2026-03-07T04:56:31","modified_gmt":"2026-03-07T04:56:31","slug":"sinscrire","status":"publish","type":"page","link":"https:\/\/design.crysound.com\/fr\/sinscrire\/","title":{"rendered":"S'inscrire"},"content":{"rendered":"\t\t<div data-elementor-type=\"wp-page\" data-elementor-id=\"271488\" class=\"elementor elementor-271488 elementor-265834\" data-elementor-post-type=\"page\">\n\t\t\t\t<div class=\"elementor-element elementor-element-16c0d1b e-flex e-con-boxed e-con e-parent\" data-id=\"16c0d1b\" data-element_type=\"container\" data-e-type=\"container\" data-settings=\"{&quot;ekit_has_onepagescroll_dot&quot;:&quot;yes&quot;}\">\n\t\t\t\t\t<div class=\"e-con-inner\">\n\t\t\t\t<div class=\"elementor-element elementor-element-860544c elementor-widget elementor-widget-shortcode\" data-id=\"860544c\" data-element_type=\"widget\" data-e-type=\"widget\" data-settings=\"{&quot;ekit_we_effect_on&quot;:&quot;none&quot;}\" data-widget_type=\"shortcode.default\">\n\t\t\t\t\t\t\t<div class=\"elementor-shortcode\">        <div class=\"casdoor-login-container\">\n            <div class=\"casdoor-login-form\">\n                <h1 class=\"casdoor-login-title\">Se connecter \/ S'inscrire<\/h1>\n                \n                <form id=\"casdoor-register-step1-form\" method=\"post\" data-hs-ignore=\"true\">\n                    <!-- \u9690\u85cf\u7684 nonce \u5b57\u6bb5\u4f5c\u4e3a\u964d\u7ea7\u65b9\u6848 -->\n                    <input type=\"hidden\" name=\"casdoor_nonce\" value=\"37091ca9e9\">\n                    \n                    <div class=\"casdoor-form-group\">\n                        <label for=\"casdoor-email\">\n                            <span class=\"casdoor-label-pc\">E-mail<\/span>\n                            <span class=\"casdoor-label-mobile\">Adresse e-mail<\/span>\n                        <\/label>\n                        <input type=\"email\" id=\"casdoor-email\" name=\"email\" required \n                               placeholder=\"E-mail\">\n                        <p class=\"email-hint\" style=\"margin: 8px 0 0 0; font-size: 14px; line-height: 20px; font-weight: 300; color: #888888 !important;\">Nous avons envoy\u00e9 un lien magique \u00e0 votre adresse e-mail. Veuillez cliquer sur le lien dans l'e-mail pour continuer.<\/p>\n                    <\/div>\n                    \n                    <div id=\"casdoor-email-info\" class=\"casdoor-email-info\" style=\"display: none;\">\n                        <p class=\"register-desc\">\u2713 E-mail envoy\u00e9&nbsp;! V\u00e9rifiez votre bo\u00eete de r\u00e9ception pour un lien de v\u00e9rification et cliquez dessus pour continuer l'inscription.<\/p>\n                    <\/div>\n                    \n                    <button type=\"submit\" class=\"casdoor-auth-login-button\" id=\"register-step1-submit\">\n                        <span class=\"casdoor-login-text\">Envoyer l'e-mail<\/span>\n                        <svg class=\"casdoor-login-arrow\" xmlns=\"http:\/\/www.w3.org\/2000\/svg\" width=\"13\" height=\"13\" viewBox=\"0 0 13 13\" fill=\"none\">\n                            <path d=\"M0.599609 6.43343H12.2663M12.2663 6.43343L6.43294 0.600098M12.2663 6.43343L6.43294 12.2668\" stroke=\"white\" stroke-width=\"1.2\" stroke-linecap=\"round\" stroke-linejoin=\"round\"\/>\n                        <\/svg>\n                    <\/button>\n                    \n                    <div class=\"privacy-checkbox\">\n                        <input type=\"checkbox\" name=\"privacy_agree\" id=\"privacy-agree\" required>\n                        <label for=\"privacy-agree\">J'ai lu et j'accepte la Politique de confidentialit\u00e9 et les Conditions d'utilisation<\/label>\n                    <\/div>\n                    \n                    <a href=\"https:\/\/design.crysound.com\/fr\/privacy\/\" class=\"privacy-link\">Politique de confidentialit\u00e9<\/a>\n                <\/form>\n            <\/div>\n        <\/div>\n        <\/div>\n\t\t\t\t\t\t<\/div>\n\t\t\t\t\t<\/div>\n\t\t\t\t<\/div>\n\t\t\t\t<\/div>\n\t\t","protected":false},"excerpt":{"rendered":"","protected":false},"author":1,"featured_media":0,"parent":0,"menu_order":0,"comment_status":"closed","ping_status":"closed","template":"elementor_header_footer","meta":{"_acf_changed":false,"_eb_attr":"","content-type":"","footnotes":""},"class_list":["post-271488","page","type-page","status-publish","hentry"],"blocksy_meta":[],"acf":[],"_links":{"self":[{"href":"https:\/\/design.crysound.com\/fr\/wp-json\/wp\/v2\/pages\/271488","targetHints":{"allow":["GET"]}}],"collection":[{"href":"https:\/\/design.crysound.com\/fr\/wp-json\/wp\/v2\/pages"}],"about":[{"href":"https:\/\/design.crysound.com\/fr\/wp-json\/wp\/v2\/types\/page"}],"author":[{"embeddable":true,"href":"https:\/\/design.crysound.com\/fr\/wp-json\/wp\/v2\/users\/1"}],"replies":[{"embeddable":true,"href":"https:\/\/design.crysound.com\/fr\/wp-json\/wp\/v2\/comments?post=271488"}],"version-history":[{"count":0,"href":"https:\/\/design.crysound.com\/fr\/wp-json\/wp\/v2\/pages\/271488\/revisions"}],"wp:attachment":[{"href":"https:\/\/design.crysound.com\/fr\/wp-json\/wp\/v2\/media?parent=271488"}],"curies":[{"name":"wp","href":"https:\/\/api.w.org\/{rel}","templated":true}]}}